{"id":584733,"date":"2025-03-04T10:25:56","date_gmt":"2025-03-04T09:25:56","guid":{"rendered":"https:\/\/shop.kustom.ch\/?post_type=product&#038;p=584733"},"modified":"2026-03-31T08:44:01","modified_gmt":"2026-03-31T07:44:01","slug":"kombihose","status":"publish","type":"product","link":"https:\/\/shop.kustom.ch\/fr\/produit\/kombihose\/","title":{"rendered":"Pantalon combin\u00e9"},"content":{"rendered":"<p>Attendez-vous au meilleur et vous serez toujours surpris par le confort et la fonctionnalit\u00e9 de cette combinaison sans manches. Le dos \u00e9lastique assure la libert\u00e9 de mouvement et les nombreuses solutions de poches dans le pantalon permettent de ranger les pinceaux et autres objets utiles. Quatre poches \u00e0 clous d\u00e9tach\u00e9es renforc\u00e9es et une poche \u00e0 pinceaux. Deux poches fixes \u00e0 soufflet \u00e0 l'avant sous les poches \u00e0 clous d\u00e9tach\u00e9es. R\u00e9glable au niveau des coutures d'\u00e9paule.<\/p>\n<p>D\u00c9TAILS : boucle de marteau sur le c\u00f4t\u00e9. Couture int\u00e9rieure de la jambe avec triple couture. \u00c9paules r\u00e9glables. FERMETURE AVANT : Fermeture \u00e0 glissi\u00e8re m\u00e9tallique \u00e0 double sens dissimul\u00e9e. FONCTIONNALIT\u00c9 : Stretch dans le dos. CARACTERISTIQUES PRINCIPALES : Peintre. Messieurs. EN 14004. TISSU : Hommes. Gris. Poches \u00e0 clous. Peintre. POSSIBILIT\u00c9S : Porte-couteau renforc\u00e9. Poches poitrine \u00e0 suspendre avec boutons-pression et sangles de s\u00e9curit\u00e9, une avec rabat et une avec poche stylo, boutons brevet\u00e9s et porte-couteau. Poches pour genouill\u00e8res. Poches \u00e0 clous - avec compartiments pour tournevis et boucles pour outils, qui peuvent \u00eatre ins\u00e9r\u00e9es dans les poches avant \u00e0 soufflet. Poches avant avec soufflet. CONDITIONS DE LAVAGE : S\u00e8che-linge - bas. RENFORCEMENT : Renforc\u00e9 en CORDURA\u00ae au niveau des genoux. CERTIFICATION : EN 14404:2004+A1:2010 avec genouill\u00e8res 4027, 4057, 4058 et 4032.<\/p>\n<p>100% Coton, serg\u00e9, 320 g\/m<\/p>","protected":false},"excerpt":{"rendered":"<p>Erwarten Sie das Beste und Sie werden immer noch von dem Komfort und der Funktionalit\u00e4t dieses \u00e4rmellosen Overall \u00fcberrascht sein. Der elastische R\u00fccken sorgt f\u00fcr Bewegungsfreiheit und die vielen Taschenl\u00f6sungen in der Hose bieten Platz f\u00fcr Pinsel und andere n\u00fctzliche Dinge. Vier verst\u00e4rkte lose Nageltaschen und eine Pinseltasche. Zwei feste Taschen mit Balg vorne unter [&hellip;]<\/p>\n","protected":false},"featured_media":584750,"template":"","meta":[],"product_brand":[],"product_cat":[10454],"product_tag":[],"class_list":{"0":"post-584733","1":"product","2":"type-product","3":"status-publish","4":"has-post-thumbnail","6":"product_cat-overalls","7":"pa_brand-blaklaeder","8":"pa_brand-type-workwear","9":"pa_filter-color-grau","10":"pa_filter-color-weiss","12":"first","13":"instock","14":"sale","15":"taxable","16":"shipping-taxable","17":"purchasable","18":"product-type-variable","19":"add-to-wishlist-before_image"},"exclude_global_add_ons":[],"addons":[],"acf":[],"_links":{"self":[{"href":"https:\/\/shop.kustom.ch\/fr\/wp-json\/wp\/v2\/product\/584733"}],"collection":[{"href":"https:\/\/shop.kustom.ch\/fr\/wp-json\/wp\/v2\/product"}],"about":[{"href":"https:\/\/shop.kustom.ch\/fr\/wp-json\/wp\/v2\/types\/product"}],"wp:featuredmedia":[{"embeddable":true,"href":"https:\/\/shop.kustom.ch\/fr\/wp-json\/wp\/v2\/media\/584750"}],"wp:attachment":[{"href":"https:\/\/shop.kustom.ch\/fr\/wp-json\/wp\/v2\/media?parent=584733"}],"wp:term":[{"taxonomy":"product_brand","embeddable":true,"href":"https:\/\/shop.kustom.ch\/fr\/wp-json\/wp\/v2\/product_brand?post=584733"},{"taxonomy":"product_cat","embeddable":true,"href":"https:\/\/shop.kustom.ch\/fr\/wp-json\/wp\/v2\/product_cat?post=584733"},{"taxonomy":"product_tag","embeddable":true,"href":"https:\/\/shop.kustom.ch\/fr\/wp-json\/wp\/v2\/product_tag?post=584733"}],"curies":[{"name":"wp","href":"https:\/\/api.w.org\/{rel}","templated":true}]}}