{"id":584676,"date":"2025-03-04T10:25:14","date_gmt":"2025-03-04T09:25:14","guid":{"rendered":"https:\/\/shop.kustom.ch\/?post_type=product&#038;p=584676"},"modified":"2025-03-04T10:26:26","modified_gmt":"2025-03-04T09:26:26","slug":"gecko-sicherheitsschuh-4","status":"publish","type":"product","link":"https:\/\/shop.kustom.ch\/fr\/produit\/gecko-sicherheitsschuh-4\/","title":{"rendered":"Chaussure de s\u00e9curit\u00e9 Gecko"},"content":{"rendered":"<p>Une chaussure de qualit\u00e9 non-m\u00e9tallique compos\u00e9e d'une tige textile tr\u00e8s r\u00e9sistante avec des fils r\u00e9fl\u00e9chissants et des renforts KPU au niveau des orteils et du talon. La semelle ext\u00e9rieure est en caoutchouc nitrile pour une durabilit\u00e9 maximale et la protection anti-perforation textile r\u00e9pond aux exigences s\u00e9v\u00e8res de la norme EN 22568-4 pour les clous de 3 mm. L'embout de protection est fabriqu\u00e9 en composite. La semelle int\u00e9rieure, de forme anatomique pour un confort optimal, est en PU souple et poss\u00e8de un dessus en textile avec une bonne absorption de l'humidit\u00e9. Ces chaussures sont particuli\u00e8rement adapt\u00e9es aux travaux en plein air dans les domaines de la construction, du transport, de l'entretien, de la r\u00e9paration et de l'utilisation de machines. Forme pour femmes dans les pointures 35-39.<\/p>\n<p>MAT\u00c9RIAU DE PROTECTION : Textile PS. FONCTIONNALIT\u00c9 : Semelle int\u00e9rieure respirante. DOUBLURE : Polyester. MAT\u00c9RIAU DE LA SEMELLE INT\u00c9RIEURE : Textile, PU souple. PARTIE SUP\u00c9RIEURE : Mat\u00e9riau en tissu. FORME DU COUPLE : Large. TISSU : noir. R\u00e9sistant \u00e0 l'eau. MAT\u00c9RIAU DE LA PROTECTION DES DOIGTS : composite. CERTIFICATION : EN ISO 20345:2011 S3 SRC HRO ESD<\/p>","protected":false},"excerpt":{"rendered":"<p>Ein metallfreier Qualit\u00e4tsschuh aus einem sehr robusten Textilobermaterial mit reflektierenden F\u00e4den und KPU-Verst\u00e4rkungen an der Zehen- und Fersenkappe. Die Laufsohle besteht aus Nitrilkautschuk f\u00fcr maximale Haltbarkeit und der textile Durchtrittsschutz erf\u00fcllt die harten Anforderungen der EN 22568-4 f\u00fcr 3 mm N\u00e4gel. Die Zehenschutzkappe ist aus Komposit gefertigt. Die, f\u00fcr optimalen Komfort, anatomisch geformte Innensohle besteht [&hellip;]<\/p>\n","protected":false},"featured_media":584707,"template":"","meta":[],"product_brand":[],"product_cat":[9643,4197],"product_tag":[],"class_list":{"0":"post-584676","1":"product","2":"type-product","3":"status-publish","4":"has-post-thumbnail","6":"product_cat-equipment","7":"product_cat-schuhe-sandalen","8":"pa_brand-blaklaeder","9":"pa_brand-type-workwear","10":"pa_filter-color-schwarz","12":"first","13":"instock","14":"sale","15":"taxable","16":"shipping-taxable","17":"purchasable","18":"product-type-variable","19":"add-to-wishlist-before_image"},"exclude_global_add_ons":[],"addons":[],"acf":[],"_links":{"self":[{"href":"https:\/\/shop.kustom.ch\/fr\/wp-json\/wp\/v2\/product\/584676"}],"collection":[{"href":"https:\/\/shop.kustom.ch\/fr\/wp-json\/wp\/v2\/product"}],"about":[{"href":"https:\/\/shop.kustom.ch\/fr\/wp-json\/wp\/v2\/types\/product"}],"wp:featuredmedia":[{"embeddable":true,"href":"https:\/\/shop.kustom.ch\/fr\/wp-json\/wp\/v2\/media\/584707"}],"wp:attachment":[{"href":"https:\/\/shop.kustom.ch\/fr\/wp-json\/wp\/v2\/media?parent=584676"}],"wp:term":[{"taxonomy":"product_brand","embeddable":true,"href":"https:\/\/shop.kustom.ch\/fr\/wp-json\/wp\/v2\/product_brand?post=584676"},{"taxonomy":"product_cat","embeddable":true,"href":"https:\/\/shop.kustom.ch\/fr\/wp-json\/wp\/v2\/product_cat?post=584676"},{"taxonomy":"product_tag","embeddable":true,"href":"https:\/\/shop.kustom.ch\/fr\/wp-json\/wp\/v2\/product_tag?post=584676"}],"curies":[{"name":"wp","href":"https:\/\/api.w.org\/{rel}","templated":true}]}}