{"id":584657,"date":"2025-03-04T10:25:10","date_gmt":"2025-03-04T09:25:10","guid":{"rendered":"https:\/\/shop.kustom.ch\/?post_type=product&#038;p=584657"},"modified":"2026-03-31T08:42:47","modified_gmt":"2026-03-31T07:42:47","slug":"gecko-sicherheitsstiefel","status":"publish","type":"product","link":"https:\/\/shop.kustom.ch\/fr\/produit\/gecko-sicherheitsstiefel\/","title":{"rendered":"Bottes de s\u00e9curit\u00e9 Gecko"},"content":{"rendered":"<p>Une botte de qualit\u00e9 en microfibre r\u00e9sistante et confortable, avec une protection int\u00e9grale en KPU qui r\u00e9siste aux environnements difficiles. La solution Freelock permet d'enfiler et d'enlever la botte facilement et confortablement. La semelle ext\u00e9rieure est en caoutchouc nitrile pour une durabilit\u00e9 maximale et la protection anti-perforation textile r\u00e9pond aux exigences strictes de la norme EN 22568-4 pour les clous de 3 mm. L'embout de protection est fabriqu\u00e9 en composite. La semelle int\u00e9rieure, de forme anatomique pour un confort optimal, est fabriqu\u00e9e en PU souple et poss\u00e8de une tige en textile qui absorbe bien l'humidit\u00e9. Ces bottes sont particuli\u00e8rement adapt\u00e9es aux travaux en plein air dans les domaines de la construction, du transport, de l'entretien, de la r\u00e9paration et de l'utilisation de machines. Formes pour femmes dans les pointures 35-39.<\/p>\n<p>MAT\u00c9RIAU DE PROTECTION CONTRE LA PIRATERIE : PS textile. FONCTIONNALIT\u00c9 : Freelock. DOUBLURE : Polyester. MAT\u00c9RIAU DE LA SEMELLE INT\u00c9RIEURE : textile, PU souple. Dessus : microfibre. FORME DU COUPLE : Large. TISSU : Unisexe. Noir. ESD (PROTECTION CONTRE LES CHOCS \u00c9LECTRIQUES). MAT\u00c9RIAU DE LA COUVERTURE : Composite. CERTIFICATION : EN ISO 20345:2011 S3 SRC HRO ESD<\/p>","protected":false},"excerpt":{"rendered":"<p>Ein Qualit\u00e4tsstiefel aus strapazierf\u00e4higer, bequemer Mikrofaser mit einem Rundumschutz aus KPU, der in rauen Umgebungen standh\u00e4lt. Die Freelock-L\u00f6sung macht das An- und Ausziehen des Stiefels einfach und bequem. Die Laufsohle besteht aus Nitrilkautschuk f\u00fcr maximale Haltbarkeit, und der textile Durchtrittschutz erf\u00fcllt die strengen Anforderungen der EN 22568-4 f\u00fcr 3 mm N\u00e4gel. Die Zehenschutzkappe ist aus [&hellip;]<\/p>\n","protected":false},"featured_media":584706,"template":"","meta":[],"product_brand":[],"product_cat":[9643,4197],"product_tag":[],"class_list":{"0":"post-584657","1":"product","2":"type-product","3":"status-publish","4":"has-post-thumbnail","6":"product_cat-equipment","7":"product_cat-schuhe-sandalen","8":"pa_brand-blaklaeder","9":"pa_brand-type-workwear","10":"pa_filter-color-gelb","11":"pa_filter-color-rot","12":"pa_filter-color-schwarz","14":"first","15":"instock","16":"sale","17":"taxable","18":"shipping-taxable","19":"purchasable","20":"product-type-variable","21":"add-to-wishlist-before_image"},"exclude_global_add_ons":[],"addons":[],"acf":[],"_links":{"self":[{"href":"https:\/\/shop.kustom.ch\/fr\/wp-json\/wp\/v2\/product\/584657"}],"collection":[{"href":"https:\/\/shop.kustom.ch\/fr\/wp-json\/wp\/v2\/product"}],"about":[{"href":"https:\/\/shop.kustom.ch\/fr\/wp-json\/wp\/v2\/types\/product"}],"wp:featuredmedia":[{"embeddable":true,"href":"https:\/\/shop.kustom.ch\/fr\/wp-json\/wp\/v2\/media\/584706"}],"wp:attachment":[{"href":"https:\/\/shop.kustom.ch\/fr\/wp-json\/wp\/v2\/media?parent=584657"}],"wp:term":[{"taxonomy":"product_brand","embeddable":true,"href":"https:\/\/shop.kustom.ch\/fr\/wp-json\/wp\/v2\/product_brand?post=584657"},{"taxonomy":"product_cat","embeddable":true,"href":"https:\/\/shop.kustom.ch\/fr\/wp-json\/wp\/v2\/product_cat?post=584657"},{"taxonomy":"product_tag","embeddable":true,"href":"https:\/\/shop.kustom.ch\/fr\/wp-json\/wp\/v2\/product_tag?post=584657"}],"curies":[{"name":"wp","href":"https:\/\/api.w.org\/{rel}","templated":true}]}}