{"id":584617,"date":"2025-03-04T10:23:57","date_gmt":"2025-03-04T09:23:57","guid":{"rendered":"https:\/\/shop.kustom.ch\/?post_type=product&#038;p=584617"},"modified":"2026-03-31T08:42:41","modified_gmt":"2026-03-31T07:42:41","slug":"gecko-sicherheitsschuh-3","status":"publish","type":"product","link":"https:\/\/shop.kustom.ch\/fr\/produit\/gecko-sicherheitsschuh-3\/","title":{"rendered":"Chaussure de s\u00e9curit\u00e9 Gecko"},"content":{"rendered":"<p>Une chaussure de s\u00e9curit\u00e9 a\u00e9r\u00e9e avec des inserts en mesh sur les c\u00f4t\u00e9s pour garder les pieds au frais par temps chaud et sec ou \u00e0 l'int\u00e9rieur. La tige est en textile r\u00e9sistant et est dot\u00e9e d'une protection int\u00e9grale en KPU pour r\u00e9sister aux environnements difficiles. La solution Freelock permet d'enfiler et d'enlever les chaussures facilement et confortablement. L'embout de protection est fabriqu\u00e9 en composite. La semelle ext\u00e9rieure est en caoutchouc nitrile pour une durabilit\u00e9 maximale et la protection anti-perforation textile r\u00e9pond aux exigences strictes de la norme EN 22568-4 pour les clous de 3 mm. La semelle int\u00e9rieure, de forme anatomique pour un confort optimal, est compos\u00e9e d'un mat\u00e9riau PU souple et d'un dessus textile avec une bonne absorption de l'humidit\u00e9. Ces chaussures sont particuli\u00e8rement adapt\u00e9es aux travaux dans les domaines de la construction, du transport, de l'entretien, de la r\u00e9paration et de l'utilisation de machines. Forme pour femmes dans les pointures 35-39.<\/p>\n<p>MAT\u00c9RIAU DE PROTECTION : Textile PS. FONCTIONNALIT\u00c9 : Semelle int\u00e9rieure respirante. DOUBLURE : Polyester. MAT\u00c9RIAU DE LA SEMELLE INT\u00c9RIEURE : Textile, PU souple. PARTIE SUP\u00c9RIEURE : Mat\u00e9riau en tissu. FORME DU COUPLE : Large. TISSU : Unisexe. Jaune. ESD (PROTECTION CONTRE LES CHOCS \u00c9LECTRIQUES). MAT\u00c9RIAU DE LA PROTECTION DES DOIGTS : Composite. CERTIFICATION : EN ISO 20345:2011 S1 P SRC HRO ESD<\/p>","protected":false},"excerpt":{"rendered":"<p>Ein luftiger Sicherheitsschuh mit Mesh-Eins\u00e4tzen an den Seiten, um die F\u00fcsse bei warmen und trockenen Wetterbedingungen oder in Innenr\u00e4umen k\u00fchl zu halten. Das Obermaterial besteht aus strapazierf\u00e4higem Textil und ist mit einem Rundumschutz aus KPU versehen, um harten Umgebungen standzuhalten. Die Freelock-L\u00f6sung macht das An- und Ausziehen der Schuhe einfach und bequem. Die Zehenschutzkappe ist [&hellip;]<\/p>\n","protected":false},"featured_media":584650,"template":"","meta":[],"product_brand":[],"product_cat":[9643,4197],"product_tag":[],"class_list":{"0":"post-584617","1":"product","2":"type-product","3":"status-publish","4":"has-post-thumbnail","6":"product_cat-equipment","7":"product_cat-schuhe-sandalen","8":"pa_brand-blaklaeder","9":"pa_brand-type-workwear","10":"pa_filter-color-gelb","11":"pa_filter-color-rot","12":"pa_filter-color-schwarz","14":"first","15":"instock","16":"sale","17":"taxable","18":"shipping-taxable","19":"purchasable","20":"product-type-variable","21":"add-to-wishlist-before_image"},"exclude_global_add_ons":[],"addons":[],"acf":[],"_links":{"self":[{"href":"https:\/\/shop.kustom.ch\/fr\/wp-json\/wp\/v2\/product\/584617"}],"collection":[{"href":"https:\/\/shop.kustom.ch\/fr\/wp-json\/wp\/v2\/product"}],"about":[{"href":"https:\/\/shop.kustom.ch\/fr\/wp-json\/wp\/v2\/types\/product"}],"wp:featuredmedia":[{"embeddable":true,"href":"https:\/\/shop.kustom.ch\/fr\/wp-json\/wp\/v2\/media\/584650"}],"wp:attachment":[{"href":"https:\/\/shop.kustom.ch\/fr\/wp-json\/wp\/v2\/media?parent=584617"}],"wp:term":[{"taxonomy":"product_brand","embeddable":true,"href":"https:\/\/shop.kustom.ch\/fr\/wp-json\/wp\/v2\/product_brand?post=584617"},{"taxonomy":"product_cat","embeddable":true,"href":"https:\/\/shop.kustom.ch\/fr\/wp-json\/wp\/v2\/product_cat?post=584617"},{"taxonomy":"product_tag","embeddable":true,"href":"https:\/\/shop.kustom.ch\/fr\/wp-json\/wp\/v2\/product_tag?post=584617"}],"curies":[{"name":"wp","href":"https:\/\/api.w.org\/{rel}","templated":true}]}}