{"id":584581,"date":"2025-03-04T10:23:17","date_gmt":"2025-03-04T09:23:17","guid":{"rendered":"https:\/\/shop.kustom.ch\/?post_type=product&#038;p=584581"},"modified":"2026-03-31T08:42:40","modified_gmt":"2026-03-31T07:42:40","slug":"gecko-sicherheitsschuh-2","status":"publish","type":"product","link":"https:\/\/shop.kustom.ch\/fr\/produit\/gecko-sicherheitsschuh-2\/","title":{"rendered":"GECKO Chaussure de s\u00e9curit\u00e9"},"content":{"rendered":"<p>Une chaussure de qualit\u00e9 en microfibre, qui poss\u00e8de en outre une protection autour de la surface avec du KPU pour r\u00e9sister aux environnements difficiles. La fermeture Freelock facilite et simplifie l'enfilage et le retrait des chaussures. La semelle ext\u00e9rieure est en caoutchouc nitrile pour une durabilit\u00e9 optimale et la protection anti-perforation textile r\u00e9pond \u00e9galement aux exigences strictes de la norme EN 22568-4 avec des clous de 3 mm. L'embout de protection est en composite. La semelle int\u00e9rieure, con\u00e7ue de mani\u00e8re anatomique pour un confort optimal, est compos\u00e9e d'un mat\u00e9riau PU souple et d'une surface textile avec une bonne absorption de l'humidit\u00e9. La chaussure convient le mieux aux artisans dans les domaines de la construction, du transport, de l'entretien, de la r\u00e9paration et du service. Forme pour femmes dans les pointures 35-39.<\/p>\n<p>MAT\u00c9RIAU DE PROTECTION : PS textile. FONCTIONNALIT\u00c9 : Renfort au talon. DOUBLURE : Polyester. MAT\u00c9RIAU DE LA SEMELLE INT\u00c9RIEURE : textile, PU souple. Dessus : microfibre. FORME DU COUPLE : Large. TISSU : Unisexe. Jaune. ESD (PROTECTION CONTRE LES CHOCS \u00c9LECTRIQUES). MAT\u00c9RIAU DE LA COUVERTURE : Composite. CERTIFICATION : EN ISO 20345:2011 S3 SRC HRO ESD<\/p>","protected":false},"excerpt":{"rendered":"<p>Ein Qualit\u00e4tsschuh aus Mikrofaser, der zus\u00e4tzlich einen Schutz um die Oberfl\u00e4che herum mit KPU hat, um rauen Umgebungen Stand zu halten. Der Freelock-Verschluss erleichtert und vereinfacht das An- und Ausziehen der Schuhe. Die Laufsohle besteht aus Nitrilkautschuk f\u00fcr beste Haltbarkeit und der textile Durchtrittschutz erf\u00fcllt auch die harten Anforderungen der EN 22568-4 Norm mit 3 [&hellip;]<\/p>\n","protected":false},"featured_media":584628,"template":"","meta":[],"product_brand":[],"product_cat":[9643,4197],"product_tag":[],"class_list":{"0":"post-584581","1":"product","2":"type-product","3":"status-publish","4":"has-post-thumbnail","6":"product_cat-equipment","7":"product_cat-schuhe-sandalen","8":"pa_brand-blaklaeder","9":"pa_brand-type-workwear","10":"pa_filter-color-gelb","11":"pa_filter-color-orange","12":"pa_filter-color-rot","13":"pa_filter-color-schwarz","15":"first","16":"instock","17":"sale","18":"taxable","19":"shipping-taxable","20":"purchasable","21":"product-type-variable","22":"add-to-wishlist-before_image"},"exclude_global_add_ons":[],"addons":[],"acf":[],"_links":{"self":[{"href":"https:\/\/shop.kustom.ch\/fr\/wp-json\/wp\/v2\/product\/584581"}],"collection":[{"href":"https:\/\/shop.kustom.ch\/fr\/wp-json\/wp\/v2\/product"}],"about":[{"href":"https:\/\/shop.kustom.ch\/fr\/wp-json\/wp\/v2\/types\/product"}],"wp:featuredmedia":[{"embeddable":true,"href":"https:\/\/shop.kustom.ch\/fr\/wp-json\/wp\/v2\/media\/584628"}],"wp:attachment":[{"href":"https:\/\/shop.kustom.ch\/fr\/wp-json\/wp\/v2\/media?parent=584581"}],"wp:term":[{"taxonomy":"product_brand","embeddable":true,"href":"https:\/\/shop.kustom.ch\/fr\/wp-json\/wp\/v2\/product_brand?post=584581"},{"taxonomy":"product_cat","embeddable":true,"href":"https:\/\/shop.kustom.ch\/fr\/wp-json\/wp\/v2\/product_cat?post=584581"},{"taxonomy":"product_tag","embeddable":true,"href":"https:\/\/shop.kustom.ch\/fr\/wp-json\/wp\/v2\/product_tag?post=584581"}],"curies":[{"name":"wp","href":"https:\/\/api.w.org\/{rel}","templated":true}]}}