{"id":584564,"date":"2025-03-04T10:23:13","date_gmt":"2025-03-04T09:23:13","guid":{"rendered":"https:\/\/shop.kustom.ch\/?post_type=product&#038;p=584564"},"modified":"2026-03-31T08:42:35","modified_gmt":"2026-03-31T07:42:35","slug":"gecko-sicherheitsschuh","status":"publish","type":"product","link":"https:\/\/shop.kustom.ch\/fr\/produit\/gecko-sicherheitsschuh\/","title":{"rendered":"GECKO Chaussure de s\u00e9curit\u00e9"},"content":{"rendered":"<p>Une chaussure de qualit\u00e9 fabriqu\u00e9e \u00e0 partir d'une tige textile tr\u00e8s r\u00e9sistante avec des fils r\u00e9fl\u00e9chissants et des zones renforc\u00e9es en KPU au niveau des orteils et du talon. La fermeture Freelock facilite et simplifie l'enfilage et le retrait de la chaussure. La semelle ext\u00e9rieure est en caoutchouc nitrile pour une durabilit\u00e9 optimale et la protection anti-perforation textile r\u00e9pond \u00e9galement aux exigences s\u00e9v\u00e8res de la norme EN 22568-4 avec des clous de 3 mm. L'embout de protection est en composite. La semelle int\u00e9rieure, qui a \u00e9t\u00e9 d\u00e9velopp\u00e9e de mani\u00e8re anatomique pour un confort optimal, est compos\u00e9e d'un mat\u00e9riau PU souple et poss\u00e8de une surface textile avec une bonne absorption de l'humidit\u00e9. La chaussure convient le mieux au travail en ext\u00e9rieur dans les domaines de la construction, du transport, de l'entretien, de la r\u00e9paration et du service. Forme pour femmes dans les pointures 35-39.<\/p>\n<p>MAT\u00c9RIAU DE PROTECTION CONTRE LA PIRATERIE : PS textile. FONCTIONNALIT\u00c9 : Test\u00e9 ESD (approuv\u00e9 par IEC 61340-5-1). DOUBLURE : polyester. MAT\u00c9RIAU DE LA SEMELLE INT\u00c9RIEURE : textile, PU souple. PARTIE SUP\u00c9RIEURE : Mat\u00e9riau en tissu. FORME DU COUPLE : Large. TISSU : Unisexe. Noir. R\u00e9sistant \u00e0 l'eau. MAT\u00c9RIAU DE PROTECTION DES DOIGTS : Composite. CERTIFICATION : EN ISO 20345:2011 S3 SRC HRO ESD<\/p>","protected":false},"excerpt":{"rendered":"<p>Ein Qualit\u00e4tsschuh aus einem sehr starken textilen Obermaterial mit reflektierenden F\u00e4den und KPU-verst\u00e4rkten Zehen- und Fersenbereichen. Der Freelock-Verschluss erleichtert und vereinfacht das An- und Ausziehen des Schuhs. Die Laufsohle besteht aus Nitrilkautschuk f\u00fcr beste Haltbarkeit und der textile Durchtrittschutz erf\u00fcllt auch die harten Anforderungen der EN 22568-4 Norm mit 3 mm N\u00e4geln. Die Zehenschutzkappe besteht [&hellip;]<\/p>\n","protected":false},"featured_media":584627,"template":"","meta":[],"product_brand":[],"product_cat":[9643,4197],"product_tag":[],"class_list":{"0":"post-584564","1":"product","2":"type-product","3":"status-publish","4":"has-post-thumbnail","6":"product_cat-equipment","7":"product_cat-schuhe-sandalen","8":"pa_brand-blaklaeder","9":"pa_brand-type-workwear","10":"pa_filter-color-schwarz","12":"first","13":"instock","14":"sale","15":"taxable","16":"shipping-taxable","17":"purchasable","18":"product-type-variable","19":"add-to-wishlist-before_image"},"exclude_global_add_ons":[],"addons":[],"acf":[],"_links":{"self":[{"href":"https:\/\/shop.kustom.ch\/fr\/wp-json\/wp\/v2\/product\/584564"}],"collection":[{"href":"https:\/\/shop.kustom.ch\/fr\/wp-json\/wp\/v2\/product"}],"about":[{"href":"https:\/\/shop.kustom.ch\/fr\/wp-json\/wp\/v2\/types\/product"}],"wp:featuredmedia":[{"embeddable":true,"href":"https:\/\/shop.kustom.ch\/fr\/wp-json\/wp\/v2\/media\/584627"}],"wp:attachment":[{"href":"https:\/\/shop.kustom.ch\/fr\/wp-json\/wp\/v2\/media?parent=584564"}],"wp:term":[{"taxonomy":"product_brand","embeddable":true,"href":"https:\/\/shop.kustom.ch\/fr\/wp-json\/wp\/v2\/product_brand?post=584564"},{"taxonomy":"product_cat","embeddable":true,"href":"https:\/\/shop.kustom.ch\/fr\/wp-json\/wp\/v2\/product_cat?post=584564"},{"taxonomy":"product_tag","embeddable":true,"href":"https:\/\/shop.kustom.ch\/fr\/wp-json\/wp\/v2\/product_tag?post=584564"}],"curies":[{"name":"wp","href":"https:\/\/api.w.org\/{rel}","templated":true}]}}