{"id":584563,"date":"2025-03-04T10:23:13","date_gmt":"2025-03-04T09:23:13","guid":{"rendered":"https:\/\/shop.kustom.ch\/?post_type=product&#038;p=584563"},"modified":"2025-03-04T10:24:23","modified_gmt":"2025-03-04T09:24:23","slug":"einlegesohle-fuer-normalfuss","status":"publish","type":"product","link":"https:\/\/shop.kustom.ch\/fr\/produit\/einlegesohle-fuer-normalfuss\/","title":{"rendered":"Semelle int\u00e9rieure pour pied normal"},"content":{"rendered":"<p>Semelle int\u00e9rieure d\u00e9velopp\u00e9e pour le pied normal et avec un amorti moyen. Cette semelle soutient la zone du talon et la stabilisation de l'articulation du pied.<\/p>\n<p>FONCTIONNALIT\u00c9 : R\u00e9duit la sur-extension. Amortissement des chocs. FORME : cambrure normale. TISSU : Unisexe. Bleu. CONDITIONNEMENT : Livr\u00e9 par paire<\/p>\n<p>EVA, TPU<\/p>","protected":false},"excerpt":{"rendered":"<p>Einlegesohle entwickelt f\u00fcr den normalen Fuss und mit mittlerer D\u00e4mpfung. Diese Sohle unterst\u00fctzt den Fersenbereich und die Stabilisierung des Fussgelenks. FUNKTIONALIT\u00c4T: Reduziert \u00dcberdehnung. Stossd\u00e4mpfung. PASSFORM: Normale W\u00f6lbung. STOFF: Unisex. blau. VERPACKUNG: Lieferung paarweise EVA, TPU<\/p>","protected":false},"featured_media":584589,"template":"","meta":[],"product_brand":[],"product_cat":[9643,4197],"product_tag":[],"class_list":{"0":"post-584563","1":"product","2":"type-product","3":"status-publish","4":"has-post-thumbnail","6":"product_cat-equipment","7":"product_cat-schuhe-sandalen","8":"pa_brand-blaklaeder","9":"pa_brand-type-workwear","10":"pa_filter-color-blau","12":"first","13":"instock","14":"sale","15":"taxable","16":"shipping-taxable","17":"purchasable","18":"product-type-variable","19":"add-to-wishlist-before_image"},"exclude_global_add_ons":[],"addons":[],"acf":[],"_links":{"self":[{"href":"https:\/\/shop.kustom.ch\/fr\/wp-json\/wp\/v2\/product\/584563"}],"collection":[{"href":"https:\/\/shop.kustom.ch\/fr\/wp-json\/wp\/v2\/product"}],"about":[{"href":"https:\/\/shop.kustom.ch\/fr\/wp-json\/wp\/v2\/types\/product"}],"wp:featuredmedia":[{"embeddable":true,"href":"https:\/\/shop.kustom.ch\/fr\/wp-json\/wp\/v2\/media\/584589"}],"wp:attachment":[{"href":"https:\/\/shop.kustom.ch\/fr\/wp-json\/wp\/v2\/media?parent=584563"}],"wp:term":[{"taxonomy":"product_brand","embeddable":true,"href":"https:\/\/shop.kustom.ch\/fr\/wp-json\/wp\/v2\/product_brand?post=584563"},{"taxonomy":"product_cat","embeddable":true,"href":"https:\/\/shop.kustom.ch\/fr\/wp-json\/wp\/v2\/product_cat?post=584563"},{"taxonomy":"product_tag","embeddable":true,"href":"https:\/\/shop.kustom.ch\/fr\/wp-json\/wp\/v2\/product_tag?post=584563"}],"curies":[{"name":"wp","href":"https:\/\/api.w.org\/{rel}","templated":true}]}}