{"id":584541,"date":"2025-03-04T10:22:37","date_gmt":"2025-03-04T09:22:37","guid":{"rendered":"https:\/\/shop.kustom.ch\/?post_type=product&#038;p=584541"},"modified":"2026-03-31T08:42:25","modified_gmt":"2026-03-31T07:42:25","slug":"asphalt-sicherheitsstiefel","status":"publish","type":"product","link":"https:\/\/shop.kustom.ch\/fr\/produit\/asphalt-sicherheitsstiefel\/","title":{"rendered":"Bottes de s\u00e9curit\u00e9 ASPHALT"},"content":{"rendered":"<p>Une botte sp\u00e9cialement con\u00e7ue pour le travail sur l'asphalte. Elle est fabriqu\u00e9e en cuir solide et durable avec une semelle ext\u00e9rieure lisse en caoutchouc nitrile qui peut supporter des temp\u00e9ratures allant jusqu'\u00e0 300\u00b0C. Un film de protection contre la chaleur se trouve \u00e0 l'int\u00e9rieur de la semelle et la protection anti-perforation est en textile doux. La semelle int\u00e9rieure avec soutien anatomique est compos\u00e9e d'un mat\u00e9riau PU lisse recouvert d'une surface textile avec une bonne absorption de l'humidit\u00e9. La fermeture Freelock, recouverte d'une languette en cuir et fix\u00e9e par deux sangles velcro, facilite le chaussage et le d\u00e9chaussage. Forme pour femmes dans les pointures 35-39. <\/p>\n<p>MAT\u00c9RIAU DE PROTECTION : Textile PL. FONCTIONNALIT\u00c9 : Freelock. DOUBLURE : Polyester. MAT\u00c9RIAU DE LA SEMELLE INT\u00c9RIEURE : textile, PU souple. Dessus : Cuir pleine fleur. FORME DU COUPLE : Large. TISSU : Unisexe. Noir. R\u00e9sistant \u00e0 l'eau. MAT\u00c9RIAU DE LA PROTECTION DES DOIGTS : Composite. CERTIFICATION : EN ISO 20345:2011 S2 P HRO HI SRA<\/p>","protected":false},"excerpt":{"rendered":"<p>Ein speziell f\u00fcr die Arbeit mit Asphalt gefertigter Stiefel. Er besteht aus einem starken, haltbaren Leder mit einer glatten Aussensohle aus Nitrilkautschuk, die Temperaturen bis zu 300\u00b0C aushalten kann. Im Inneren der Sohle befindet sich eine Hitzeschutzfolie und der Durchtrittschutz ist aus weichem Textil. Die Innensohle mit anatomischer Unterst\u00fctzung besteht aus einem glatten PU-Material, das [&hellip;]<\/p>\n","protected":false},"featured_media":584587,"template":"","meta":[],"product_brand":[],"product_cat":[9643,4197],"product_tag":[],"class_list":{"0":"post-584541","1":"product","2":"type-product","3":"status-publish","4":"has-post-thumbnail","6":"product_cat-equipment","7":"product_cat-schuhe-sandalen","8":"pa_brand-blaklaeder","9":"pa_brand-type-workwear","10":"pa_filter-color-schwarz","12":"first","13":"instock","14":"sale","15":"taxable","16":"shipping-taxable","17":"purchasable","18":"product-type-variable","19":"add-to-wishlist-before_image"},"exclude_global_add_ons":[],"addons":[],"acf":[],"_links":{"self":[{"href":"https:\/\/shop.kustom.ch\/fr\/wp-json\/wp\/v2\/product\/584541"}],"collection":[{"href":"https:\/\/shop.kustom.ch\/fr\/wp-json\/wp\/v2\/product"}],"about":[{"href":"https:\/\/shop.kustom.ch\/fr\/wp-json\/wp\/v2\/types\/product"}],"wp:featuredmedia":[{"embeddable":true,"href":"https:\/\/shop.kustom.ch\/fr\/wp-json\/wp\/v2\/media\/584587"}],"wp:attachment":[{"href":"https:\/\/shop.kustom.ch\/fr\/wp-json\/wp\/v2\/media?parent=584541"}],"wp:term":[{"taxonomy":"product_brand","embeddable":true,"href":"https:\/\/shop.kustom.ch\/fr\/wp-json\/wp\/v2\/product_brand?post=584541"},{"taxonomy":"product_cat","embeddable":true,"href":"https:\/\/shop.kustom.ch\/fr\/wp-json\/wp\/v2\/product_cat?post=584541"},{"taxonomy":"product_tag","embeddable":true,"href":"https:\/\/shop.kustom.ch\/fr\/wp-json\/wp\/v2\/product_tag?post=584541"}],"curies":[{"name":"wp","href":"https:\/\/api.w.org\/{rel}","templated":true}]}}