{"id":584524,"date":"2025-03-04T10:22:33","date_gmt":"2025-03-04T09:22:33","guid":{"rendered":"https:\/\/shop.kustom.ch\/?post_type=product&#038;p=584524"},"modified":"2026-03-31T08:42:24","modified_gmt":"2026-03-31T07:42:24","slug":"schweisser-sicherheitsstiefel","status":"publish","type":"product","link":"https:\/\/shop.kustom.ch\/fr\/produit\/schweisser-sicherheitsstiefel\/","title":{"rendered":"Bottes de s\u00e9curit\u00e9 pour soudeurs"},"content":{"rendered":"<p>Une botte de soudeur en cuir r\u00e9sistant avec une semelle ext\u00e9rieure en caoutchouc nitrile qui r\u00e9siste \u00e0 des temp\u00e9ratures allant jusqu'\u00e0 300\u00b0C. Un bouclier thermique en feuille est int\u00e9gr\u00e9 dans la construction de la semelle. L'embout de protection est en composite et la protection anti-perforation est en textile. La solution Freelock facilite l'enfilage et le retrait de la botte et est recouverte et prot\u00e9g\u00e9e par une languette recouverte de cuir avec fermeture velcro. La semelle int\u00e9rieure, de forme anatomique pour un confort optimal, est fabriqu\u00e9e en PU souple et poss\u00e8de un dessus en textile qui absorbe bien l'humidit\u00e9. Forme pour femmes dans les pointures 35-39.<\/p>\n<p>MAT\u00c9RIAU DE PROTECTION : Textile PL. FONCTIONNALIT\u00c9 : Bord de tige rembourr\u00e9. DOUBLURE : Polyester. MAT\u00c9RIAU DE LA SEMELLE INT\u00c9RIEURE : Textile, PU souple. PARTIE SUP\u00c9RIEURE : Cuir pleine fleur. FORME DU COUPLE : Large. TISSU : Unisexe. Noir. R\u00e9sistant \u00e0 l'eau. MAT\u00c9RIAU DE LA PROTECTION DES DOIGTS : Composite. CERTIFICATION : EN ISO 20345:2011 S3 SRC HRO HI WG<\/p>","protected":false},"excerpt":{"rendered":"<p>Ein Schweisserstiefel aus strapazierf\u00e4higem Leder mit einer Laufsohle aus Nitrilkautschuk, die Temperaturen bis zu 300 \u00b0C standh\u00e4lt. Ein Folienhitzeschild ist in die Sohlenkonstruktion integriert. Die Zehenschutzkappe ist aus Komposit und der Durchtrittschutz aus einem Textilmaterial. Die Freelock-L\u00f6sung erleichtert das An- und Ausziehen des Stiefels und wird durch eine lederbezogene Zunge mit Klettverschluss abgedeckt und gesch\u00fctzt. [&hellip;]<\/p>\n","protected":false},"featured_media":584550,"template":"","meta":[],"product_brand":[],"product_cat":[9643,4197],"product_tag":[],"class_list":{"0":"post-584524","1":"product","2":"type-product","3":"status-publish","4":"has-post-thumbnail","6":"product_cat-equipment","7":"product_cat-schuhe-sandalen","8":"pa_brand-blaklaeder","9":"pa_brand-type-workwear","10":"pa_filter-color-schwarz","12":"first","13":"instock","14":"sale","15":"taxable","16":"shipping-taxable","17":"purchasable","18":"product-type-variable","19":"add-to-wishlist-before_image"},"exclude_global_add_ons":[],"addons":[],"acf":[],"_links":{"self":[{"href":"https:\/\/shop.kustom.ch\/fr\/wp-json\/wp\/v2\/product\/584524"}],"collection":[{"href":"https:\/\/shop.kustom.ch\/fr\/wp-json\/wp\/v2\/product"}],"about":[{"href":"https:\/\/shop.kustom.ch\/fr\/wp-json\/wp\/v2\/types\/product"}],"wp:featuredmedia":[{"embeddable":true,"href":"https:\/\/shop.kustom.ch\/fr\/wp-json\/wp\/v2\/media\/584550"}],"wp:attachment":[{"href":"https:\/\/shop.kustom.ch\/fr\/wp-json\/wp\/v2\/media?parent=584524"}],"wp:term":[{"taxonomy":"product_brand","embeddable":true,"href":"https:\/\/shop.kustom.ch\/fr\/wp-json\/wp\/v2\/product_brand?post=584524"},{"taxonomy":"product_cat","embeddable":true,"href":"https:\/\/shop.kustom.ch\/fr\/wp-json\/wp\/v2\/product_cat?post=584524"},{"taxonomy":"product_tag","embeddable":true,"href":"https:\/\/shop.kustom.ch\/fr\/wp-json\/wp\/v2\/product_tag?post=584524"}],"curies":[{"name":"wp","href":"https:\/\/api.w.org\/{rel}","templated":true}]}}