{"id":584503,"date":"2025-03-04T10:21:55","date_gmt":"2025-03-04T09:21:55","guid":{"rendered":"https:\/\/shop.kustom.ch\/?post_type=product&#038;p=584503"},"modified":"2026-03-31T08:42:23","modified_gmt":"2026-03-31T07:42:23","slug":"elite-winterstiefel-2","status":"publish","type":"product","link":"https:\/\/shop.kustom.ch\/fr\/produit\/elite-winterstiefel-2\/","title":{"rendered":"Bottes d'hiver Elite"},"content":{"rendered":"<p>Une botte d'hiver haute en cuir de haute qualit\u00e9 avec une membrane qui garde vos pieds au chaud et au sec pendant les froides journ\u00e9es d'hiver. Avec une protection anti-perforation en textile, un embout de protection en aluminium et des zones renforc\u00e9es en TPU au niveau des orteils et du talon, cette chaussure r\u00e9siste aux environnements difficiles. Elle est dot\u00e9e d'une semelle ext\u00e9rieure en caoutchouc nitrile pour une durabilit\u00e9 maximale. La semelle int\u00e9rieure, con\u00e7ue de mani\u00e8re anatomique pour un confort optimal, est fabriqu\u00e9e en PU souple. Convient parfaitement aux travaux en ext\u00e9rieur dans les domaines de la construction, du transport, de la maintenance, de la r\u00e9paration et de l'utilisation de machines. Forme pour femmes dans les pointures 35-39.<\/p>\n<p>MAT\u00c9RIAU DE PROTECTION : Textile PL. FONCTIONNALIT\u00c9 : Semelle int\u00e9rieure respirante. DOUBLURE : Polyester. MAT\u00c9RIAU DE LA SEMELLE INT\u00c9RIEURE : Textile, PU souple. Dessus : Cuir pleine fleur. FORME DU COUPLE : Large. TISSU : Unisexe. Noir. ESD (PROTECTION CONTRE LES CHOCS \u00c9LECTRIQUES). SYMBOLS : Water proof 3. MAT\u00c9RIAU DE LA PROTECTION DES DOIGTS : Aluminium. CERTIFICATION : EN ISO 20345:2011 S3 SRC HRO WR CI ESD<\/p>","protected":false},"excerpt":{"rendered":"<p>Ein hoher Winterstiefel aus hochwertigem Leder mit einer Membran, die Ihre F\u00fcsse an kalten Wintertagen warm und trocken h\u00e4lt. Mit einem textilen Durchtrittschutz, einer Zehenschutzkappe aus Aluminium und TPU-verst\u00e4rktem Zehen- und Fersenbereich \u00fcbersteht dieser Schuh herausfordernde Umgebungen. Er hat eine Laufsohle aus Nitrilkautschuk f\u00fcr maximale Haltbarkeit. Die Innensohle, die anatomisch f\u00fcr den besten Komfort entwickelt [&hellip;]<\/p>\n","protected":false},"featured_media":584549,"template":"","meta":[],"product_brand":[],"product_cat":[9643,4197],"product_tag":[],"class_list":{"0":"post-584503","1":"product","2":"type-product","3":"status-publish","4":"has-post-thumbnail","6":"product_cat-equipment","7":"product_cat-schuhe-sandalen","8":"pa_brand-blaklaeder","9":"pa_brand-type-workwear","10":"pa_filter-color-schwarz","12":"first","13":"instock","14":"sale","15":"taxable","16":"shipping-taxable","17":"purchasable","18":"product-type-variable","19":"add-to-wishlist-before_image"},"exclude_global_add_ons":[],"addons":[],"acf":[],"_links":{"self":[{"href":"https:\/\/shop.kustom.ch\/fr\/wp-json\/wp\/v2\/product\/584503"}],"collection":[{"href":"https:\/\/shop.kustom.ch\/fr\/wp-json\/wp\/v2\/product"}],"about":[{"href":"https:\/\/shop.kustom.ch\/fr\/wp-json\/wp\/v2\/types\/product"}],"wp:featuredmedia":[{"embeddable":true,"href":"https:\/\/shop.kustom.ch\/fr\/wp-json\/wp\/v2\/media\/584549"}],"wp:attachment":[{"href":"https:\/\/shop.kustom.ch\/fr\/wp-json\/wp\/v2\/media?parent=584503"}],"wp:term":[{"taxonomy":"product_brand","embeddable":true,"href":"https:\/\/shop.kustom.ch\/fr\/wp-json\/wp\/v2\/product_brand?post=584503"},{"taxonomy":"product_cat","embeddable":true,"href":"https:\/\/shop.kustom.ch\/fr\/wp-json\/wp\/v2\/product_cat?post=584503"},{"taxonomy":"product_tag","embeddable":true,"href":"https:\/\/shop.kustom.ch\/fr\/wp-json\/wp\/v2\/product_tag?post=584503"}],"curies":[{"name":"wp","href":"https:\/\/api.w.org\/{rel}","templated":true}]}}