{"id":584486,"date":"2025-03-04T10:21:51","date_gmt":"2025-03-04T09:21:51","guid":{"rendered":"https:\/\/shop.kustom.ch\/?post_type=product&#038;p=584486"},"modified":"2026-03-31T08:42:22","modified_gmt":"2026-03-31T07:42:22","slug":"elite-winterstiefel","status":"publish","type":"product","link":"https:\/\/shop.kustom.ch\/fr\/produit\/elite-winterstiefel\/","title":{"rendered":"Bottes d'hiver ELITE"},"content":{"rendered":"<p>Une botte d'hiver haute avec une doublure en laine\/polyester, du cuir de la meilleure qualit\u00e9 et une membrane pour que vos pieds restent chauds et secs pendant les froides journ\u00e9es d'hiver. Dot\u00e9e d'une protection anti-perforation en textile, d'un embout de protection en aluminium et d'une protection renforc\u00e9e en TPU au niveau des orteils et du talon, cette chaussure vient \u00e0 bout des environnements difficiles sans probl\u00e8me. La semelle ext\u00e9rieure est en caoutchouc nitrile pour une durabilit\u00e9 maximale. La semelle int\u00e9rieure, con\u00e7ue de mani\u00e8re anatomique pour un confort optimal, est compos\u00e9e d'un mat\u00e9riau PU souple et est recouverte d'une doublure chaude. Cette chaussure convient le mieux au travail en ext\u00e9rieur dans les domaines de la construction, du transport, de la maintenance, de la r\u00e9paration et de l'utilisation de machines. Forme pour femmes dans les pointures 35-39.<\/p>\n<p>MAT\u00c9RIAU DE PROTECTION : Textile PL. FONCTIONNALIT\u00c9 : Renfort au talon. DOUBLURE : Laine\/polyester. MAT\u00c9RIAU DE LA SEMELLE INT\u00c9RIEURE : Textile, PU souple. PARTIE SUP\u00c9RIEURE : Cuir pleine fleur. FORME DU COUPLE : Large. TISSU : Unisexe. noir. imperm\u00e9able. SYMBOLES : Water proof 3. MAT\u00c9RIAU DE LA PROTECTION DES DOIGTS : Aluminium. CERTIFICATION : EN ISO 20345:2011 S3 SRC HRO WR CI ESD<\/p>","protected":false},"excerpt":{"rendered":"<p>Ein hoher Winterstiefel mit einem Futter aus Wolle\/Polyester, Leder der besten Qualit\u00e4t und einer Membran, damit Ihre F\u00fcsse an kalten Wintertagen warm und trocken bleiben. Mit einem textilen Durchtrittschutz, einer Zehenschutzkappe aus Aluminium und TPU-verst\u00e4rkter Zehen- und Fersenabdeckung, bew\u00e4ltigt dieser Schuh harte Umgebungen problemlos. Die Laufsohle besteht aus Nitrilkautschuk f\u00fcr maximale Haltbarkeit. Die Innensohle, die [&hellip;]<\/p>\n","protected":false},"featured_media":584512,"template":"","meta":[],"product_brand":[],"product_cat":[9643,4197],"product_tag":[],"class_list":{"0":"post-584486","1":"product","2":"type-product","3":"status-publish","4":"has-post-thumbnail","6":"product_cat-equipment","7":"product_cat-schuhe-sandalen","8":"pa_brand-blaklaeder","9":"pa_brand-type-workwear","10":"pa_filter-color-schwarz","12":"first","13":"instock","14":"sale","15":"taxable","16":"shipping-taxable","17":"purchasable","18":"product-type-variable","19":"add-to-wishlist-before_image"},"exclude_global_add_ons":[],"addons":[],"acf":[],"_links":{"self":[{"href":"https:\/\/shop.kustom.ch\/fr\/wp-json\/wp\/v2\/product\/584486"}],"collection":[{"href":"https:\/\/shop.kustom.ch\/fr\/wp-json\/wp\/v2\/product"}],"about":[{"href":"https:\/\/shop.kustom.ch\/fr\/wp-json\/wp\/v2\/types\/product"}],"wp:featuredmedia":[{"embeddable":true,"href":"https:\/\/shop.kustom.ch\/fr\/wp-json\/wp\/v2\/media\/584512"}],"wp:attachment":[{"href":"https:\/\/shop.kustom.ch\/fr\/wp-json\/wp\/v2\/media?parent=584486"}],"wp:term":[{"taxonomy":"product_brand","embeddable":true,"href":"https:\/\/shop.kustom.ch\/fr\/wp-json\/wp\/v2\/product_brand?post=584486"},{"taxonomy":"product_cat","embeddable":true,"href":"https:\/\/shop.kustom.ch\/fr\/wp-json\/wp\/v2\/product_cat?post=584486"},{"taxonomy":"product_tag","embeddable":true,"href":"https:\/\/shop.kustom.ch\/fr\/wp-json\/wp\/v2\/product_tag?post=584486"}],"curies":[{"name":"wp","href":"https:\/\/api.w.org\/{rel}","templated":true}]}}