{"id":584466,"date":"2025-03-04T10:21:11","date_gmt":"2025-03-04T09:21:11","guid":{"rendered":"https:\/\/shop.kustom.ch\/?post_type=product&#038;p=584466"},"modified":"2026-03-31T08:42:15","modified_gmt":"2026-03-31T07:42:15","slug":"elite-sicherheitsschuh-2","status":"publish","type":"product","link":"https:\/\/shop.kustom.ch\/fr\/produit\/elite-sicherheitsschuh-2\/","title":{"rendered":"Chaussure de s\u00e9curit\u00e9 ELITE"},"content":{"rendered":"<p>Une chaussure durable avec une membrane qui vous garde au sec dans les environnements humides. Cette chaussure est fabriqu\u00e9e en cuir lisse pleine fleur de haute qualit\u00e9 pour le meilleur confort possible. Avec un pare-clous en textile, un embout en aluminium et une zone renforc\u00e9e en TPU au niveau des orteils et du talon, cette chaussure est faite pour les conditions difficiles. La semelle int\u00e9rieure avec soutien anatomique est compos\u00e9e d'un mat\u00e9riau PU lisse recouvert d'une surface textile avec une bonne absorption de l'humidit\u00e9. La membrane vous garde au sec toute la journ\u00e9e et la fermeture Freelock facilite le chaussage et le d\u00e9chaussage. Cette chaussure convient bien aux artisans du b\u00e2timent, aux plombiers, aux \u00e9lectriciens et au personnel de maintenance. Forme pour femmes dans les pointures 35-39.<\/p>\n<p>MAT\u00c9RIEL DE PROTECTION CONTRE LA PIRATERIE : Textile PL. FONCTIONNALIT\u00c9 : Test\u00e9 ESD (approuv\u00e9 par IEC 61340-5-1). DOUBLURE : Polyester. MAT\u00c9RIAU DE LA SEMELLE INT\u00c9RIEURE : textile, PU souple. Dessus : enti\u00e8rement en cuir. FORME DU COUPLE : Large. TISSU : Unisexe. noir. imperm\u00e9able. SYMBOLES : Water proof 3. MAT\u00c9RIAU DE LA PROTECTION DES DOIGTS : Aluminium. CERTIFICATION : EN ISO 20345:2011 S3 SRC WR ESD<\/p>","protected":false},"excerpt":{"rendered":"<p>Ein haltbarer Schuh mit einer Membran, die Sie in nassen Umgebungen trocken h\u00e4lt. Dieser Schuh ist aus glattem, hochwertigem, vollnarbigem Leder f\u00fcr bestm\u00f6glichen Komfort gefertigt. Mit einem textilen Nageldurchtrittschutz, einer Aluminium-Zehenkappe und einem TPU-verst\u00e4rkten Zehen- und Fersenbereich ist der Schuh f\u00fcr anspruchsvolle Bedingungen gemacht. Die Innensohle mit anatomischer Unterst\u00fctzung besteht aus einem glatten PU-Material, das [&hellip;]<\/p>\n","protected":false},"featured_media":584511,"template":"","meta":[],"product_brand":[],"product_cat":[9643,4197],"product_tag":[],"class_list":{"0":"post-584466","1":"product","2":"type-product","3":"status-publish","4":"has-post-thumbnail","6":"product_cat-equipment","7":"product_cat-schuhe-sandalen","8":"pa_brand-blaklaeder","9":"pa_brand-type-workwear","10":"pa_filter-color-schwarz","12":"first","13":"instock","14":"sale","15":"taxable","16":"shipping-taxable","17":"purchasable","18":"product-type-variable","19":"add-to-wishlist-before_image"},"exclude_global_add_ons":[],"addons":[],"acf":[],"_links":{"self":[{"href":"https:\/\/shop.kustom.ch\/fr\/wp-json\/wp\/v2\/product\/584466"}],"collection":[{"href":"https:\/\/shop.kustom.ch\/fr\/wp-json\/wp\/v2\/product"}],"about":[{"href":"https:\/\/shop.kustom.ch\/fr\/wp-json\/wp\/v2\/types\/product"}],"wp:featuredmedia":[{"embeddable":true,"href":"https:\/\/shop.kustom.ch\/fr\/wp-json\/wp\/v2\/media\/584511"}],"wp:attachment":[{"href":"https:\/\/shop.kustom.ch\/fr\/wp-json\/wp\/v2\/media?parent=584466"}],"wp:term":[{"taxonomy":"product_brand","embeddable":true,"href":"https:\/\/shop.kustom.ch\/fr\/wp-json\/wp\/v2\/product_brand?post=584466"},{"taxonomy":"product_cat","embeddable":true,"href":"https:\/\/shop.kustom.ch\/fr\/wp-json\/wp\/v2\/product_cat?post=584466"},{"taxonomy":"product_tag","embeddable":true,"href":"https:\/\/shop.kustom.ch\/fr\/wp-json\/wp\/v2\/product_tag?post=584466"}],"curies":[{"name":"wp","href":"https:\/\/api.w.org\/{rel}","templated":true}]}}