{"id":584446,"date":"2025-03-04T10:21:06","date_gmt":"2025-03-04T09:21:06","guid":{"rendered":"https:\/\/shop.kustom.ch\/?post_type=product&#038;p=584446"},"modified":"2026-03-31T08:42:07","modified_gmt":"2026-03-31T07:42:07","slug":"elite-sicherheitsstiefel-s3","status":"publish","type":"product","link":"https:\/\/shop.kustom.ch\/fr\/produit\/elite-sicherheitsstiefel-s3\/","title":{"rendered":"Bottes de s\u00e9curit\u00e9 ELITE, S3"},"content":{"rendered":"<p>Botte de s\u00e9curit\u00e9 en cuir de la collection Elite de Bl\u00e5kl\u00e4der qui tient ses promesses. Cette botte haut de gamme \u00e0 la cheville garantit une tr\u00e8s grande durabilit\u00e9 et surtout la protection n\u00e9cessaire. La partie de la cheville en rembourrage souple assure une grande stabilit\u00e9, tandis que l'embout en aluminium, la semelle interm\u00e9diaire antiperforation souple et les parties des orteils et du talon prot\u00e9g\u00e9es par du TPU suppl\u00e9mentaire garantissent la s\u00e9curit\u00e9. La semelle int\u00e9rieure offre un soutien anatomique et se compose d'un mat\u00e9riau PU souple, recouvert de textile et pr\u00e9sentant une bonne absorption de l'humidit\u00e9. Des surfaces r\u00e9fl\u00e9chissantes se trouvent sur le talon et sur le c\u00f4t\u00e9. Convient parfaitement aux travaux en plein air dans les domaines de la construction, du transport, de la maintenance, de la r\u00e9paration et de l'utilisation de machines. Formes pour femmes dans les pointures 35-39. <\/p>\n<p>MAT\u00c9RIEL DE PROTECTION CONTRE LE TRANSPORT : Textile PL. FONCTIONNALIT\u00c9 : Propri\u00e9t\u00e9s antistatiques. DOUBLURE : Polyester. MAT\u00c9RIAU DE LA SEMELLE INT\u00c9RIEURE : Textile, PU souple. Dessus : Cuir trait\u00e9 \u00e0 l'huile. FORME DU COUPLE : Large. TISSU : Unisexe. Noir. ESD (PROTECTION CONTRE LES CHOCS \u00c9LECTRIQUES). MAT\u00c9RIAU DE LA COUVERTURE : aluminium. CERTIFICATION : EN ISO 20345:2011 S3 SRC ESD<\/p>","protected":false},"excerpt":{"rendered":"<p>Sicherheitsstiefel aus Leder aus der Elite Kollektion von Bl\u00e5kl\u00e4der, der h\u00e4lt, was er verspricht. Dieser kn\u00f6chelhohe Stiefel der Spitzenklasse garantiert eine sehr hohe Haltbarkeit und vor allem den notwendigen Schutz. Die Kn\u00f6chelpartie in weicher Polsterung sorgt f\u00fcr hohe Stabilit\u00e4t, w\u00e4hrend die Zehenkappe aus Aluminium, die weiche durchtrittsichere Zwischensohle und die extra TPU-gesch\u00fctzten Zehen- und Fersenteile [&hellip;]<\/p>\n","protected":false},"featured_media":584473,"template":"","meta":[],"product_brand":[],"product_cat":[9643,4197],"product_tag":[],"class_list":{"0":"post-584446","1":"product","2":"type-product","3":"status-publish","4":"has-post-thumbnail","6":"product_cat-equipment","7":"product_cat-schuhe-sandalen","8":"pa_brand-blaklaeder","9":"pa_brand-type-workwear","10":"pa_filter-color-schwarz","12":"first","13":"instock","14":"sale","15":"taxable","16":"shipping-taxable","17":"purchasable","18":"product-type-variable","19":"add-to-wishlist-before_image"},"exclude_global_add_ons":[],"addons":[],"acf":[],"_links":{"self":[{"href":"https:\/\/shop.kustom.ch\/fr\/wp-json\/wp\/v2\/product\/584446"}],"collection":[{"href":"https:\/\/shop.kustom.ch\/fr\/wp-json\/wp\/v2\/product"}],"about":[{"href":"https:\/\/shop.kustom.ch\/fr\/wp-json\/wp\/v2\/types\/product"}],"wp:featuredmedia":[{"embeddable":true,"href":"https:\/\/shop.kustom.ch\/fr\/wp-json\/wp\/v2\/media\/584473"}],"wp:attachment":[{"href":"https:\/\/shop.kustom.ch\/fr\/wp-json\/wp\/v2\/media?parent=584446"}],"wp:term":[{"taxonomy":"product_brand","embeddable":true,"href":"https:\/\/shop.kustom.ch\/fr\/wp-json\/wp\/v2\/product_brand?post=584446"},{"taxonomy":"product_cat","embeddable":true,"href":"https:\/\/shop.kustom.ch\/fr\/wp-json\/wp\/v2\/product_cat?post=584446"},{"taxonomy":"product_tag","embeddable":true,"href":"https:\/\/shop.kustom.ch\/fr\/wp-json\/wp\/v2\/product_tag?post=584446"}],"curies":[{"name":"wp","href":"https:\/\/api.w.org\/{rel}","templated":true}]}}