{"id":584424,"date":"2025-03-04T10:20:30","date_gmt":"2025-03-04T09:20:30","guid":{"rendered":"https:\/\/shop.kustom.ch\/?post_type=product&#038;p=584424"},"modified":"2026-03-31T08:42:06","modified_gmt":"2026-03-31T07:42:06","slug":"elite-sicherheitsschuh","status":"publish","type":"product","link":"https:\/\/shop.kustom.ch\/fr\/produit\/elite-sicherheitsschuh\/","title":{"rendered":"Chaussure de s\u00e9curit\u00e9 ELITE"},"content":{"rendered":"<p>Une chaussure de s\u00e9curit\u00e9 performante et tr\u00e8s durable avec fermeture Freelock de la collection Elite de Bl\u00e5kl\u00e4der. Cette chaussure est fabriqu\u00e9e en microfibre durable et lisse et prot\u00e8ge parfaitement le pied gr\u00e2ce \u00e0 un embout en aluminium, une protection souple contre la p\u00e9n\u00e9tration des ongles et une zone renforc\u00e9e en TPU au niveau des orteils et du talon. Des d\u00e9tails r\u00e9fl\u00e9chissants sur le c\u00f4t\u00e9 ainsi que sur le talon vous rendent, vous et vos chaussures, visibles en cas de besoin. La semelle int\u00e9rieure avec soutien anatomique est compos\u00e9e d'un mat\u00e9riau PU lisse, recouvert d'une surface textile avec une bonne absorption de l'humidit\u00e9. Ces chaussures conviennent bien aux artisans du b\u00e2timent, aux plombiers, aux \u00e9lectriciens et au personnel de maintenance. Forme pour femmes dans les pointures 35-39. <\/p>\n<p>MAT\u00c9RIAU DE PROTECTION : Textile PL. FONCTIONNALIT\u00c9 : Bord de tige rembourr\u00e9. DOUBLURE : Polyester. MAT\u00c9RIAU DE LA SEMELLE INT\u00c9RIEURE : Textile, PU souple. Dessus : microfibre. FORME DU COUPLE : Large. TISSU : Unisexe. noir. hydrofuge. MAT\u00c9RIAU DE LA PROTECTION DES DOIGTS : aluminium. CERTIFICATION : EN ISO 20345:2011 S3 SRC ESD<\/p>","protected":false},"excerpt":{"rendered":"<p>Ein leistungsstarker Sicherheitsschuh mit sehr hoher Haltbarkeit und Freelock-Verschluss aus der Elite Kollektion von Bl\u00e5kl\u00e4der. Dieser Schuh besteht aus einer haltbaren und glatten Mikrofaser und sch\u00fctzt den Fuss bestens mit einer Aluminium-Zehenkappe, einem weichen Nageldurchtrittsschutz und einem TPU-verst\u00e4rkten Zehen- und Fersenbereich. Reflektierende Details an der Seite sowie an der Ferse machen Sie und Ihre Schuhe [&hellip;]<\/p>\n","protected":false},"featured_media":584472,"template":"","meta":[],"product_brand":[],"product_cat":[9643,4197],"product_tag":[],"class_list":{"0":"post-584424","1":"product","2":"type-product","3":"status-publish","4":"has-post-thumbnail","6":"product_cat-equipment","7":"product_cat-schuhe-sandalen","8":"pa_brand-blaklaeder","9":"pa_brand-type-workwear","10":"pa_filter-color-schwarz","12":"first","13":"instock","14":"sale","15":"taxable","16":"shipping-taxable","17":"purchasable","18":"product-type-variable","19":"add-to-wishlist-before_image"},"exclude_global_add_ons":[],"addons":[],"acf":[],"_links":{"self":[{"href":"https:\/\/shop.kustom.ch\/fr\/wp-json\/wp\/v2\/product\/584424"}],"collection":[{"href":"https:\/\/shop.kustom.ch\/fr\/wp-json\/wp\/v2\/product"}],"about":[{"href":"https:\/\/shop.kustom.ch\/fr\/wp-json\/wp\/v2\/types\/product"}],"wp:featuredmedia":[{"embeddable":true,"href":"https:\/\/shop.kustom.ch\/fr\/wp-json\/wp\/v2\/media\/584472"}],"wp:attachment":[{"href":"https:\/\/shop.kustom.ch\/fr\/wp-json\/wp\/v2\/media?parent=584424"}],"wp:term":[{"taxonomy":"product_brand","embeddable":true,"href":"https:\/\/shop.kustom.ch\/fr\/wp-json\/wp\/v2\/product_brand?post=584424"},{"taxonomy":"product_cat","embeddable":true,"href":"https:\/\/shop.kustom.ch\/fr\/wp-json\/wp\/v2\/product_cat?post=584424"},{"taxonomy":"product_tag","embeddable":true,"href":"https:\/\/shop.kustom.ch\/fr\/wp-json\/wp\/v2\/product_tag?post=584424"}],"curies":[{"name":"wp","href":"https:\/\/api.w.org\/{rel}","templated":true}]}}