{"id":584408,"date":"2025-03-04T10:20:26","date_gmt":"2025-03-04T09:20:26","guid":{"rendered":"https:\/\/shop.kustom.ch\/?post_type=product&#038;p=584408"},"modified":"2026-03-31T08:42:05","modified_gmt":"2026-03-31T07:42:05","slug":"elite-sicherheitsschuh-s3","status":"publish","type":"product","link":"https:\/\/shop.kustom.ch\/fr\/produit\/elite-sicherheitsschuh-s3\/","title":{"rendered":"Chaussure de s\u00e9curit\u00e9 ELITE, S3"},"content":{"rendered":"<p>Chaussure de s\u00e9curit\u00e9 haute performance et tr\u00e8s durable de la collection Elite de Bl\u00e5kl\u00e4der. Cette chaussure est fabriqu\u00e9e en cuir naturel extr\u00eamement r\u00e9sistant et prot\u00e8ge le pied de mani\u00e8re optimale gr\u00e2ce \u00e0 un embout en aluminium, une semelle interm\u00e9diaire souple antiperforation et une protection suppl\u00e9mentaire en TPU au niveau des orteils et du talon. Des d\u00e9tails r\u00e9fl\u00e9chissants sur le c\u00f4t\u00e9 ainsi que sur le talon vous rendent, vous et vos chaussures, visibles en cas de besoin. La semelle int\u00e9rieure offre un soutien anatomique et se compose d'un mat\u00e9riau PU souple, recouvert de textile et pr\u00e9sentant une bonne absorption de l'humidit\u00e9, ce qui, combin\u00e9 \u00e0 la bonne respirabilit\u00e9 de la chaussure, donne une impression g\u00e9n\u00e9rale imbattable. Convient parfaitement aux travaux en plein air dans les domaines de la construction, du transport, de l'entretien, de la r\u00e9paration et de l'utilisation de machines. Forme pour femmes dans les pointures 35-39.<\/p>\n<p>MAT\u00c9RIEL DE PROTECTION CONTRE LE TRANSPORT : Textile PL. FONCTIONNALIT\u00c9 : Propri\u00e9t\u00e9s antistatiques. DOUBLURE : Polyester. MAT\u00c9RIAU DE LA SEMELLE INT\u00c9RIEURE : Textile, PU souple. Dessus : Cuir trait\u00e9 \u00e0 l'huile. FORME DU COUPLE : Large. TISSU : Unisexe. Noir. ESD (PROTECTION CONTRE LES CHOCS \u00c9LECTRIQUES). MAT\u00c9RIAU DE LA COUVERTURE : aluminium. CERTIFICATION : EN ISO 20345:2011 S3 SRC ESD<\/p>","protected":false},"excerpt":{"rendered":"<p>Hochleistungs-Sicherheitsschuh mit sehr hoher Haltbarkeit aus der Elite Kollektion von Bl\u00e5kl\u00e4der. Dieser Schuh ist aus extrem strapazierf\u00e4higem Naturleder gefertigt und sch\u00fctzt den Fuss durch eine Aluminium-Zehenkappe, eine weiche durchtrittsichere Zwischensohle und zus\u00e4tzlichen TPU-Schutz im Zehen- und Fersenbereich optimal. Reflektierende Details an der Seite sowie an der Ferse machen Sie und Ihre Schuhe bei Bedarf sichtbar. [&hellip;]<\/p>\n","protected":false},"featured_media":584436,"template":"","meta":[],"product_brand":[],"product_cat":[9643,4197],"product_tag":[],"class_list":{"0":"post-584408","1":"product","2":"type-product","3":"status-publish","4":"has-post-thumbnail","6":"product_cat-equipment","7":"product_cat-schuhe-sandalen","8":"pa_brand-blaklaeder","9":"pa_brand-type-workwear","10":"pa_filter-color-schwarz","12":"first","13":"instock","14":"sale","15":"taxable","16":"shipping-taxable","17":"purchasable","18":"product-type-variable","19":"add-to-wishlist-before_image"},"exclude_global_add_ons":[],"addons":[],"acf":[],"_links":{"self":[{"href":"https:\/\/shop.kustom.ch\/fr\/wp-json\/wp\/v2\/product\/584408"}],"collection":[{"href":"https:\/\/shop.kustom.ch\/fr\/wp-json\/wp\/v2\/product"}],"about":[{"href":"https:\/\/shop.kustom.ch\/fr\/wp-json\/wp\/v2\/types\/product"}],"wp:featuredmedia":[{"embeddable":true,"href":"https:\/\/shop.kustom.ch\/fr\/wp-json\/wp\/v2\/media\/584436"}],"wp:attachment":[{"href":"https:\/\/shop.kustom.ch\/fr\/wp-json\/wp\/v2\/media?parent=584408"}],"wp:term":[{"taxonomy":"product_brand","embeddable":true,"href":"https:\/\/shop.kustom.ch\/fr\/wp-json\/wp\/v2\/product_brand?post=584408"},{"taxonomy":"product_cat","embeddable":true,"href":"https:\/\/shop.kustom.ch\/fr\/wp-json\/wp\/v2\/product_cat?post=584408"},{"taxonomy":"product_tag","embeddable":true,"href":"https:\/\/shop.kustom.ch\/fr\/wp-json\/wp\/v2\/product_tag?post=584408"}],"curies":[{"name":"wp","href":"https:\/\/api.w.org\/{rel}","templated":true}]}}