{"id":584387,"date":"2025-03-04T10:19:52","date_gmt":"2025-03-04T09:19:52","guid":{"rendered":"https:\/\/shop.kustom.ch\/?post_type=product&#038;p=584387"},"modified":"2026-03-31T08:42:04","modified_gmt":"2026-03-31T07:42:04","slug":"elite-sicherheitssandale","status":"publish","type":"product","link":"https:\/\/shop.kustom.ch\/fr\/produit\/elite-sicherheitssandale\/","title":{"rendered":"Sandale de s\u00e9curit\u00e9 ELITE"},"content":{"rendered":"<p>Sandale ouverte avec une bonne capacit\u00e9 de protection de la collection Elite de Bl\u00e5kl\u00e4der. La semelle int\u00e9rieure est en cuir PU anatomiquement souple avec une bonne absorption de l'humidit\u00e9, ce qui, combin\u00e9 \u00e0 son design, rend cette sandale particuli\u00e8rement adapt\u00e9e au travail en int\u00e9rieur et en ext\u00e9rieur en \u00e9t\u00e9. La sandale s'ouvre et se ferme \u00e0 l'aide d'une fermeture velcro, elle est dot\u00e9e d'un embout de protection en aluminium et d'une semelle interm\u00e9diaire souple et antiperforation, ce qui la rend particuli\u00e8rement mobile. La sandale de s\u00e9curit\u00e9 convient le mieux aux travaux dans les domaines de la construction, du transport, de la maintenance, de la r\u00e9paration et de l'utilisation de machines. Formes pour femmes dans les pointures 35-39.<\/p>\n<p>MAT\u00c9RIAU DE PROTECTION : Textile PL. FONCTIONNALIT\u00c9 : Propri\u00e9t\u00e9s antistatiques. DOUBLURE : Polyester. MAT\u00c9RIAU DE LA SEMELLE INT\u00c9RIEURE : Textile, PU souple. Dessus : Cuir trait\u00e9 \u00e0 l'huile. FORME DU COUPLE : Large. TISSU : Unisexe. Noir. ESD (PROTECTION CONTRE LES CHOCS \u00c9LECTRIQUES). MAT\u00c9RIAU DE LA COUVERTURE : aluminium. CERTIFICATION : EN ISO 20345:2011 S1 P SRC ESD<\/p>","protected":false},"excerpt":{"rendered":"<p>Offene Sandale mit guter Schutzkapazit\u00e4t aus Bl\u00e5kl\u00e4ders Elite Kollektion. Die Innensohle besteht aus anatomisch weichem PU-Leder mit guter Feuchtigkeitsaufnahme, was die Sandale in Kombination mit ihrem Design besonders geeignet f\u00fcr die Arbeit im Innen- und Aussenbereich im Sommer macht. Die Sandale l\u00e4sst sich mit einem Klettverschluss \u00f6ffnen und schliessen, sie hat eine Zehenschutzkappe aus Aluminium [&hellip;]<\/p>\n","protected":false},"featured_media":584434,"template":"","meta":[],"product_brand":[],"product_cat":[9643,4197],"product_tag":[],"class_list":{"0":"post-584387","1":"product","2":"type-product","3":"status-publish","4":"has-post-thumbnail","6":"product_cat-equipment","7":"product_cat-schuhe-sandalen","8":"pa_brand-blaklaeder","9":"pa_brand-type-workwear","10":"pa_filter-color-schwarz","12":"first","13":"instock","14":"sale","15":"taxable","16":"shipping-taxable","17":"purchasable","18":"product-type-variable","19":"add-to-wishlist-before_image"},"exclude_global_add_ons":[],"addons":[],"acf":[],"_links":{"self":[{"href":"https:\/\/shop.kustom.ch\/fr\/wp-json\/wp\/v2\/product\/584387"}],"collection":[{"href":"https:\/\/shop.kustom.ch\/fr\/wp-json\/wp\/v2\/product"}],"about":[{"href":"https:\/\/shop.kustom.ch\/fr\/wp-json\/wp\/v2\/types\/product"}],"wp:featuredmedia":[{"embeddable":true,"href":"https:\/\/shop.kustom.ch\/fr\/wp-json\/wp\/v2\/media\/584434"}],"wp:attachment":[{"href":"https:\/\/shop.kustom.ch\/fr\/wp-json\/wp\/v2\/media?parent=584387"}],"wp:term":[{"taxonomy":"product_brand","embeddable":true,"href":"https:\/\/shop.kustom.ch\/fr\/wp-json\/wp\/v2\/product_brand?post=584387"},{"taxonomy":"product_cat","embeddable":true,"href":"https:\/\/shop.kustom.ch\/fr\/wp-json\/wp\/v2\/product_cat?post=584387"},{"taxonomy":"product_tag","embeddable":true,"href":"https:\/\/shop.kustom.ch\/fr\/wp-json\/wp\/v2\/product_tag?post=584387"}],"curies":[{"name":"wp","href":"https:\/\/api.w.org\/{rel}","templated":true}]}}