{"id":584352,"date":"2025-03-04T10:19:44","date_gmt":"2025-03-04T09:19:44","guid":{"rendered":"https:\/\/shop.kustom.ch\/?post_type=product&#038;p=584352"},"modified":"2026-03-31T08:41:54","modified_gmt":"2026-03-31T07:41:54","slug":"cradle-sicherheitsschuh-3","status":"publish","type":"product","link":"https:\/\/shop.kustom.ch\/fr\/produit\/cradle-sicherheitsschuh-3\/","title":{"rendered":"Chaussure de s\u00e9curit\u00e9 CRADLE"},"content":{"rendered":"<p>Une chaussure flexible avec une surface textile et une fermeture Freelock, ce qui facilite l'enfilage et le retrait rapide de la chaussure. L'embout de protection est en composite et renforc\u00e9 par du KPU, la protection anti-perforation est en textile et la semelle ext\u00e9rieure en caoutchouc. La semelle int\u00e9rieure, con\u00e7ue de mani\u00e8re anatomique pour un confort optimal, est compos\u00e9e d'un mat\u00e9riau PU souple et d'une surface textile avec une bonne absorption de l'humidit\u00e9. Cette chaussure convient le mieux aux travaux dans les domaines de l'entreposage, du service, de la logistique et de l'industrie. Forme pour femmes dans les pointures 35-39.<\/p>\n<p>MAT\u00c9RIAU DE PROTECTION : Textile PL. FONCTIONNALIT\u00c9 : Freelock. DOUBLURE : Polyester. MAT\u00c9RIAU DE LA SEMELLE INT\u00c9RIEURE : textile, PU souple. PARTIE SUP\u00c9RIEURE : Mat\u00e9riau en tissu. FORME DU COUPLE : Large. TISSU : Unisexe. Jaune haute visibilit\u00e9. ESD (PROTECTION CONTRE LES CHOCS \u00c9LECTRIQUES). MAT\u00c9RIAU DE LA COUVERTURE : Composite. CERTIFICATION : EN ISO 20345:2011 S1 P SRC ESD<\/p>","protected":false},"excerpt":{"rendered":"<p>Ein flexibler Schuh mit einer textilen Oberfl\u00e4che und einem Freelock-Verschluss, was das schnelle An- und Ausziehen des Schuhs vereinfacht. Die Zehenschutzkappe besteht aus Komposit und ist mit KPU verst\u00e4rkt, der Durchtrittschutz besteht aus einem textilen Material und die Laufsohle aus Gummi. Die Innensohle, die anatomisch f\u00fcr den besten Komfort entwickelt wurde, besteht aus einem weichen [&hellip;]<\/p>\n","protected":false},"featured_media":584391,"template":"","meta":[],"product_brand":[],"product_cat":[9643,4197],"product_tag":[],"class_list":{"0":"post-584352","1":"product","2":"type-product","3":"status-publish","4":"has-post-thumbnail","6":"product_cat-equipment","7":"product_cat-schuhe-sandalen","8":"pa_brand-blaklaeder","9":"pa_brand-type-workwear","10":"pa_filter-color-gelb","11":"pa_filter-color-grau","12":"pa_filter-color-schwarz","14":"first","15":"instock","16":"sale","17":"taxable","18":"shipping-taxable","19":"purchasable","20":"product-type-variable","21":"add-to-wishlist-before_image"},"exclude_global_add_ons":[],"addons":[],"acf":[],"_links":{"self":[{"href":"https:\/\/shop.kustom.ch\/fr\/wp-json\/wp\/v2\/product\/584352"}],"collection":[{"href":"https:\/\/shop.kustom.ch\/fr\/wp-json\/wp\/v2\/product"}],"about":[{"href":"https:\/\/shop.kustom.ch\/fr\/wp-json\/wp\/v2\/types\/product"}],"wp:featuredmedia":[{"embeddable":true,"href":"https:\/\/shop.kustom.ch\/fr\/wp-json\/wp\/v2\/media\/584391"}],"wp:attachment":[{"href":"https:\/\/shop.kustom.ch\/fr\/wp-json\/wp\/v2\/media?parent=584352"}],"wp:term":[{"taxonomy":"product_brand","embeddable":true,"href":"https:\/\/shop.kustom.ch\/fr\/wp-json\/wp\/v2\/product_brand?post=584352"},{"taxonomy":"product_cat","embeddable":true,"href":"https:\/\/shop.kustom.ch\/fr\/wp-json\/wp\/v2\/product_cat?post=584352"},{"taxonomy":"product_tag","embeddable":true,"href":"https:\/\/shop.kustom.ch\/fr\/wp-json\/wp\/v2\/product_tag?post=584352"}],"curies":[{"name":"wp","href":"https:\/\/api.w.org\/{rel}","templated":true}]}}