{"id":584333,"date":"2025-03-04T10:19:05","date_gmt":"2025-03-04T09:19:05","guid":{"rendered":"https:\/\/shop.kustom.ch\/?post_type=product&#038;p=584333"},"modified":"2026-03-31T08:41:53","modified_gmt":"2026-03-31T07:41:53","slug":"cradle-sicherheitsschuh-2","status":"publish","type":"product","link":"https:\/\/shop.kustom.ch\/fr\/produit\/cradle-sicherheitsschuh-2\/","title":{"rendered":"Chaussure de s\u00e9curit\u00e9 Cradle"},"content":{"rendered":"<p>Une chaussure de s\u00e9curit\u00e9 confortable et non-m\u00e9tallique avec une tige en textile. L'embout de protection est en composite et renforc\u00e9 par du KPU. La protection anti-perforation est en textile et la semelle ext\u00e9rieure en caoutchouc. La semelle int\u00e9rieure, de forme anatomique pour un confort optimal, est en PU souple et poss\u00e8de un dessus en textile avec une bonne absorption de l'humidit\u00e9. Cette chaussure est id\u00e9ale pour les travaux de stockage, de service, de logistique et industriels. Forme pour femmes dans les pointures 35-39.<\/p>\n<p>MAT\u00c9RIAU DE PROTECTION : Textile PL. FONCTIONNALIT\u00c9 : Sans m\u00e9tal. DOUBLURE : Polyester. MAT\u00c9RIAU DE LA SEMELLE INT\u00c9RIEURE : Textile, PU souple. PARTIE SUP\u00c9RIEURE : Mat\u00e9riau tiss\u00e9. FORME DU COUPLE : Large. TISSU : Jaune haute visibilit\u00e9. ESD (PROTECTION CONTRE LES CHOCS \u00c9LECTRIQUES). MAT\u00c9RIAU DE LA COUVERTURE : Composite. CERTIFICATION : EN ISO 20345:2011 S1 P SRC ESD<\/p>","protected":false},"excerpt":{"rendered":"<p>Ein bequemer, metallfreier Sicherheitsschuh mit einem Obermaterial aus Textil. Die Zehenschutzkappe ist aus Komposit und mit KPU verst\u00e4rkt. Der Durchtrittschutz besteht aus einem Textilmaterial und die Laufsohle aus Gummi. Die, f\u00fcr optimalen Komfort, anatomisch geformte Innensohle besteht aus weichem PU-Material und hat ein Obermaterial aus Textil mit guter Feuchtigkeitsaufnahme. Dieser Schuh ist ideal f\u00fcr Lager-, [&hellip;]<\/p>\n","protected":false},"featured_media":584390,"template":"","meta":[],"product_brand":[],"product_cat":[9643,4197],"product_tag":[],"class_list":{"0":"post-584333","1":"product","2":"type-product","3":"status-publish","4":"has-post-thumbnail","6":"product_cat-equipment","7":"product_cat-schuhe-sandalen","8":"pa_brand-blaklaeder","9":"pa_brand-type-workwear","10":"pa_filter-color-gelb","11":"pa_filter-color-grau","12":"pa_filter-color-schwarz","14":"first","15":"instock","16":"sale","17":"taxable","18":"shipping-taxable","19":"purchasable","20":"product-type-variable","21":"add-to-wishlist-before_image"},"exclude_global_add_ons":[],"addons":[],"acf":[],"_links":{"self":[{"href":"https:\/\/shop.kustom.ch\/fr\/wp-json\/wp\/v2\/product\/584333"}],"collection":[{"href":"https:\/\/shop.kustom.ch\/fr\/wp-json\/wp\/v2\/product"}],"about":[{"href":"https:\/\/shop.kustom.ch\/fr\/wp-json\/wp\/v2\/types\/product"}],"wp:featuredmedia":[{"embeddable":true,"href":"https:\/\/shop.kustom.ch\/fr\/wp-json\/wp\/v2\/media\/584390"}],"wp:attachment":[{"href":"https:\/\/shop.kustom.ch\/fr\/wp-json\/wp\/v2\/media?parent=584333"}],"wp:term":[{"taxonomy":"product_brand","embeddable":true,"href":"https:\/\/shop.kustom.ch\/fr\/wp-json\/wp\/v2\/product_brand?post=584333"},{"taxonomy":"product_cat","embeddable":true,"href":"https:\/\/shop.kustom.ch\/fr\/wp-json\/wp\/v2\/product_cat?post=584333"},{"taxonomy":"product_tag","embeddable":true,"href":"https:\/\/shop.kustom.ch\/fr\/wp-json\/wp\/v2\/product_tag?post=584333"}],"curies":[{"name":"wp","href":"https:\/\/api.w.org\/{rel}","templated":true}]}}