{"id":584294,"date":"2025-03-04T10:18:20","date_gmt":"2025-03-04T09:18:20","guid":{"rendered":"https:\/\/shop.kustom.ch\/?post_type=product&#038;p=584294"},"modified":"2026-03-31T08:41:47","modified_gmt":"2026-03-31T07:41:47","slug":"cradle-sicherheitsschuh","status":"publish","type":"product","link":"https:\/\/shop.kustom.ch\/fr\/produit\/cradle-sicherheitsschuh\/","title":{"rendered":"Chaussure de s\u00e9curit\u00e9 Cradle"},"content":{"rendered":"<p>Une chaussure de s\u00e9curit\u00e9 a\u00e9r\u00e9e avec des inserts en filet sur les c\u00f4t\u00e9s pour garder les pieds au frais par temps chaud et sec ou \u00e0 l'int\u00e9rieur. La solution Freelock facilite agr\u00e9ablement l'enfilage et le retrait des chaussures. La tige est en microfibre r\u00e9sistante. L'embout de protection est en composite et renforc\u00e9 par du KPU. La protection anti-perforation est en textile et la semelle ext\u00e9rieure en caoutchouc. La semelle int\u00e9rieure anatomique est compos\u00e9e d'un mat\u00e9riau PU souple et d'un dessus en textile avec une bonne absorption de l'humidit\u00e9. Cette chaussure est id\u00e9ale pour les travaux de stockage, de service, de logistique et industriels. Forme pour femmes dans les pointures 35-39.<\/p>\n<p>MAT\u00c9RIAU DE PROTECTION : Textile PL. FONCTIONNALIT\u00c9 : Semelle ext\u00e9rieure ol\u00e9ophobe. DOUBLURE : Polyester. MAT\u00c9RIAU DE LA SEMELLE INT\u00c9RIEURE : Textile, PU souple. Dessus : microfibre. FORME DU COUPLE : Large. TISSU : noir. ESD (PROTECTION CONTRE LES CHOCS \u00c9LECTRIQUES). MAT\u00c9RIAU DE LA COUVERTURE : Composite. CERTIFICATION : EN ISO 20345:2011 S1 P SRC ESD<\/p>","protected":false},"excerpt":{"rendered":"<p>Ein luftiger Sicherheitsschuh mit Netzeins\u00e4tzen an den Seiten, um die F\u00fcsse bei warmem und trockenem Wetter oder in Innenr\u00e4umen k\u00fchl zu halten. Die Freelock-L\u00f6sung macht das An- und Ausziehen der Schuhe angenehm einfach. Das Obermaterial besteht aus einer strapazierf\u00e4higen Mikrofaser. Die Zehenschutzkappe ist aus Komposit und mit KPU verst\u00e4rkt. Der Durchtrittschutz besteht aus Textil und [&hellip;]<\/p>\n","protected":false},"featured_media":584341,"template":"","meta":[],"product_brand":[],"product_cat":[9643,4197],"product_tag":[],"class_list":{"0":"post-584294","1":"product","2":"type-product","3":"status-publish","4":"has-post-thumbnail","6":"product_cat-equipment","7":"product_cat-schuhe-sandalen","8":"pa_brand-blaklaeder","9":"pa_brand-type-workwear","10":"pa_filter-color-gelb","11":"pa_filter-color-grau","12":"pa_filter-color-schwarz","14":"first","15":"instock","16":"sale","17":"taxable","18":"shipping-taxable","19":"purchasable","20":"product-type-variable","21":"add-to-wishlist-before_image"},"exclude_global_add_ons":[],"addons":[],"acf":[],"_links":{"self":[{"href":"https:\/\/shop.kustom.ch\/fr\/wp-json\/wp\/v2\/product\/584294"}],"collection":[{"href":"https:\/\/shop.kustom.ch\/fr\/wp-json\/wp\/v2\/product"}],"about":[{"href":"https:\/\/shop.kustom.ch\/fr\/wp-json\/wp\/v2\/types\/product"}],"wp:featuredmedia":[{"embeddable":true,"href":"https:\/\/shop.kustom.ch\/fr\/wp-json\/wp\/v2\/media\/584341"}],"wp:attachment":[{"href":"https:\/\/shop.kustom.ch\/fr\/wp-json\/wp\/v2\/media?parent=584294"}],"wp:term":[{"taxonomy":"product_brand","embeddable":true,"href":"https:\/\/shop.kustom.ch\/fr\/wp-json\/wp\/v2\/product_brand?post=584294"},{"taxonomy":"product_cat","embeddable":true,"href":"https:\/\/shop.kustom.ch\/fr\/wp-json\/wp\/v2\/product_cat?post=584294"},{"taxonomy":"product_tag","embeddable":true,"href":"https:\/\/shop.kustom.ch\/fr\/wp-json\/wp\/v2\/product_tag?post=584294"}],"curies":[{"name":"wp","href":"https:\/\/api.w.org\/{rel}","templated":true}]}}