{"id":584274,"date":"2025-03-04T10:17:39","date_gmt":"2025-03-04T09:17:39","guid":{"rendered":"https:\/\/shop.kustom.ch\/?post_type=product&#038;p=584274"},"modified":"2026-03-31T08:41:40","modified_gmt":"2026-03-31T07:41:40","slug":"retro-sicherheitsstiefel","status":"publish","type":"product","link":"https:\/\/shop.kustom.ch\/fr\/produit\/retro-sicherheitsstiefel\/","title":{"rendered":"Bottes de s\u00e9curit\u00e9 RETRO"},"content":{"rendered":"<p>Une tr\u00e8s bonne botte de s\u00e9curit\u00e9 au look classique de la collection RETRO de Bl\u00e5kl\u00e4der. Une botte d'ext\u00e9rieur polyvalente dont la durabilit\u00e9 et la r\u00e9sistance sont de la plus haute classe, associ\u00e9es \u00e0 un confort bien n\u00e9cessaire. La botte est dot\u00e9e d'un embout en aluminium et d'une semelle intercalaire antiperforation en acier qui offre au porteur la protection n\u00e9cessaire pour les travaux les plus difficiles. Des d\u00e9tails r\u00e9fl\u00e9chissants sur le c\u00f4t\u00e9 vous rendent, vous et vos chaussures, visibles si n\u00e9cessaire. La semelle int\u00e9rieure offre un soutien anatomique et se compose d'un mat\u00e9riau PU souple, recouvert de textile et pr\u00e9sentant une bonne absorption de l'humidit\u00e9. La botte de s\u00e9curit\u00e9 est id\u00e9ale pour les travaux l\u00e9gers dans les domaines de la construction, du transport, de la maintenance, de la r\u00e9paration et de l'utilisation de machines. Forme pour femmes dans les pointures 35-39. <\/p>\n<p>MAT\u00c9RIAU DE PROTECTION : Acier. FONCTIONNALIT\u00c9 : Semelle ext\u00e9rieure ol\u00e9ophobe. DOUBLURE : Polyester. MAT\u00c9RIAU DE LA SEMELLE INT\u00c9RIEURE : Textile, PU souple. Dessus : cuir recouvert de PU. FORME DU COUPLE : Normal. TISSU : Unisexe. Noir. R\u00e9sistant \u00e0 l'eau. MAT\u00c9RIAU DE LA PROTECTION DES DOIGTS : aluminium. CERTIFICATION : EN ISO 20345:2011 S3 SRC ESD<\/p>","protected":false},"excerpt":{"rendered":"<p>Ein wirklich guter Sicherheitsstiefel mit klassischem Look aus der RETRO-Kollektion von Bl\u00e5kl\u00e4der. Ein vielseitiger Outdoor-Stiefel, dessen Haltbarkeit und Festigkeit von h\u00f6chster Klasse sind, kombiniert mit dem dringend ben\u00f6tigten Komfort. Der Stiefel hat eine Zehenkappe aus Aluminium und eine durchtrittsichere Zwischensohle aus Stahl, die dem Tr\u00e4ger den f\u00fcr die h\u00e4rtesten Arbeiten erforderlichen Schutz bietet. Reflexdetails an [&hellip;]<\/p>\n","protected":false},"featured_media":584320,"template":"","meta":[],"product_brand":[],"product_cat":[9643,4197],"product_tag":[],"class_list":{"0":"post-584274","1":"product","2":"type-product","3":"status-publish","4":"has-post-thumbnail","6":"product_cat-equipment","7":"product_cat-schuhe-sandalen","8":"pa_brand-blaklaeder","9":"pa_brand-type-workwear","10":"pa_filter-color-schwarz","12":"first","13":"instock","14":"sale","15":"taxable","16":"shipping-taxable","17":"purchasable","18":"product-type-variable","19":"add-to-wishlist-before_image"},"exclude_global_add_ons":[],"addons":[],"acf":[],"_links":{"self":[{"href":"https:\/\/shop.kustom.ch\/fr\/wp-json\/wp\/v2\/product\/584274"}],"collection":[{"href":"https:\/\/shop.kustom.ch\/fr\/wp-json\/wp\/v2\/product"}],"about":[{"href":"https:\/\/shop.kustom.ch\/fr\/wp-json\/wp\/v2\/types\/product"}],"wp:featuredmedia":[{"embeddable":true,"href":"https:\/\/shop.kustom.ch\/fr\/wp-json\/wp\/v2\/media\/584320"}],"wp:attachment":[{"href":"https:\/\/shop.kustom.ch\/fr\/wp-json\/wp\/v2\/media?parent=584274"}],"wp:term":[{"taxonomy":"product_brand","embeddable":true,"href":"https:\/\/shop.kustom.ch\/fr\/wp-json\/wp\/v2\/product_brand?post=584274"},{"taxonomy":"product_cat","embeddable":true,"href":"https:\/\/shop.kustom.ch\/fr\/wp-json\/wp\/v2\/product_cat?post=584274"},{"taxonomy":"product_tag","embeddable":true,"href":"https:\/\/shop.kustom.ch\/fr\/wp-json\/wp\/v2\/product_tag?post=584274"}],"curies":[{"name":"wp","href":"https:\/\/api.w.org\/{rel}","templated":true}]}}