{"id":584273,"date":"2025-03-04T10:17:39","date_gmt":"2025-03-04T09:17:39","guid":{"rendered":"https:\/\/shop.kustom.ch\/?post_type=product&#038;p=584273"},"modified":"2026-03-31T08:41:35","modified_gmt":"2026-03-31T07:41:35","slug":"retro-sicherheitsschuh-2","status":"publish","type":"product","link":"https:\/\/shop.kustom.ch\/fr\/produit\/retro-sicherheitsschuh-2\/","title":{"rendered":"Chaussure de s\u00e9curit\u00e9 RETRO"},"content":{"rendered":"<p>Une chaussure de s\u00e9curit\u00e9 au look classique de la collection RETRO de Bl\u00e5kl\u00e4der. Une chaussure polyvalente pour l'ext\u00e9rieur offrant une grande durabilit\u00e9, r\u00e9sistance et confort. Les d\u00e9tails r\u00e9fl\u00e9chissants sur le c\u00f4t\u00e9 vous rendent, vous et vos chaussures, visibles si n\u00e9cessaire. La semelle int\u00e9rieure est con\u00e7ue de mani\u00e8re anatomique pour soutenir le pied de mani\u00e8re optimale. Elle est compos\u00e9e d'un mat\u00e9riau PU souple recouvert de textile et pr\u00e9sente une bonne absorption de l'humidit\u00e9. L'embout de protection est en aluminium et la semelle interm\u00e9diaire anti-perforation est en acier pour garantir la s\u00e9curit\u00e9. Cette chaussure de s\u00e9curit\u00e9 convient le mieux aux travaux l\u00e9gers dans les domaines de la construction, du transport, de la maintenance, de la r\u00e9paration et de l'utilisation de machines. Forme pour femmes dans les pointures 35-39.<\/p>\n<p>MAT\u00c9RIAU DE PROTECTION : Acier. FONCTIONNALIT\u00c9 : Bord de tige rembourr\u00e9. DOUBLURE : Polyester. MAT\u00c9RIAU DE LA SEMELLE INT\u00c9RIEURE : Textile, PU souple. Dessus : cuir recouvert de PU. FORME DU COUPLE : Normal. TISSU : Hommes. Noir. ESD (PROTECTION CONTRE LES CHOCS). MAT\u00c9RIAU DE LA PROTECTION DES DOIGTS : aluminium. CERTIFICATION : EN ISO 20345:2011 S3 SRC ESD<\/p>","protected":false},"excerpt":{"rendered":"<p>Ein Sicherheitsschuh mit klassischem Look aus der RETRO Kollektion von Bl\u00e5kl\u00e4der. Ein Allroundschuh f\u00fcr den Aussenbereich mit hoher Haltbarkeit, Strapazierf\u00e4higkeit und Komfort. Reflexdetails an der Seite machen Sie und Ihre Schuhe wenn n\u00f6tig sichtbar. Die Innensohle ist anatomisch so gestaltet, dass sie den Fuss optimal st\u00fctzt. Sie besteht aus einem weichen PU-Material, das mit Textil [&hellip;]<\/p>\n","protected":false},"featured_media":584319,"template":"","meta":[],"product_brand":[],"product_cat":[9643,4197],"product_tag":[],"class_list":{"0":"post-584273","1":"product","2":"type-product","3":"status-publish","4":"has-post-thumbnail","6":"product_cat-equipment","7":"product_cat-schuhe-sandalen","8":"pa_brand-blaklaeder","9":"pa_brand-type-workwear","10":"pa_filter-color-schwarz","12":"first","13":"instock","14":"sale","15":"taxable","16":"shipping-taxable","17":"purchasable","18":"product-type-variable","19":"add-to-wishlist-before_image"},"exclude_global_add_ons":[],"addons":[],"acf":[],"_links":{"self":[{"href":"https:\/\/shop.kustom.ch\/fr\/wp-json\/wp\/v2\/product\/584273"}],"collection":[{"href":"https:\/\/shop.kustom.ch\/fr\/wp-json\/wp\/v2\/product"}],"about":[{"href":"https:\/\/shop.kustom.ch\/fr\/wp-json\/wp\/v2\/types\/product"}],"wp:featuredmedia":[{"embeddable":true,"href":"https:\/\/shop.kustom.ch\/fr\/wp-json\/wp\/v2\/media\/584319"}],"wp:attachment":[{"href":"https:\/\/shop.kustom.ch\/fr\/wp-json\/wp\/v2\/media?parent=584273"}],"wp:term":[{"taxonomy":"product_brand","embeddable":true,"href":"https:\/\/shop.kustom.ch\/fr\/wp-json\/wp\/v2\/product_brand?post=584273"},{"taxonomy":"product_cat","embeddable":true,"href":"https:\/\/shop.kustom.ch\/fr\/wp-json\/wp\/v2\/product_cat?post=584273"},{"taxonomy":"product_tag","embeddable":true,"href":"https:\/\/shop.kustom.ch\/fr\/wp-json\/wp\/v2\/product_tag?post=584273"}],"curies":[{"name":"wp","href":"https:\/\/api.w.org\/{rel}","templated":true}]}}