{"id":584252,"date":"2025-03-04T10:16:58","date_gmt":"2025-03-04T09:16:58","guid":{"rendered":"https:\/\/shop.kustom.ch\/?post_type=product&#038;p=584252"},"modified":"2026-03-31T08:41:34","modified_gmt":"2026-03-31T07:41:34","slug":"retro-sicherheitsschuh","status":"publish","type":"product","link":"https:\/\/shop.kustom.ch\/fr\/produit\/retro-sicherheitsschuh\/","title":{"rendered":"Chaussure de s\u00e9curit\u00e9 r\u00e9tro"},"content":{"rendered":"<p>Une chaussure de s\u00e9curit\u00e9 au look classique de la collection RETRO de Bl\u00e5kl\u00e4der. Une chaussure confortable avec une tige en textile. L'embout de protection est en aluminium et renforc\u00e9 par du KPU. La protection anti-perforation est en acier et la semelle ext\u00e9rieure est en caoutchouc. La semelle int\u00e9rieure est de forme anatomique pour un soutien optimal du pied et est en PU avec un mat\u00e9riau de surface absorbant l'humidit\u00e9. Id\u00e9al pour les secteurs du transport, de l'entreposage, du service, de la logistique et de l'industrie. Formes pour femmes dans les pointures 35-39.<\/p>\n<p>MAT\u00c9RIAU DE PROTECTION CONTRE LA PIRATERIE : acier. FONCTIONNALIT\u00c9 : Test\u00e9 ESD (approuv\u00e9 par IEC 61340-5-1). DOUBLURE : polyester. MAT\u00c9RIAU DE LA SEMELLE INT\u00c9RIEURE : textile, PU souple. Dessus : mat\u00e9riau en tissu. FORME DU COUPLE : Normal. TISSU : Unisexe. Noir. ESD (PROTECTION CONTRE LES CHOCS \u00c9LECTRIQUES). MAT\u00c9RIAU DE LA COUVERTURE : aluminium. CERTIFICATION : EN ISO 20345:2011 S1 P SRC ESD<\/p>","protected":false},"excerpt":{"rendered":"<p>Ein Sicherheitsschuh im klassischen Look aus Bl\u00e5kl\u00e4ders RETRO Kollektion. Ein bequemer Schuh mit einem Obermaterial aus Textil. Die Zehenschutzkappe besteht aus Aluminium und ist mit KPU verst\u00e4rkt. Der Durchtrittschutz ist aus Stahl und die Laufsohle aus Gummi. Die Innensohle ist anatomisch geformt, um den Fuss optimal zu unterst\u00fctzen und besteht aus PU mit einem feuchtigkeitsabsorbierenden [&hellip;]<\/p>\n","protected":false},"featured_media":584318,"template":"","meta":[],"product_brand":[],"product_cat":[9643,4197],"product_tag":[],"class_list":{"0":"post-584252","1":"product","2":"type-product","3":"status-publish","4":"has-post-thumbnail","6":"product_cat-equipment","7":"product_cat-schuhe-sandalen","8":"pa_brand-blaklaeder","9":"pa_brand-type-workwear","10":"pa_filter-color-schwarz","12":"first","13":"instock","14":"sale","15":"taxable","16":"shipping-taxable","17":"purchasable","18":"product-type-variable","19":"add-to-wishlist-before_image"},"exclude_global_add_ons":[],"addons":[],"acf":[],"_links":{"self":[{"href":"https:\/\/shop.kustom.ch\/fr\/wp-json\/wp\/v2\/product\/584252"}],"collection":[{"href":"https:\/\/shop.kustom.ch\/fr\/wp-json\/wp\/v2\/product"}],"about":[{"href":"https:\/\/shop.kustom.ch\/fr\/wp-json\/wp\/v2\/types\/product"}],"wp:featuredmedia":[{"embeddable":true,"href":"https:\/\/shop.kustom.ch\/fr\/wp-json\/wp\/v2\/media\/584318"}],"wp:attachment":[{"href":"https:\/\/shop.kustom.ch\/fr\/wp-json\/wp\/v2\/media?parent=584252"}],"wp:term":[{"taxonomy":"product_brand","embeddable":true,"href":"https:\/\/shop.kustom.ch\/fr\/wp-json\/wp\/v2\/product_brand?post=584252"},{"taxonomy":"product_cat","embeddable":true,"href":"https:\/\/shop.kustom.ch\/fr\/wp-json\/wp\/v2\/product_cat?post=584252"},{"taxonomy":"product_tag","embeddable":true,"href":"https:\/\/shop.kustom.ch\/fr\/wp-json\/wp\/v2\/product_tag?post=584252"}],"curies":[{"name":"wp","href":"https:\/\/api.w.org\/{rel}","templated":true}]}}