{"id":584251,"date":"2025-03-04T10:16:58","date_gmt":"2025-03-04T09:16:58","guid":{"rendered":"https:\/\/shop.kustom.ch\/?post_type=product&#038;p=584251"},"modified":"2025-03-04T10:18:52","modified_gmt":"2025-03-04T09:18:52","slug":"sicherheitsschuh-s3-2","status":"publish","type":"product","link":"https:\/\/shop.kustom.ch\/fr\/produit\/sicherheitsschuh-s3-2\/","title":{"rendered":"Chaussure de s\u00e9curit\u00e9 S3"},"content":{"rendered":"<p>Chaussure de s\u00e9curit\u00e9 l\u00e9g\u00e8re et confortable avec embout de protection en plastique. Cette chaussure dispose d'un excellent amortissement des chocs et d'une semelle interm\u00e9diaire en tissu antiperforation. Une semelle ext\u00e9rieure en nitrile pour une bonne adh\u00e9rence sur les surfaces glissantes. Tige hydrofuge et ol\u00e9ofuge en cuir nubuck robuste. Cette chaussure est enti\u00e8rement exempte de m\u00e9tal. Certifi\u00e9e EN 20345 S3.<\/p>\n<p>MAT\u00c9RIAU DE PROTECTION : textile. FONCTIONNALIT\u00c9 : Bord de tige rembourr\u00e9. DOUBLURE : Polyester. MAT\u00c9RIAU DE LA SEMELLE INT\u00c9RIEURE : textile, EVA souple, fil conducteur \u00e0 base de polyester. Dessus : cuir recouvert de PU. COUPE : Coupe normale. EMBALLAGE : Livr\u00e9 par paire. MAT\u00c9RIAU DE LA COUVERTURE : Composite. CERTIFICATION : EN ISO 20345:2011 S3 SRC<\/p>\n<p>cuir nubuck, EVA\/nitrile<\/p>","protected":false},"excerpt":{"rendered":"<p>Leichter und komfortabler Sicherheitsschuh mit Zehenschutzkappe aus Kunsstoff. Dieser Schuh hat eine hervorragende Stossd\u00e4mpfung und eine durchtrittssichere Gewebezwischensohle. Eine Laufsohle aus Nitril f\u00fcr guten Halt auf rutschigem Untergrund. Wasser-und \u00f6labweisendes Obermaterial aus robustem Nubukleder. Dieser Schuh ist komplett metallfrei. Zertifiziert EN 20345 S3. DURCHTRITTSCHUTZ-MATERIAL: Textil. FUNKTIONALIT\u00c4T: Gepolsterte Schaftkante. FUTTER: Polyester. MATERIAL DER INNENSOHLE: Textil, weiches [&hellip;]<\/p>\n","protected":false},"featured_media":584281,"template":"","meta":[],"product_brand":[],"product_cat":[9643,4197],"product_tag":[],"class_list":{"0":"post-584251","1":"product","2":"type-product","3":"status-publish","4":"has-post-thumbnail","6":"product_cat-equipment","7":"product_cat-schuhe-sandalen","8":"pa_brand-blaklaeder","9":"pa_brand-type-workwear","10":"pa_filter-color-grau","11":"pa_filter-color-schwarz","13":"first","14":"instock","15":"sale","16":"taxable","17":"shipping-taxable","18":"purchasable","19":"product-type-variable","20":"add-to-wishlist-before_image"},"exclude_global_add_ons":[],"addons":[],"acf":[],"_links":{"self":[{"href":"https:\/\/shop.kustom.ch\/fr\/wp-json\/wp\/v2\/product\/584251"}],"collection":[{"href":"https:\/\/shop.kustom.ch\/fr\/wp-json\/wp\/v2\/product"}],"about":[{"href":"https:\/\/shop.kustom.ch\/fr\/wp-json\/wp\/v2\/types\/product"}],"wp:featuredmedia":[{"embeddable":true,"href":"https:\/\/shop.kustom.ch\/fr\/wp-json\/wp\/v2\/media\/584281"}],"wp:attachment":[{"href":"https:\/\/shop.kustom.ch\/fr\/wp-json\/wp\/v2\/media?parent=584251"}],"wp:term":[{"taxonomy":"product_brand","embeddable":true,"href":"https:\/\/shop.kustom.ch\/fr\/wp-json\/wp\/v2\/product_brand?post=584251"},{"taxonomy":"product_cat","embeddable":true,"href":"https:\/\/shop.kustom.ch\/fr\/wp-json\/wp\/v2\/product_cat?post=584251"},{"taxonomy":"product_tag","embeddable":true,"href":"https:\/\/shop.kustom.ch\/fr\/wp-json\/wp\/v2\/product_tag?post=584251"}],"curies":[{"name":"wp","href":"https:\/\/api.w.org\/{rel}","templated":true}]}}