{"id":584234,"date":"2025-03-04T10:16:54","date_gmt":"2025-03-04T09:16:54","guid":{"rendered":"https:\/\/shop.kustom.ch\/?post_type=product&#038;p=584234"},"modified":"2025-03-04T10:18:50","modified_gmt":"2025-03-04T09:18:50","slug":"sicherheitssandale-s1p","status":"publish","type":"product","link":"https:\/\/shop.kustom.ch\/fr\/produit\/sicherheitssandale-s1p\/","title":{"rendered":"Sandale de s\u00e9curit\u00e9 S1P"},"content":{"rendered":"<p>Une bonne paire de chaussures de travail doit \u00eatre confortable, tout en prot\u00e9geant contre les influences de l'environnement, et ce tout au long de la journ\u00e9e de travail. Cette sandale de s\u00e9curit\u00e9 tr\u00e8s l\u00e9g\u00e8re est dot\u00e9e d'un embout de protection en plastique et d'une protection antiperforation synth\u00e9tique. Le dessus est en cuir nubuck robuste avec des inserts en mesh pour une bonne a\u00e9ration. Semelle ext\u00e9rieure en nitrile pour une bonne adh\u00e9rence. Semelle interm\u00e9diaire en EVA. Semelle int\u00e9rieure en PU avec support en TPU pour un excellent amortissement des chocs. Cette sandale est enti\u00e8rement exempte de m\u00e9tal. Certifi\u00e9e EN 20345 S1P.<\/p>\n<p>MAT\u00c9RIAU DE PROTECTION : textile. FONCTIONNALIT\u00c9 : Bord de tige rembourr\u00e9. DOUBLURE : Polyester. MAT\u00c9RIAU DE LA SEMELLE INT\u00c9RIEURE : textile, EVA souple, fil conducteur \u00e0 base de polyester. Dessus : cuir recouvert de PU. COUPE : Coupe normale. EMBALLAGE : Livr\u00e9 par paire. MAT\u00c9RIAU DE LA COUVERTURE : Composite. CERTIFICATION : EN ISO 20345:2011 S1 P SRC<\/p>\n<p>cuir nubuck, EVA\/nitrile<\/p>","protected":false},"excerpt":{"rendered":"<p>Ein gutes Paar Arbeitsschuhe muss komfortabel sein, aber auch gleichzeitig vor den Einfl\u00fcssen der Umwelt sch\u00fctzen, und das den ganzen Arbeitstag. Diese sehr leichte Sicherheitssandale hat eine Zehenschutzkappe aus Kunststoff und einen synthetischen Durchtrittsschutz. Das Obermaterial ist aus robustem Nubukleder mit Mesh-Eins\u00e4tzen f\u00fcr eine gute Bel\u00fcftung. Laufsohle aus Nitril f\u00fcr guten Grip. Zwischensohle aus EVA. [&hellip;]<\/p>\n","protected":false},"featured_media":584280,"template":"","meta":[],"product_brand":[],"product_cat":[9643,4197],"product_tag":[],"class_list":{"0":"post-584234","1":"product","2":"type-product","3":"status-publish","4":"has-post-thumbnail","6":"product_cat-equipment","7":"product_cat-schuhe-sandalen","8":"pa_brand-blaklaeder","9":"pa_brand-type-workwear","10":"pa_filter-color-grau","11":"pa_filter-color-schwarz","13":"first","14":"instock","15":"sale","16":"taxable","17":"shipping-taxable","18":"purchasable","19":"product-type-variable","20":"add-to-wishlist-before_image"},"exclude_global_add_ons":[],"addons":[],"acf":[],"_links":{"self":[{"href":"https:\/\/shop.kustom.ch\/fr\/wp-json\/wp\/v2\/product\/584234"}],"collection":[{"href":"https:\/\/shop.kustom.ch\/fr\/wp-json\/wp\/v2\/product"}],"about":[{"href":"https:\/\/shop.kustom.ch\/fr\/wp-json\/wp\/v2\/types\/product"}],"wp:featuredmedia":[{"embeddable":true,"href":"https:\/\/shop.kustom.ch\/fr\/wp-json\/wp\/v2\/media\/584280"}],"wp:attachment":[{"href":"https:\/\/shop.kustom.ch\/fr\/wp-json\/wp\/v2\/media?parent=584234"}],"wp:term":[{"taxonomy":"product_brand","embeddable":true,"href":"https:\/\/shop.kustom.ch\/fr\/wp-json\/wp\/v2\/product_brand?post=584234"},{"taxonomy":"product_cat","embeddable":true,"href":"https:\/\/shop.kustom.ch\/fr\/wp-json\/wp\/v2\/product_cat?post=584234"},{"taxonomy":"product_tag","embeddable":true,"href":"https:\/\/shop.kustom.ch\/fr\/wp-json\/wp\/v2\/product_tag?post=584234"}],"curies":[{"name":"wp","href":"https:\/\/api.w.org\/{rel}","templated":true}]}}