{"id":584128,"date":"2025-03-04T10:13:30","date_gmt":"2025-03-04T09:13:30","guid":{"rendered":"https:\/\/shop.kustom.ch\/?post_type=product&#038;p=584128"},"modified":"2025-03-04T10:16:35","modified_gmt":"2025-03-04T09:16:35","slug":"sicherheitsschuh-s3","status":"publish","type":"product","link":"https:\/\/shop.kustom.ch\/fr\/produit\/sicherheitsschuh-s3\/","title":{"rendered":"Chaussure de s\u00e9curit\u00e9 S3"},"content":{"rendered":"<p>Chaussure de s\u00e9curit\u00e9 classique. Disponible avec une forme normale. Tige en cuir de vache. Semelle ext\u00e9rieure en TPU pour une adh\u00e9rence sup\u00e9rieure. Cette chaussure est hydrofuge et ol\u00e9ofuge. Classe de protection S3 SRC.<\/p>\n<p>MAT\u00c9RIAU DE PROTECTION : Acier. FONCTIONNALIT\u00c9 : Renforcement des orteils. DOUBLURE : Polyester. MAT\u00c9RIAU DE LA SEMELLE INT\u00c9RIEURE : textile, PU souple, fil conducteur \u00e0 base de polyester. COUPE : Coupe normale. EMBALLAGE : Livr\u00e9 par paire. MAT\u00c9RIAU DE LA COUVERTURE : Acier. CERTIFICATION : EN ISO 20345:2011 S3 SRC<\/p>","protected":false},"excerpt":{"rendered":"<p>Klassischer Sicherheitsschuh. Erh\u00e4ltlich mit normaler Passform. Obermaterial aus Rindsleder. Laufsohle aus TPU f\u00fcr einen \u00fcberragenden Grip. Dieser Schuh ist wasser- und \u00f6labweisend. Schutzklasse S3 SRC. DURCHTRITTSCHUTZ-MATERIAL: Stahl. FUNKTIONALIT\u00c4T: Zehenverst\u00e4rkung. FUTTER: Polyester. MATERIAL DER INNENSOHLE: Textil, weiches PU, polyesterbasierter leitf\u00e4higer Faden. PASSFORM: Normale Passform. VERPACKUNG: Lieferung paarweise. ZEHENSCHUTZKAPPEN-MATERIAL: Stahl. ZERTIFIZIERUNG: EN ISO 20345:2011 S3 SRC<\/p>","protected":false},"featured_media":584196,"template":"","meta":[],"product_brand":[],"product_cat":[9643,4197],"product_tag":[],"class_list":{"0":"post-584128","1":"product","2":"type-product","3":"status-publish","4":"has-post-thumbnail","6":"product_cat-equipment","7":"product_cat-schuhe-sandalen","8":"pa_brand-blaklaeder","9":"pa_brand-type-workwear","10":"pa_filter-color-braun","11":"pa_filter-color-schwarz","13":"first","14":"instock","15":"sale","16":"taxable","17":"shipping-taxable","18":"purchasable","19":"product-type-variable","20":"add-to-wishlist-before_image"},"exclude_global_add_ons":[],"addons":[],"acf":[],"_links":{"self":[{"href":"https:\/\/shop.kustom.ch\/fr\/wp-json\/wp\/v2\/product\/584128"}],"collection":[{"href":"https:\/\/shop.kustom.ch\/fr\/wp-json\/wp\/v2\/product"}],"about":[{"href":"https:\/\/shop.kustom.ch\/fr\/wp-json\/wp\/v2\/types\/product"}],"wp:featuredmedia":[{"embeddable":true,"href":"https:\/\/shop.kustom.ch\/fr\/wp-json\/wp\/v2\/media\/584196"}],"wp:attachment":[{"href":"https:\/\/shop.kustom.ch\/fr\/wp-json\/wp\/v2\/media?parent=584128"}],"wp:term":[{"taxonomy":"product_brand","embeddable":true,"href":"https:\/\/shop.kustom.ch\/fr\/wp-json\/wp\/v2\/product_brand?post=584128"},{"taxonomy":"product_cat","embeddable":true,"href":"https:\/\/shop.kustom.ch\/fr\/wp-json\/wp\/v2\/product_cat?post=584128"},{"taxonomy":"product_tag","embeddable":true,"href":"https:\/\/shop.kustom.ch\/fr\/wp-json\/wp\/v2\/product_tag?post=584128"}],"curies":[{"name":"wp","href":"https:\/\/api.w.org\/{rel}","templated":true}]}}