{"id":584127,"date":"2025-03-04T10:13:30","date_gmt":"2025-03-04T09:13:30","guid":{"rendered":"https:\/\/shop.kustom.ch\/?post_type=product&#038;p=584127"},"modified":"2025-03-04T10:15:15","modified_gmt":"2025-03-04T09:15:15","slug":"sicherheitsstiefel-pelz-gefuettert-s3-standard-leisten","status":"publish","type":"product","link":"https:\/\/shop.kustom.ch\/fr\/produit\/sicherheitsstiefel-pelz-gefuettert-s3-standard-leisten\/","title":{"rendered":"Bottes de s\u00e9curit\u00e9 - fourr\u00e9es S3 (forme standard)"},"content":{"rendered":"<p>De longues journ\u00e9es de travail dans des environnements difficiles ? - Alors cette botte est faite pour vous ! La botte a une forme normale. L'embout de protection et la protection contre les perforations sont en acier et la doublure en fourrure synth\u00e9tique. Le dessus est en cuir carbone et la semelle ext\u00e9rieure en TPU pour une bonne adh\u00e9rence et une r\u00e9sistance \u00e0 l'eau et \u00e0 l'huile. La botte poss\u00e8de une assise plantaire stable et amortissante pour une stabilit\u00e9 accrue et un point de flexion correct. EN ISO 20345 classe de s\u00e9curit\u00e9 S3 SRC. Temp\u00e9rature de confort entre +5 et -15 degr\u00e9s.<\/p>\n<p>MAT\u00c9RIAU DE PROTECTION : Acier. FONCTIONNALIT\u00c9 : Tige de botte rembourr\u00e9e. DOUBLURE : Fourrure synth\u00e9tique. MAT\u00c9RIAU DE LA SEMELLE INT\u00c9RIEURE : Textile, PU souple, fil conducteur \u00e0 base de polyester. Dessus : Cuir pleine fleur. COUPE : Coupe normale. EMBALLAGE : Livr\u00e9 par paire. MAT\u00c9RIAU DE LA COUVERTURE DE PROTECTION DES DOIGTS : Acier. CERTIFICATION : EN ISO 20345:2011 S3 SRC<\/p>","protected":false},"excerpt":{"rendered":"<p>Lange Arbeitstage in harten Umgebungen? &#8211; Dann ist dieser Stiefel genau richtig! Der Stiefel hat eine normale Passform. Die Zehenschutzkappe und der Durchtrittschutz bestehen aus Stahl und das Futter aus Kunstpelz. Das Obermaterial besteht aus Carbonleder und die Laufsohle aus TPU f\u00fcr guten Halt und Wasser- und \u00d6lbest\u00e4ndigkeit. Der Stiefel besitzt ein stossd\u00e4mpfendes und stabiles [&hellip;]<\/p>\n","protected":false},"featured_media":530465,"template":"","meta":[],"product_brand":[],"product_cat":[9643,4197],"product_tag":[],"class_list":{"0":"post-584127","1":"product","2":"type-product","3":"status-publish","4":"has-post-thumbnail","6":"product_cat-equipment","7":"product_cat-schuhe-sandalen","8":"pa_brand-blaklaeder","9":"pa_brand-type-workwear","10":"pa_filter-color-schwarz","12":"first","13":"outofstock","14":"sale","15":"taxable","16":"shipping-taxable","17":"product-type-variable","18":"add-to-wishlist-before_image"},"exclude_global_add_ons":[],"addons":[],"acf":[],"_links":{"self":[{"href":"https:\/\/shop.kustom.ch\/fr\/wp-json\/wp\/v2\/product\/584127"}],"collection":[{"href":"https:\/\/shop.kustom.ch\/fr\/wp-json\/wp\/v2\/product"}],"about":[{"href":"https:\/\/shop.kustom.ch\/fr\/wp-json\/wp\/v2\/types\/product"}],"wp:featuredmedia":[{"embeddable":true,"href":"https:\/\/shop.kustom.ch\/fr\/wp-json\/wp\/v2\/media\/530465"}],"wp:attachment":[{"href":"https:\/\/shop.kustom.ch\/fr\/wp-json\/wp\/v2\/media?parent=584127"}],"wp:term":[{"taxonomy":"product_brand","embeddable":true,"href":"https:\/\/shop.kustom.ch\/fr\/wp-json\/wp\/v2\/product_brand?post=584127"},{"taxonomy":"product_cat","embeddable":true,"href":"https:\/\/shop.kustom.ch\/fr\/wp-json\/wp\/v2\/product_cat?post=584127"},{"taxonomy":"product_tag","embeddable":true,"href":"https:\/\/shop.kustom.ch\/fr\/wp-json\/wp\/v2\/product_tag?post=584127"}],"curies":[{"name":"wp","href":"https:\/\/api.w.org\/{rel}","templated":true}]}}