{"id":584000,"date":"2025-03-04T10:08:47","date_gmt":"2025-03-04T09:08:47","guid":{"rendered":"https:\/\/shop.kustom.ch\/?post_type=product&#038;p=584000"},"modified":"2025-03-04T10:12:14","modified_gmt":"2025-03-04T09:12:14","slug":"flammschutz-socken","status":"publish","type":"product","link":"https:\/\/shop.kustom.ch\/fr\/produit\/flammschutz-socken\/","title":{"rendered":"Chaussettes ignifug\u00e9es"},"content":{"rendered":"<p>Chaussettes ignifuges et antistatiques. Certifi\u00e9es selon EN ISO 14116 indice 2 et EN 1149-5.<\/p>\n<p>FONCTIONNALIT\u00c9 : Chaussettes de la longueur de la cheville. CARACT\u00c9RISTIQUES PRINCIPALES : Unisexe. EN 1149-5. TISSU : noir. Protection contre les flammes. INSTRUCTIONS DE LAVAGE : Ne pas nettoyer \u00e0 sec. CERTIFICATION : EN 1149-5. EN ISO 14116 indice 2<\/p>\n<p>49% modacrylique, 29% coton, 19% polyamide, 2% antistatique, 1% \u00e9lasthanne, tricot \u00e9ponge, ignifug\u00e9, antistatique<\/p>","protected":false},"excerpt":{"rendered":"<p>Flammhemmende und antistatische Socken. Zertifiziert nach EN ISO 14116 Index 2 und EN 1149-5. FUNKTIONALIT\u00c4T: Kn\u00f6chellange Socken. HAUPTEIGENSCHAFTEN: Unisex. EN 1149-5. STOFF: schwarz. Flammschutz. WASCHANLEITUNG: Nicht chemisch reinigen. ZERTIFIZIERUNG: EN 1149-5. EN ISO 14116 Index 2 49% Modacryl, 29% Baumwolle, 19% Polyamid, 2% antistatisch, 1% Elastan, Frotteestrick, flammhemmend, antistatisch<\/p>","protected":false},"featured_media":584065,"template":"","meta":[],"product_brand":[],"product_cat":[9643,4209],"product_tag":[],"class_list":{"0":"post-584000","1":"product","2":"type-product","3":"status-publish","4":"has-post-thumbnail","6":"product_cat-equipment","7":"product_cat-zubehoer","8":"pa_brand-blaklaeder","9":"pa_brand-type-workwear","10":"pa_filter-color-schwarz","12":"first","13":"instock","14":"sale","15":"taxable","16":"shipping-taxable","17":"purchasable","18":"product-type-variable","19":"add-to-wishlist-before_image"},"exclude_global_add_ons":[],"addons":[],"acf":[],"_links":{"self":[{"href":"https:\/\/shop.kustom.ch\/fr\/wp-json\/wp\/v2\/product\/584000"}],"collection":[{"href":"https:\/\/shop.kustom.ch\/fr\/wp-json\/wp\/v2\/product"}],"about":[{"href":"https:\/\/shop.kustom.ch\/fr\/wp-json\/wp\/v2\/types\/product"}],"wp:featuredmedia":[{"embeddable":true,"href":"https:\/\/shop.kustom.ch\/fr\/wp-json\/wp\/v2\/media\/584065"}],"wp:attachment":[{"href":"https:\/\/shop.kustom.ch\/fr\/wp-json\/wp\/v2\/media?parent=584000"}],"wp:term":[{"taxonomy":"product_brand","embeddable":true,"href":"https:\/\/shop.kustom.ch\/fr\/wp-json\/wp\/v2\/product_brand?post=584000"},{"taxonomy":"product_cat","embeddable":true,"href":"https:\/\/shop.kustom.ch\/fr\/wp-json\/wp\/v2\/product_cat?post=584000"},{"taxonomy":"product_tag","embeddable":true,"href":"https:\/\/shop.kustom.ch\/fr\/wp-json\/wp\/v2\/product_tag?post=584000"}],"curies":[{"name":"wp","href":"https:\/\/api.w.org\/{rel}","templated":true}]}}