{"id":583998,"date":"2025-03-04T10:08:46","date_gmt":"2025-03-04T09:08:46","guid":{"rendered":"https:\/\/shop.kustom.ch\/?post_type=product&#038;p=583998"},"modified":"2026-03-31T08:40:42","modified_gmt":"2026-03-31T07:40:42","slug":"wollsocken","status":"publish","type":"product","link":"https:\/\/shop.kustom.ch\/fr\/produit\/wollsocken\/","title":{"rendered":"Chaussettes en laine"},"content":{"rendered":"<p>Une chaussette \u00e9paisse et tr\u00e8s chaude en \u00e9ponge compl\u00e8te avec de la laine. Avec maille \u00e9lastique dans la tige.<\/p>\n<p>D\u00c9TAILS : Tricot c\u00f4tel\u00e9 sur la tige. PIEDS : Tricot c\u00f4tel\u00e9 sur la tige. Principales caract\u00e9ristiques : unisexe. TISSU : gris. Enti\u00e8rement en \u00e9ponge avec de la laine. INSTRUCTIONS DE LAVAGE : Ne pas blanchir. CONDITIONNEMENT : Livr\u00e9 par paire<\/p>\n<p>80% laine, 18% polyamide, 2% \u00e9lasthanne<\/p>","protected":false},"excerpt":{"rendered":"<p>Eine dicke, sehr warme Socke aus Vollfrottee mit Wolle. Mit elastischer Masche im Schaft. DETAILS: Rippstrick am Schaft. FERSE: Rippstrick am Schaft. HAUPTEIGENSCHAFTEN: Unisex. STOFF: grau. Vollfrottee mit Wolle. WASCHANLEITUNG: Nicht bleichen. VERPACKUNG: Lieferung paarweise 80% Wolle, 18% Polyamid, 2% Elastan<\/p>","protected":false},"featured_media":584063,"template":"","meta":[],"product_brand":[],"product_cat":[4199],"product_tag":[],"class_list":{"0":"post-583998","1":"product","2":"type-product","3":"status-publish","4":"has-post-thumbnail","6":"product_cat-socken","7":"pa_brand-blaklaeder","8":"pa_brand-type-workwear","9":"pa_filter-color-grau","11":"first","12":"instock","13":"sale","14":"taxable","15":"shipping-taxable","16":"purchasable","17":"product-type-variable","18":"add-to-wishlist-before_image"},"exclude_global_add_ons":[],"addons":[],"acf":[],"_links":{"self":[{"href":"https:\/\/shop.kustom.ch\/fr\/wp-json\/wp\/v2\/product\/583998"}],"collection":[{"href":"https:\/\/shop.kustom.ch\/fr\/wp-json\/wp\/v2\/product"}],"about":[{"href":"https:\/\/shop.kustom.ch\/fr\/wp-json\/wp\/v2\/types\/product"}],"wp:featuredmedia":[{"embeddable":true,"href":"https:\/\/shop.kustom.ch\/fr\/wp-json\/wp\/v2\/media\/584063"}],"wp:attachment":[{"href":"https:\/\/shop.kustom.ch\/fr\/wp-json\/wp\/v2\/media?parent=583998"}],"wp:term":[{"taxonomy":"product_brand","embeddable":true,"href":"https:\/\/shop.kustom.ch\/fr\/wp-json\/wp\/v2\/product_brand?post=583998"},{"taxonomy":"product_cat","embeddable":true,"href":"https:\/\/shop.kustom.ch\/fr\/wp-json\/wp\/v2\/product_cat?post=583998"},{"taxonomy":"product_tag","embeddable":true,"href":"https:\/\/shop.kustom.ch\/fr\/wp-json\/wp\/v2\/product_tag?post=583998"}],"curies":[{"name":"wp","href":"https:\/\/api.w.org\/{rel}","templated":true}]}}