{"id":583978,"date":"2025-03-04T10:08:11","date_gmt":"2025-03-04T09:08:11","guid":{"rendered":"https:\/\/shop.kustom.ch\/?post_type=product&#038;p=583978"},"modified":"2026-03-31T08:40:41","modified_gmt":"2026-03-31T07:40:41","slug":"filz-einlagen","status":"publish","type":"product","link":"https:\/\/shop.kustom.ch\/fr\/produit\/filz-einlagen\/","title":{"rendered":"Inserts en feutre"},"content":{"rendered":"<p>Inserts chauffants en feutre.<\/p>\n<p>MAT\u00c9RIAU DE LA SEMELLE INT\u00c9RIEURE : Semelle int\u00e9rieure en feutre. TISSU : Unisexe. EMBALLAGE : Livr\u00e9 par paire<\/p>","protected":false},"excerpt":{"rendered":"<p>W\u00e4rmende Filz-Einlagen. MATERIAL DER INNENSOHLE: Innensohle aus Filz. STOFF: Unisex. VERPACKUNG: Lieferung paarweise<\/p>","protected":false},"featured_media":584048,"template":"","meta":[],"product_brand":[],"product_cat":[9643,4197],"product_tag":[],"class_list":{"0":"post-583978","1":"product","2":"type-product","3":"status-publish","4":"has-post-thumbnail","6":"product_cat-equipment","7":"product_cat-schuhe-sandalen","8":"pa_brand-blaklaeder","9":"pa_brand-type-workwear","11":"first","12":"instock","13":"sale","14":"taxable","15":"shipping-taxable","16":"purchasable","17":"product-type-variable","18":"add-to-wishlist-before_image"},"exclude_global_add_ons":[],"addons":[],"acf":[],"_links":{"self":[{"href":"https:\/\/shop.kustom.ch\/fr\/wp-json\/wp\/v2\/product\/583978"}],"collection":[{"href":"https:\/\/shop.kustom.ch\/fr\/wp-json\/wp\/v2\/product"}],"about":[{"href":"https:\/\/shop.kustom.ch\/fr\/wp-json\/wp\/v2\/types\/product"}],"wp:featuredmedia":[{"embeddable":true,"href":"https:\/\/shop.kustom.ch\/fr\/wp-json\/wp\/v2\/media\/584048"}],"wp:attachment":[{"href":"https:\/\/shop.kustom.ch\/fr\/wp-json\/wp\/v2\/media?parent=583978"}],"wp:term":[{"taxonomy":"product_brand","embeddable":true,"href":"https:\/\/shop.kustom.ch\/fr\/wp-json\/wp\/v2\/product_brand?post=583978"},{"taxonomy":"product_cat","embeddable":true,"href":"https:\/\/shop.kustom.ch\/fr\/wp-json\/wp\/v2\/product_cat?post=583978"},{"taxonomy":"product_tag","embeddable":true,"href":"https:\/\/shop.kustom.ch\/fr\/wp-json\/wp\/v2\/product_tag?post=583978"}],"curies":[{"name":"wp","href":"https:\/\/api.w.org\/{rel}","templated":true}]}}