{"id":583962,"date":"2025-03-04T10:08:07","date_gmt":"2025-03-04T09:08:07","guid":{"rendered":"https:\/\/shop.kustom.ch\/?post_type=product&#038;p=583962"},"modified":"2026-03-31T08:40:30","modified_gmt":"2026-03-31T07:40:30","slug":"baumwoll-socken-5er-pack","status":"publish","type":"product","link":"https:\/\/shop.kustom.ch\/fr\/produit\/baumwoll-socken-5er-pack\/","title":{"rendered":"Chaussettes en coton, paquet de 5"},"content":{"rendered":"<p>Lot de 5 chaussettes en coton convenant aux ouvriers du b\u00e9ton, plombiers, \u00e9lectriciens, p\u00eacheurs, jardiniers, laveurs de sol, ouvriers industriels, ouvriers d'entrep\u00f4t, peintres, m\u00e9caniciens, ouvriers agricoles, conducteurs, soudeurs, couvreurs, janissaires et ouvriers de la route et de la construction. Laver \u00e0 60\u00b0C. Ne pas blanchir. Ne pas utiliser de produits chimiques lors du lavage. Ne pas s\u00e9cher \u00e0 la machine et utiliser un fer \u00e0 repasser \u00e0 basse temp\u00e9rature.<\/p>\n<p>CARACT\u00c9RISTIQUES PRINCIPALES : Unisexe. TISSU : noir. INSTRUCTIONS DE LAVAGE : ne pas blanchir. CONDITIONNEMENT : Pack de 5 pi\u00e8ces<\/p>\n<p>80% coton, 19% polyester, 1% \u00e9lasthanne<\/p>","protected":false},"excerpt":{"rendered":"<p>5-pack cotton socks suitable for concrete workers, plumbers, electricians, fishermen, gardeners, floor layers, industrial workers, warehouse workers, painters, mechanics, tilers, drivers, welders, roofers, janitors and road and construction workers. Wash at 60\u00b0C. Do not bleach. Do not use chemicals when washing. Do not tumble dry and iron on low heat. HAUPTEIGENSCHAFTEN: Unisex. STOFF: schwarz. WASCHANLEITUNG: [&hellip;]<\/p>\n","protected":false},"featured_media":584033,"template":"","meta":[],"product_brand":[],"product_cat":[4199],"product_tag":[],"class_list":{"0":"post-583962","1":"product","2":"type-product","3":"status-publish","4":"has-post-thumbnail","6":"product_cat-socken","7":"pa_brand-blaklaeder","8":"pa_brand-type-workwear","9":"pa_filter-color-schwarz","11":"first","12":"instock","13":"sale","14":"taxable","15":"shipping-taxable","16":"purchasable","17":"product-type-variable","18":"add-to-wishlist-before_image"},"exclude_global_add_ons":[],"addons":[],"acf":[],"_links":{"self":[{"href":"https:\/\/shop.kustom.ch\/fr\/wp-json\/wp\/v2\/product\/583962"}],"collection":[{"href":"https:\/\/shop.kustom.ch\/fr\/wp-json\/wp\/v2\/product"}],"about":[{"href":"https:\/\/shop.kustom.ch\/fr\/wp-json\/wp\/v2\/types\/product"}],"wp:featuredmedia":[{"embeddable":true,"href":"https:\/\/shop.kustom.ch\/fr\/wp-json\/wp\/v2\/media\/584033"}],"wp:attachment":[{"href":"https:\/\/shop.kustom.ch\/fr\/wp-json\/wp\/v2\/media?parent=583962"}],"wp:term":[{"taxonomy":"product_brand","embeddable":true,"href":"https:\/\/shop.kustom.ch\/fr\/wp-json\/wp\/v2\/product_brand?post=583962"},{"taxonomy":"product_cat","embeddable":true,"href":"https:\/\/shop.kustom.ch\/fr\/wp-json\/wp\/v2\/product_cat?post=583962"},{"taxonomy":"product_tag","embeddable":true,"href":"https:\/\/shop.kustom.ch\/fr\/wp-json\/wp\/v2\/product_tag?post=583962"}],"curies":[{"name":"wp","href":"https:\/\/api.w.org\/{rel}","templated":true}]}}