{"id":583915,"date":"2025-03-04T10:06:13","date_gmt":"2025-03-04T09:06:13","guid":{"rendered":"https:\/\/shop.kustom.ch\/?post_type=product&#038;p=583915"},"modified":"2025-03-04T10:10:18","modified_gmt":"2025-03-04T09:10:18","slug":"funktions-socken","status":"publish","type":"product","link":"https:\/\/shop.kustom.ch\/fr\/produit\/funktions-socken\/","title":{"rendered":"Chaussettes fonctionnelles"},"content":{"rendered":"<p>Chaussettes douces et confortables en tissu synth\u00e9tique, offrant un bon soutien du pied et une tenue confortable. Le tissu a des propri\u00e9t\u00e9s d'\u00e9vacuation de l'humidit\u00e9 pour garder les pieds au sec pendant les longues journ\u00e9es de travail. Les chaussettes ont une couleur de haute visibilit\u00e9 et des bandes r\u00e9fl\u00e9chissantes sur le bord sup\u00e9rieur pour augmenter la visibilit\u00e9.<\/p>\n<p>D\u00c9TAILS : Renforts autour du cou-de-pied et de la cheville pour un ajustement confortable. Talon : Renfort autour du cou-de-pied et de la cheville pour un ajustement confortable. FONCTIONNALIT\u00c9 : D\u00e9tails de ventilation tricot\u00e9s. CARACTERISTIQUES PRINCIPALES : Unisexe. TISSU : Jaune haute visibilit\u00e9. INSTRUCTIONS DE LAVAGE : 40\u00b0 C<\/p>\n<p>95% polyamide, 5% autres fibres, jacquard, gestion de l'humidit\u00e9, 120g\/m<\/p>","protected":false},"excerpt":{"rendered":"<p>Weiche und bequeme Socken aus einem synthetischen Stoff mit guter Unterst\u00fctzung f\u00fcr den Fuss und bequemem Sitz. Der Stoff hat Feuchtigkeit transportierende Eigenschaften, um die F\u00fcsse an langen Arbeitstagen trocken zu halten. Die Socken haben eine Warnschutzfarbe und Reflexstreifen am oberen Rand um die Sichtbarkeit zu erh\u00f6hen. DETAILS: Verst\u00e4rkung um Spann und Kn\u00f6chel f\u00fcr komfortablen [&hellip;]<\/p>\n","protected":false},"featured_media":584003,"template":"","meta":[],"product_brand":[],"product_cat":[4199],"product_tag":[],"class_list":{"0":"post-583915","1":"product","2":"type-product","3":"status-publish","4":"has-post-thumbnail","6":"product_cat-socken","7":"pa_brand-blaklaeder","8":"pa_brand-type-workwear","9":"pa_filter-color-gelb","11":"first","12":"instock","13":"sale","14":"taxable","15":"shipping-taxable","16":"purchasable","17":"product-type-variable","18":"add-to-wishlist-before_image"},"exclude_global_add_ons":[],"addons":[],"acf":[],"_links":{"self":[{"href":"https:\/\/shop.kustom.ch\/fr\/wp-json\/wp\/v2\/product\/583915"}],"collection":[{"href":"https:\/\/shop.kustom.ch\/fr\/wp-json\/wp\/v2\/product"}],"about":[{"href":"https:\/\/shop.kustom.ch\/fr\/wp-json\/wp\/v2\/types\/product"}],"wp:featuredmedia":[{"embeddable":true,"href":"https:\/\/shop.kustom.ch\/fr\/wp-json\/wp\/v2\/media\/584003"}],"wp:attachment":[{"href":"https:\/\/shop.kustom.ch\/fr\/wp-json\/wp\/v2\/media?parent=583915"}],"wp:term":[{"taxonomy":"product_brand","embeddable":true,"href":"https:\/\/shop.kustom.ch\/fr\/wp-json\/wp\/v2\/product_brand?post=583915"},{"taxonomy":"product_cat","embeddable":true,"href":"https:\/\/shop.kustom.ch\/fr\/wp-json\/wp\/v2\/product_cat?post=583915"},{"taxonomy":"product_tag","embeddable":true,"href":"https:\/\/shop.kustom.ch\/fr\/wp-json\/wp\/v2\/product_tag?post=583915"}],"curies":[{"name":"wp","href":"https:\/\/api.w.org\/{rel}","templated":true}]}}