{"id":583914,"date":"2025-03-04T10:06:13","date_gmt":"2025-03-04T09:06:13","guid":{"rendered":"https:\/\/shop.kustom.ch\/?post_type=product&#038;p=583914"},"modified":"2026-03-31T08:40:26","modified_gmt":"2026-03-31T07:40:26","slug":"abnehmbare-nageltaschen","status":"publish","type":"product","link":"https:\/\/shop.kustom.ch\/fr\/produit\/abnehmbare-nageltaschen\/","title":{"rendered":"Poches \u00e0 clous amovibles"},"content":{"rendered":"<p>Pochettes de clous en vrac, id\u00e9ales pour les articles 1810, 1883, 1885, 2660 et 2662.<\/p>\n<p>D\u00c9TAILS : S'adapte \u00e0 tous les pantalons avec fermeture \u00e0 glissi\u00e8re. CLASSEMENT DES TAILLES : Mod\u00e8le 1883, 1885, 2660 XS=C40-C42, S=C44, D84, M=C46, C146, D88, L=C48, C148, D92, XL=C50-C64, C150-C162, D96-D124. Mod\u00e8le 1810, M=S-M, L=L-XL, XL= 2XL-3XL. CARACTERISTIQUES PRINCIPALES : unisexe. TISSU : bleu. Poches \u00e0 clous amovibles. Protection haute visibilit\u00e9. INSTRUCTIONS DE LAVAGE : Ne pas blanchir. CONDITIONNEMENT : Livr\u00e9 par paire<\/p>\n<p>100% Polyamide, CORDURA\u00ae (fibres de verre)<\/p>","protected":false},"excerpt":{"rendered":"<p>Lose Nageltaschen, die ideal zu den Artikeln 1810, 1883, 1885, 2660 und 2662 passen. DETAILS: Passend f\u00fcr alle Hosen mit Reissverschluss. GR\u00d6ssENERL\u00c4UTERUNG: Modell 1883, 1885, 2660 XS=C40-C42, S=C44, D84, M=C46, C146, D88, L=C48, C148, D92, XL=C50-C64, C150-C162, D96-D124. Modell 1810, M=S-M, L=L-XL, XL= 2XL-3XL. HAUPTEIGENSCHAFTEN: Unisex. STOFF: blau. Abnehmbare Nageltaschen. Warnschutz. WASCHANLEITUNG: Nicht bleichen. VERPACKUNG: [&hellip;]<\/p>\n","protected":false},"featured_media":583988,"template":"","meta":[],"product_brand":[],"product_cat":[9643,4209],"product_tag":[],"class_list":{"0":"post-583914","1":"product","2":"type-product","3":"status-publish","4":"has-post-thumbnail","6":"product_cat-equipment","7":"product_cat-zubehoer","8":"pa_brand-blaklaeder","9":"pa_brand-type-workwear","10":"pa_filter-color-blau","11":"pa_filter-color-schwarz","13":"first","14":"instock","15":"sale","16":"taxable","17":"shipping-taxable","18":"purchasable","19":"product-type-variable","20":"add-to-wishlist-before_image"},"exclude_global_add_ons":[],"addons":[],"acf":[],"_links":{"self":[{"href":"https:\/\/shop.kustom.ch\/fr\/wp-json\/wp\/v2\/product\/583914"}],"collection":[{"href":"https:\/\/shop.kustom.ch\/fr\/wp-json\/wp\/v2\/product"}],"about":[{"href":"https:\/\/shop.kustom.ch\/fr\/wp-json\/wp\/v2\/types\/product"}],"wp:featuredmedia":[{"embeddable":true,"href":"https:\/\/shop.kustom.ch\/fr\/wp-json\/wp\/v2\/media\/583988"}],"wp:attachment":[{"href":"https:\/\/shop.kustom.ch\/fr\/wp-json\/wp\/v2\/media?parent=583914"}],"wp:term":[{"taxonomy":"product_brand","embeddable":true,"href":"https:\/\/shop.kustom.ch\/fr\/wp-json\/wp\/v2\/product_brand?post=583914"},{"taxonomy":"product_cat","embeddable":true,"href":"https:\/\/shop.kustom.ch\/fr\/wp-json\/wp\/v2\/product_cat?post=583914"},{"taxonomy":"product_tag","embeddable":true,"href":"https:\/\/shop.kustom.ch\/fr\/wp-json\/wp\/v2\/product_tag?post=583914"}],"curies":[{"name":"wp","href":"https:\/\/api.w.org\/{rel}","templated":true}]}}