{"id":583849,"date":"2025-03-04T10:02:58","date_gmt":"2025-03-04T09:02:58","guid":{"rendered":"https:\/\/shop.kustom.ch\/?post_type=product&#038;p=583849"},"modified":"2026-03-31T08:40:06","modified_gmt":"2026-03-31T07:40:06","slug":"high-vis-kapuze","status":"publish","type":"product","link":"https:\/\/shop.kustom.ch\/fr\/produit\/high-vis-kapuze\/","title":{"rendered":"Capuche haute visibilit\u00e9"},"content":{"rendered":"<p>Capuche Hi-vis en mat\u00e9riau imperm\u00e9able au vent et \u00e0 l'eau. Respirant, avec coutures soud\u00e9es. Convient aux artisans, aux ouvriers industriels, aux travailleurs de la route et du b\u00e2timent. Laver \u00e0 40 \u00b0C. Ne pas blanchir. Ne pas utiliser de produits chimiques lors du lavage. Ne pas repasser ni s\u00e9cher au s\u00e8che-linge.<\/p>\n<p>FONCTIONNALIT\u00c9 : Mat\u00e9riau imperm\u00e9able au vent et \u00e0 l'eau avec respirabilit\u00e9, coutures soud\u00e9es. Articles 4828, 4827, 4780. LECTURE DES TAILLES : La taille S correspond \u00e0 la veste de taille S, M. La taille L correspond \u00e0 la veste de taille L, XL. La taille XXL est adapt\u00e9e aux vestes de taille XXL, 3XL. La taille 4XL s'adapte aux vestes de taille 4XL et plus. CARACTERISTIQUES PRINCIPALES : Hommes. REFLEX : D\u00e9tails r\u00e9fl\u00e9chissants sur la capuche. TISSU : jaune haute visibilit\u00e9. coupe-vent. Protection contre la haute visibilit\u00e9. INSTRUCTIONS DE LAVAGE : Ne pas repasser.<\/p>\n<p>100% Polyester, Oxford, enduit, imperm\u00e9able 15.000 mm, coupe-vent, respirant Ret 8,5, 200g\/m<\/p>","protected":false},"excerpt":{"rendered":"<p>Hi-vis Kapuze aus wind- und wasserdichtem Material. Atmungsaktiv, mit verschweissten N\u00e4hten. Geeignet f\u00fcr Handwerker, Industriearbeiter, Strassen- und Bauarbeiter. Bei 40 \u00b0C waschen. Nicht bleichen. Beim Waschen keine Chemikalien verwenden. Nicht b\u00fcgeln und nicht im Trockner trocknen. FUNKTIONALIT\u00c4T: Wind- &amp;amp; wasserdichtes Material mit Atmungsaktivit\u00e4t, verschweisste N\u00e4hte. Artikel 4828, 4827, 4780. GR\u00d6ssENERL\u00c4UTERUNG: Gr\u00f6sse S passt zu Jacke [&hellip;]<\/p>\n","protected":false},"featured_media":583938,"template":"","meta":[],"product_brand":[],"product_cat":[9643,4209],"product_tag":[],"class_list":{"0":"post-583849","1":"product","2":"type-product","3":"status-publish","4":"has-post-thumbnail","6":"product_cat-equipment","7":"product_cat-zubehoer","8":"pa_brand-blaklaeder","9":"pa_brand-type-workwear","10":"pa_filter-color-gelb","11":"pa_filter-color-orange","12":"pa_filter-color-rot","14":"first","15":"instock","16":"sale","17":"taxable","18":"shipping-taxable","19":"purchasable","20":"product-type-variable","21":"add-to-wishlist-before_image"},"exclude_global_add_ons":[],"addons":[],"acf":[],"_links":{"self":[{"href":"https:\/\/shop.kustom.ch\/fr\/wp-json\/wp\/v2\/product\/583849"}],"collection":[{"href":"https:\/\/shop.kustom.ch\/fr\/wp-json\/wp\/v2\/product"}],"about":[{"href":"https:\/\/shop.kustom.ch\/fr\/wp-json\/wp\/v2\/types\/product"}],"wp:featuredmedia":[{"embeddable":true,"href":"https:\/\/shop.kustom.ch\/fr\/wp-json\/wp\/v2\/media\/583938"}],"wp:attachment":[{"href":"https:\/\/shop.kustom.ch\/fr\/wp-json\/wp\/v2\/media?parent=583849"}],"wp:term":[{"taxonomy":"product_brand","embeddable":true,"href":"https:\/\/shop.kustom.ch\/fr\/wp-json\/wp\/v2\/product_brand?post=583849"},{"taxonomy":"product_cat","embeddable":true,"href":"https:\/\/shop.kustom.ch\/fr\/wp-json\/wp\/v2\/product_cat?post=583849"},{"taxonomy":"product_tag","embeddable":true,"href":"https:\/\/shop.kustom.ch\/fr\/wp-json\/wp\/v2\/product_tag?post=583849"}],"curies":[{"name":"wp","href":"https:\/\/api.w.org\/{rel}","templated":true}]}}