{"id":583821,"date":"2025-03-04T10:01:17","date_gmt":"2025-03-04T09:01:17","guid":{"rendered":"https:\/\/shop.kustom.ch\/?post_type=product&#038;p=583821"},"modified":"2026-03-31T08:39:51","modified_gmt":"2026-03-31T07:39:51","slug":"flammschutz-transfer-verstaerkung","status":"publish","type":"product","link":"https:\/\/shop.kustom.ch\/fr\/produit\/flammschutz-transfer-verstaerkung\/","title":{"rendered":"Renfort de transfert ignifuge"},"content":{"rendered":"<p>Un transfert de renforts de genoux ignifug\u00e9 qui prolonge la dur\u00e9e de vie des poches de genouill\u00e8res du pantalon et de l'ensemble du v\u00eatement. Convient \u00e0 ceux qui travaillent sur les genoux pendant la majeure partie de la journ\u00e9e de travail.<\/p>\n<p>D\u00c9TAILS : 160-190\u00b0C, 5-6 bars, 30 secondes. FONCTIONNALIT\u00c9 : Transfert de renfort pour les v\u00eatements ignifuges. CARACT\u00c9RISTIQUES PRINCIPALES : Unisexe. DIMENSIONS : 16\u00d723 cm. CONDITIONNEMENT : Livr\u00e9 par paire<\/p>","protected":false},"excerpt":{"rendered":"<p>Ein flammhemmender Knieverst\u00e4rkungstransfer, der die Lebensdauer der Kniepolstertaschen der Hose und des gesamten Kleidungsst\u00fccks verl\u00e4ngert. Geeignet f\u00fcr diejenigen, die den gr\u00f6ssten Teil des Arbeitstages auf den Knien arbeiten. DETAILS: 160-190\u00b0C, 5-6 Bar, 30 Sekunden. FUNKTIONALIT\u00c4T: Verst\u00e4rkungs-Transfer f\u00fcr Flammschutz Kleidung. HAUPTEIGENSCHAFTEN: Unisex. MASSANGABE: 16&#215;23 cm. VERPACKUNG: Lieferung paarweise<\/p>","protected":false},"featured_media":583911,"template":"","meta":[],"product_brand":[],"product_cat":[9643,4209],"product_tag":[],"class_list":{"0":"post-583821","1":"product","2":"type-product","3":"status-publish","4":"has-post-thumbnail","6":"product_cat-equipment","7":"product_cat-zubehoer","8":"pa_brand-blaklaeder","9":"pa_brand-type-workwear","10":"pa_filter-color-schwarz","12":"first","13":"instock","14":"sale","15":"taxable","16":"shipping-taxable","17":"purchasable","18":"product-type-variable","19":"add-to-wishlist-before_image"},"exclude_global_add_ons":[],"addons":[],"acf":[],"_links":{"self":[{"href":"https:\/\/shop.kustom.ch\/fr\/wp-json\/wp\/v2\/product\/583821"}],"collection":[{"href":"https:\/\/shop.kustom.ch\/fr\/wp-json\/wp\/v2\/product"}],"about":[{"href":"https:\/\/shop.kustom.ch\/fr\/wp-json\/wp\/v2\/types\/product"}],"wp:featuredmedia":[{"embeddable":true,"href":"https:\/\/shop.kustom.ch\/fr\/wp-json\/wp\/v2\/media\/583911"}],"wp:attachment":[{"href":"https:\/\/shop.kustom.ch\/fr\/wp-json\/wp\/v2\/media?parent=583821"}],"wp:term":[{"taxonomy":"product_brand","embeddable":true,"href":"https:\/\/shop.kustom.ch\/fr\/wp-json\/wp\/v2\/product_brand?post=583821"},{"taxonomy":"product_cat","embeddable":true,"href":"https:\/\/shop.kustom.ch\/fr\/wp-json\/wp\/v2\/product_cat?post=583821"},{"taxonomy":"product_tag","embeddable":true,"href":"https:\/\/shop.kustom.ch\/fr\/wp-json\/wp\/v2\/product_tag?post=583821"}],"curies":[{"name":"wp","href":"https:\/\/api.w.org\/{rel}","templated":true}]}}