{"id":583781,"date":"2025-03-04T09:58:49","date_gmt":"2025-03-04T08:58:49","guid":{"rendered":"https:\/\/shop.kustom.ch\/?post_type=product&#038;p=583781"},"modified":"2026-03-31T08:39:43","modified_gmt":"2026-03-31T07:39:43","slug":"hammerhalter","status":"publish","type":"product","link":"https:\/\/shop.kustom.ch\/fr\/produit\/hammerhalter\/","title":{"rendered":"Porte-marteau"},"content":{"rendered":"<p>Un porte-marteau astucieux et fonctionnel en plastique avec une fermeture velcro pour le fixer \u00e0 la ceinture. Il peut \u00e9galement \u00eatre fix\u00e9 directement sur le pantalon gr\u00e2ce aux languettes pr\u00e9vues \u00e0 cet effet. L'accessoire parfait pour les artisans professionnels.<\/p>\n<p>FONCTIONNALIT\u00c9 : Fix\u00e9 aux boucles pour porte marteau. CARACT\u00c9RISTIQUES PRINCIPALES : Unisexe. COMPATIBLE : Ceinture. INSTRUCTIONS DE LAVAGE : Retirer du pantalon avant le lavage.<\/p>","protected":false},"excerpt":{"rendered":"<p>Ein raffinierter und funktioneller Hammerhalter aus Plastik mit Klettverschluss zur Befestigung am G\u00fcrtel. Er kann auch direkt an den daf\u00fcr vorgesehenen Laschen an der Hose befestigt werden. Das perfekte Zubeh\u00f6r f\u00fcr professionelle Handwerker. FUNKTIONALIT\u00c4T: Befestigt an den Schlaufen f\u00fcr Hammerhalter. HAUPTEIGENSCHAFTEN: Unisex. PASST ZU: G\u00fcrtel. WASCHANLEITUNG: Vor dem Waschen von der Hose entfernen<\/p>","protected":false},"featured_media":583869,"template":"","meta":[],"product_brand":[],"product_cat":[9643,4209],"product_tag":[],"class_list":{"0":"post-583781","1":"product","2":"type-product","3":"status-publish","4":"has-post-thumbnail","6":"product_cat-equipment","7":"product_cat-zubehoer","8":"pa_brand-blaklaeder","9":"pa_brand-type-workwear","10":"pa_filter-color-schwarz","12":"first","13":"instock","14":"sale","15":"taxable","16":"shipping-taxable","17":"purchasable","18":"product-type-variable","19":"add-to-wishlist-before_image"},"exclude_global_add_ons":[],"addons":[],"acf":[],"_links":{"self":[{"href":"https:\/\/shop.kustom.ch\/fr\/wp-json\/wp\/v2\/product\/583781"}],"collection":[{"href":"https:\/\/shop.kustom.ch\/fr\/wp-json\/wp\/v2\/product"}],"about":[{"href":"https:\/\/shop.kustom.ch\/fr\/wp-json\/wp\/v2\/types\/product"}],"wp:featuredmedia":[{"embeddable":true,"href":"https:\/\/shop.kustom.ch\/fr\/wp-json\/wp\/v2\/media\/583869"}],"wp:attachment":[{"href":"https:\/\/shop.kustom.ch\/fr\/wp-json\/wp\/v2\/media?parent=583781"}],"wp:term":[{"taxonomy":"product_brand","embeddable":true,"href":"https:\/\/shop.kustom.ch\/fr\/wp-json\/wp\/v2\/product_brand?post=583781"},{"taxonomy":"product_cat","embeddable":true,"href":"https:\/\/shop.kustom.ch\/fr\/wp-json\/wp\/v2\/product_cat?post=583781"},{"taxonomy":"product_tag","embeddable":true,"href":"https:\/\/shop.kustom.ch\/fr\/wp-json\/wp\/v2\/product_tag?post=583781"}],"curies":[{"name":"wp","href":"https:\/\/api.w.org\/{rel}","templated":true}]}}