{"id":583778,"date":"2025-03-04T09:58:48","date_gmt":"2025-03-04T08:58:48","guid":{"rendered":"https:\/\/shop.kustom.ch\/?post_type=product&#038;p=583778"},"modified":"2025-05-09T11:26:22","modified_gmt":"2025-05-09T10:26:22","slug":"flammschutz-ausweistasche","status":"publish","type":"product","link":"https:\/\/shop.kustom.ch\/fr\/produit\/flammschutz-ausweistasche\/","title":{"rendered":"Pochette pour carte d'identit\u00e9 ignifug\u00e9e"},"content":{"rendered":"<p>Poche d'identification amovible pour les v\u00eatements ignifug\u00e9s.<\/p>\n<p>D\u00c9TAILS : Poche d'identification amovible pour les v\u00eatements ignifuges. CARACT\u00c9RISTIQUES PRINCIPALES : Unisexe. TISSU : noir. Protection contre les flammes<\/p>\n<p>65% coton, 34% polyester, 1% autres fibres, serg\u00e9, ignifug\u00e9, antistatique, 350 g\/m<\/p>","protected":false},"excerpt":{"rendered":"<p>Abnehmbare Ausweistasche f\u00fcr Flammschutz Kleidung. DETAILS: Abnehmbare Ausweistasche f\u00fcr Flammschutz-Kleidung. HAUPTEIGENSCHAFTEN: Unisex. STOFF: schwarz. Flammschutz 65% Baumwolle, 34% Polyester, 1% andere Fasern, K\u00f6per, flammhemmend, antistatisch, 350 g\/m\u00b2<\/p>","protected":false},"featured_media":583862,"template":"","meta":[],"product_brand":[],"product_cat":[9643,4209],"product_tag":[],"class_list":{"0":"post-583778","1":"product","2":"type-product","3":"status-publish","4":"has-post-thumbnail","6":"product_cat-equipment","7":"product_cat-zubehoer","8":"pa_brand-blaklaeder","9":"pa_brand-type-workwear","10":"pa_filter-color-schwarz","12":"first","13":"instock","14":"sale","15":"taxable","16":"shipping-taxable","17":"purchasable","18":"product-type-variable","19":"add-to-wishlist-before_image"},"exclude_global_add_ons":[],"addons":[],"acf":[],"_links":{"self":[{"href":"https:\/\/shop.kustom.ch\/fr\/wp-json\/wp\/v2\/product\/583778"}],"collection":[{"href":"https:\/\/shop.kustom.ch\/fr\/wp-json\/wp\/v2\/product"}],"about":[{"href":"https:\/\/shop.kustom.ch\/fr\/wp-json\/wp\/v2\/types\/product"}],"wp:featuredmedia":[{"embeddable":true,"href":"https:\/\/shop.kustom.ch\/fr\/wp-json\/wp\/v2\/media\/583862"}],"wp:attachment":[{"href":"https:\/\/shop.kustom.ch\/fr\/wp-json\/wp\/v2\/media?parent=583778"}],"wp:term":[{"taxonomy":"product_brand","embeddable":true,"href":"https:\/\/shop.kustom.ch\/fr\/wp-json\/wp\/v2\/product_brand?post=583778"},{"taxonomy":"product_cat","embeddable":true,"href":"https:\/\/shop.kustom.ch\/fr\/wp-json\/wp\/v2\/product_cat?post=583778"},{"taxonomy":"product_tag","embeddable":true,"href":"https:\/\/shop.kustom.ch\/fr\/wp-json\/wp\/v2\/product_tag?post=583778"}],"curies":[{"name":"wp","href":"https:\/\/api.w.org\/{rel}","templated":true}]}}