{"id":583771,"date":"2025-03-04T09:58:17","date_gmt":"2025-03-04T08:58:17","guid":{"rendered":"https:\/\/shop.kustom.ch\/?post_type=product&#038;p=583771"},"modified":"2025-03-04T10:04:57","modified_gmt":"2025-03-04T09:04:57","slug":"rucksack-50-l","status":"publish","type":"product","link":"https:\/\/shop.kustom.ch\/fr\/produit\/rucksack-50-l\/","title":{"rendered":"Sac \u00e0 dos 50 L"},"content":{"rendered":"<p>Un sac \u00e0 dos incroyablement utile, disponible en trois versions et capacit\u00e9s diff\u00e9rentes - 30, 50 et 70 litres - qui convient \u00e0 toutes les situations imaginables, que ce soit pour un voyage ou pour le travail. Le sac \u00e0 dos est ferm\u00e9 sur lui-m\u00eame, ce qui le rend tr\u00e8s l\u00e9ger et facile \u00e0 plier et \u00e0 ranger lorsqu'il n'est pas utilis\u00e9. Comme le sac \u00e0 dos est en tarpaulin, il est r\u00e9sistant \u00e0 la salet\u00e9 et \u00e0 l'eau. De plus, les articles 2091\/2092\/2093 sont faciles \u00e0 porter gr\u00e2ce aux bandouli\u00e8res robustes et les poign\u00e9es disponibles peuvent \u00eatre utilis\u00e9es pour se tenir. Le sac \u00e0 dos est dot\u00e9 d'une fermeture \u00e0 enroulement, ce qui permet d'y mettre autant de choses que possible. La doublure int\u00e9rieure du sac \u00e0 dos est grise, ce qui permet de trouver les choses plus rapidement.<\/p>\n<p>D\u00c9TAILS : espace pour la personnalisation sur la bandouli\u00e8re, 4\u00d713 cm. \u00c9tiquette Bl\u00e5kl\u00e4der tiss\u00e9e sur le c\u00f4t\u00e9. Capacit\u00e9 de 50 litres. FONCTIONNALIT\u00c9 : Porte-cl\u00e9s dans la poche avant. CARACTERISTIQUES PRINCIPALES : Unisexe. DIMENSIONS : 25x32x53 cm. SYMBOLES : Water repellent 2. INSTRUCTIONS DE LAVAGE : Lavage \u00e0 la main. ACCESSOIRES : Contient 50 litres.<\/p>\n<p>100% Polyester enduit de PVC, imperm\u00e9able, 680 g\/m\u00b2.<\/p>","protected":false},"excerpt":{"rendered":"<p>Ein unglaublich n\u00fctzlicher Rucksack in dreiverschiedenen Versionen und Kapazit\u00e4ten &#8211; 30, 50 und 70 Liter &#8211; der zu allenerdenklichen Situationen passt, sei es eine Reise oder f\u00fcr die Arbeit. DerRucksack ist in sich geschlossen und ist deswegen sehr leicht und dennocheinfach zu falten und zu verstauen, wenn er nicht gebraucht wird. Da derRucksack aus Tarpaulin [&hellip;]<\/p>\n","protected":false},"featured_media":583860,"template":"","meta":[],"product_brand":[],"product_cat":[9643,4209],"product_tag":[],"class_list":{"0":"post-583771","1":"product","2":"type-product","3":"status-publish","4":"has-post-thumbnail","6":"product_cat-equipment","7":"product_cat-zubehoer","8":"pa_brand-blaklaeder","9":"pa_brand-type-workwear","10":"pa_filter-color-schwarz","12":"first","13":"instock","14":"sale","15":"taxable","16":"shipping-taxable","17":"purchasable","18":"product-type-variable","19":"add-to-wishlist-before_image"},"exclude_global_add_ons":[],"addons":[],"acf":[],"_links":{"self":[{"href":"https:\/\/shop.kustom.ch\/fr\/wp-json\/wp\/v2\/product\/583771"}],"collection":[{"href":"https:\/\/shop.kustom.ch\/fr\/wp-json\/wp\/v2\/product"}],"about":[{"href":"https:\/\/shop.kustom.ch\/fr\/wp-json\/wp\/v2\/types\/product"}],"wp:featuredmedia":[{"embeddable":true,"href":"https:\/\/shop.kustom.ch\/fr\/wp-json\/wp\/v2\/media\/583860"}],"wp:attachment":[{"href":"https:\/\/shop.kustom.ch\/fr\/wp-json\/wp\/v2\/media?parent=583771"}],"wp:term":[{"taxonomy":"product_brand","embeddable":true,"href":"https:\/\/shop.kustom.ch\/fr\/wp-json\/wp\/v2\/product_brand?post=583771"},{"taxonomy":"product_cat","embeddable":true,"href":"https:\/\/shop.kustom.ch\/fr\/wp-json\/wp\/v2\/product_cat?post=583771"},{"taxonomy":"product_tag","embeddable":true,"href":"https:\/\/shop.kustom.ch\/fr\/wp-json\/wp\/v2\/product_tag?post=583771"}],"curies":[{"name":"wp","href":"https:\/\/api.w.org\/{rel}","templated":true}]}}