{"id":583752,"date":"2025-03-04T09:57:43","date_gmt":"2025-03-04T08:57:43","guid":{"rendered":"https:\/\/shop.kustom.ch\/?post_type=product&#038;p=583752"},"modified":"2026-03-31T08:39:16","modified_gmt":"2026-03-31T07:39:16","slug":"kappe-unite","status":"publish","type":"product","link":"https:\/\/shop.kustom.ch\/fr\/produit\/kappe-unite\/","title":{"rendered":"Casquette Unite"},"content":{"rendered":"<p>Casquette publicitaire qui compl\u00e8te parfaitement la collection Unite. Une casquette de base de haute qualit\u00e9 en coton avec une bonne coupe et des surfaces fantastiques pour l'impression du logo. Avec une fermeture velcro r\u00e9glable \u00e0 l'arri\u00e8re.<\/p>\n<p>D\u00c9TAILS : bonnes surfaces pour la finition. \u00c9tiquette tiss\u00e9e au dos. Fermeture r\u00e9glable en velcro. CARACT\u00c9RISTIQUES PRINCIPALES : Unisexe. DIMENSIONS : mesures 56-60 cm. INSTRUCTIONS DE LAVAGE : Lavage \u00e0 la main.<\/p>","protected":false},"excerpt":{"rendered":"<p>Werbekappe, die die perfekte Erg\u00e4nzung zur Unite Kollektion ist. Eine hochwertige Basiskappe aus Baumwolle mit guter Passform und fantastischen Oberfl\u00e4chen f\u00fcr Logoaufdrucke. Mit verstellbarem Klettverschluss auf der R\u00fcckseite. DETAILS: Gute Oberfl\u00e4chen f\u00fcr Veredelung. Gewebtes Etikett auf der R\u00fcckseite. Verstellbarer Klettverschluss. HAUPTEIGENSCHAFTEN: Unisex. MASSANGABE: Masse 56-60 cm. WASCHANLEITUNG: Handw\u00e4sche<\/p>","protected":false},"featured_media":583838,"template":"","meta":[],"product_brand":[],"product_cat":[9643,4209],"product_tag":[],"class_list":{"0":"post-583752","1":"product","2":"type-product","3":"status-publish","4":"has-post-thumbnail","6":"product_cat-equipment","7":"product_cat-zubehoer","8":"pa_brand-blaklaeder","9":"pa_brand-type-workwear","10":"pa_filter-color-blau","11":"pa_filter-color-grau","12":"pa_filter-color-rot","13":"pa_filter-color-schwarz","15":"first","16":"instock","17":"sale","18":"taxable","19":"shipping-taxable","20":"purchasable","21":"product-type-variable","22":"add-to-wishlist-before_image"},"exclude_global_add_ons":[],"addons":[],"acf":[],"_links":{"self":[{"href":"https:\/\/shop.kustom.ch\/fr\/wp-json\/wp\/v2\/product\/583752"}],"collection":[{"href":"https:\/\/shop.kustom.ch\/fr\/wp-json\/wp\/v2\/product"}],"about":[{"href":"https:\/\/shop.kustom.ch\/fr\/wp-json\/wp\/v2\/types\/product"}],"wp:featuredmedia":[{"embeddable":true,"href":"https:\/\/shop.kustom.ch\/fr\/wp-json\/wp\/v2\/media\/583838"}],"wp:attachment":[{"href":"https:\/\/shop.kustom.ch\/fr\/wp-json\/wp\/v2\/media?parent=583752"}],"wp:term":[{"taxonomy":"product_brand","embeddable":true,"href":"https:\/\/shop.kustom.ch\/fr\/wp-json\/wp\/v2\/product_brand?post=583752"},{"taxonomy":"product_cat","embeddable":true,"href":"https:\/\/shop.kustom.ch\/fr\/wp-json\/wp\/v2\/product_cat?post=583752"},{"taxonomy":"product_tag","embeddable":true,"href":"https:\/\/shop.kustom.ch\/fr\/wp-json\/wp\/v2\/product_tag?post=583752"}],"curies":[{"name":"wp","href":"https:\/\/api.w.org\/{rel}","templated":true}]}}