{"id":583746,"date":"2025-03-04T09:57:08","date_gmt":"2025-03-04T08:57:08","guid":{"rendered":"https:\/\/shop.kustom.ch\/?post_type=product&#038;p=583746"},"modified":"2026-03-31T08:39:15","modified_gmt":"2026-03-31T07:39:15","slug":"kappe-maler","status":"publish","type":"product","link":"https:\/\/shop.kustom.ch\/fr\/produit\/kappe-maler\/","title":{"rendered":"Casquette Peintre"},"content":{"rendered":"<p>Une belle casquette blanche en coton \u00e0 visi\u00e8re plate et snapback a \u00e9t\u00e9 sp\u00e9cialement con\u00e7ue pour les peintres. Elle est dot\u00e9e d'une broderie discr\u00e8te \u201aBLK 1959\u2018 et offre une tr\u00e8s bonne surface pour les finitions \u00e0 l'avant et \u00e0 l'arri\u00e8re.<\/p>\n<p>D\u00c9TAILS : Bonnes surfaces pour les finitions. Logo Bl\u00e5kl\u00e4der tiss\u00e9 \u00e0 l'arri\u00e8re. Rebord plat. Broderie BLK 1959 sur le devant. CARACTERISTIQUES PRINCIPALES : Unisexe. DIMENSIONS : mesures 56-60 cm. INSTRUCTIONS DE LAVAGE : Ne pas essorer.<\/p>","protected":false},"excerpt":{"rendered":"<p>Eine sch\u00f6ne weisse Baumwoll Kappe mit flachem Schirm und Snapback wurde speziell f\u00fcr Maler entwickelt. Sie hat einen diskreten Stick &#8218;BLK 1959&#8216; und bietet eine sehr gute Oberfl\u00e4che f\u00fcr Veredelungen vorne und hinten. DETAILS: Gute Oberfl\u00e4chen f\u00fcr Veredelung. Gewebtes Bl\u00e5kl\u00e4der Logo hinten. Flache Krempe. BLK 1959 Stick vorne. HAUPTEIGENSCHAFTEN: Unisex. MASSANGABE: Masse 56-60 cm. WASCHANLEITUNG: [&hellip;]<\/p>\n","protected":false},"featured_media":583829,"template":"","meta":[],"product_brand":[],"product_cat":[9643,4209],"product_tag":[],"class_list":{"0":"post-583746","1":"product","2":"type-product","3":"status-publish","4":"has-post-thumbnail","6":"product_cat-equipment","7":"product_cat-zubehoer","8":"pa_brand-blaklaeder","9":"pa_brand-type-workwear","10":"pa_filter-color-weiss","12":"first","13":"instock","14":"sale","15":"taxable","16":"shipping-taxable","17":"purchasable","18":"product-type-variable","19":"add-to-wishlist-before_image"},"exclude_global_add_ons":[],"addons":[],"acf":[],"_links":{"self":[{"href":"https:\/\/shop.kustom.ch\/fr\/wp-json\/wp\/v2\/product\/583746"}],"collection":[{"href":"https:\/\/shop.kustom.ch\/fr\/wp-json\/wp\/v2\/product"}],"about":[{"href":"https:\/\/shop.kustom.ch\/fr\/wp-json\/wp\/v2\/types\/product"}],"wp:featuredmedia":[{"embeddable":true,"href":"https:\/\/shop.kustom.ch\/fr\/wp-json\/wp\/v2\/media\/583829"}],"wp:attachment":[{"href":"https:\/\/shop.kustom.ch\/fr\/wp-json\/wp\/v2\/media?parent=583746"}],"wp:term":[{"taxonomy":"product_brand","embeddable":true,"href":"https:\/\/shop.kustom.ch\/fr\/wp-json\/wp\/v2\/product_brand?post=583746"},{"taxonomy":"product_cat","embeddable":true,"href":"https:\/\/shop.kustom.ch\/fr\/wp-json\/wp\/v2\/product_cat?post=583746"},{"taxonomy":"product_tag","embeddable":true,"href":"https:\/\/shop.kustom.ch\/fr\/wp-json\/wp\/v2\/product_tag?post=583746"}],"curies":[{"name":"wp","href":"https:\/\/api.w.org\/{rel}","templated":true}]}}