{"id":583720,"date":"2025-03-04T09:56:02","date_gmt":"2025-03-04T08:56:02","guid":{"rendered":"https:\/\/shop.kustom.ch\/?post_type=product&#038;p=583720"},"modified":"2026-03-31T08:39:13","modified_gmt":"2026-03-31T07:39:13","slug":"schweisser-muetze","status":"publish","type":"product","link":"https:\/\/shop.kustom.ch\/fr\/produit\/schweisser-muetze\/","title":{"rendered":"Casquette de soudeur"},"content":{"rendered":"<p>Une casquette de soudeur \u00e9lastique, disponible en quatre tailles. La casquette prot\u00e8ge des salissures et peut \u00eatre port\u00e9e sans probl\u00e8me sous un casque de soudeur. La casquette offre un excellent potentiel de profilage pour les entreprises. Certifi\u00e9 selon EN ISO 14116, EN 1149-5.<\/p>\n<p>D\u00c9TAILS : \u00c9tiquettes de certification ext\u00e9rieures. FONCTIONNALIT\u00c9 : Peut \u00eatre port\u00e9 sous le casque. CARACTERISTIQUES PRINCIPALES : Unisexe. EN ISO 14116. DIMENSIONS : M = 57-59cm. INSTRUCTIONS DE LAVAGE : Ne pas nettoyer \u00e0 sec. CERTIFICATION : EN 1149-5. EN ISO 14116, indice 3.<\/p>\n<p>99% Coton, 1% antistatique, ignifug\u00e9, antistatique, 230g\/m<\/p>","protected":false},"excerpt":{"rendered":"<p>Eine elastische Schweisserm\u00fctze, erh\u00e4ltlich in vier Gr\u00f6ssen. Die M\u00fctze sch\u00fctzt vor Schmutz und kann problemlos unter einem Schweisserhelm getragen werden. Die M\u00fctze bietet ein hervorragendes Profilierungspotenzial f\u00fcr Unternehmen. Zertifiziert nach EN ISO 14116, EN 1149-5. DETAILS: Aussenliegende Zertifizierungsetiketten. FUNKTIONALIT\u00c4T: Kann unter dem Helm getragen werden. HAUPTEIGENSCHAFTEN: Unisex. EN ISO 14116. MASSANGABE: M = 57-59cm. WASCHANLEITUNG: [&hellip;]<\/p>\n","protected":false},"featured_media":583803,"template":"","meta":[],"product_brand":[],"product_cat":[9643,4209],"product_tag":[],"class_list":{"0":"post-583720","1":"product","2":"type-product","3":"status-publish","4":"has-post-thumbnail","6":"product_cat-equipment","7":"product_cat-zubehoer","8":"pa_brand-blaklaeder","9":"pa_brand-type-workwear","10":"pa_filter-color-schwarz","12":"first","13":"instock","14":"sale","15":"taxable","16":"shipping-taxable","17":"purchasable","18":"product-type-variable","19":"add-to-wishlist-before_image"},"exclude_global_add_ons":[],"addons":[],"acf":[],"_links":{"self":[{"href":"https:\/\/shop.kustom.ch\/fr\/wp-json\/wp\/v2\/product\/583720"}],"collection":[{"href":"https:\/\/shop.kustom.ch\/fr\/wp-json\/wp\/v2\/product"}],"about":[{"href":"https:\/\/shop.kustom.ch\/fr\/wp-json\/wp\/v2\/types\/product"}],"wp:featuredmedia":[{"embeddable":true,"href":"https:\/\/shop.kustom.ch\/fr\/wp-json\/wp\/v2\/media\/583803"}],"wp:attachment":[{"href":"https:\/\/shop.kustom.ch\/fr\/wp-json\/wp\/v2\/media?parent=583720"}],"wp:term":[{"taxonomy":"product_brand","embeddable":true,"href":"https:\/\/shop.kustom.ch\/fr\/wp-json\/wp\/v2\/product_brand?post=583720"},{"taxonomy":"product_cat","embeddable":true,"href":"https:\/\/shop.kustom.ch\/fr\/wp-json\/wp\/v2\/product_cat?post=583720"},{"taxonomy":"product_tag","embeddable":true,"href":"https:\/\/shop.kustom.ch\/fr\/wp-json\/wp\/v2\/product_tag?post=583720"}],"curies":[{"name":"wp","href":"https:\/\/api.w.org\/{rel}","templated":true}]}}