{"id":583719,"date":"2025-03-04T09:56:01","date_gmt":"2025-03-04T08:56:01","guid":{"rendered":"https:\/\/shop.kustom.ch\/?post_type=product&#038;p=583719"},"modified":"2026-03-31T08:39:13","modified_gmt":"2026-03-31T07:39:13","slug":"wintermuetze-mit-ohrenklappen","status":"publish","type":"product","link":"https:\/\/shop.kustom.ch\/fr\/produit\/wintermuetze-mit-ohrenklappen\/","title":{"rendered":"Bonnet d'hiver avec oreillettes"},"content":{"rendered":"<p>Un bonnet d'hiver incroyablement confortable, doux et chaud avec des oreillettes. Il est dot\u00e9 d'une doublure en polaire douce qui offre une chaleur suppl\u00e9mentaire et d'une petite visi\u00e8re pour une protection imm\u00e9diate. Le bonnet est en acrylique facile \u00e0 entretenir.<\/p>\n<p>D\u00c9TAILS : embl\u00e8me Bl\u00e5kl\u00e4der en similicuir sur le devant. Couvre le front et les oreilles. CARACTERISTIQUES PRINCIPALES : Unisexe. DIMENSIONS : S\/M : 54-58 cm. INSTRUCTIONS DE LAVAGE : Ne pas essorer.<\/p>\n<p>100% Polyacrylique, tricot\u00e9 2\u00d72 canaux<\/p>","protected":false},"excerpt":{"rendered":"<p>Eine unglaublich bequeme, weiche und w\u00e4rmende Winterm\u00fctze mit Ohrenklappen. Sie hat ein weiches Fleecefutter, das zus\u00e4tzliche W\u00e4rme bietet und einen kleinen Schirm f\u00fcr unmittelbaren Schutz. Die M\u00fctze besteht aus pflegeleichtem Acryl. DETAILS: Bl\u00e5kl\u00e4der Emblem aus Kunstleder vorne. Bedeckt Stirn und Ohren. HAUPTEIGENSCHAFTEN: Unisex. MASSANGABE: S\/M: 54-58 cm. WASCHANLEITUNG: Nicht schleudern 100% Polyacryl, 2&#215;2 kanalgestrickt<\/p>","protected":false},"featured_media":583802,"template":"","meta":[],"product_brand":[],"product_cat":[9643,4209],"product_tag":[],"class_list":{"0":"post-583719","1":"product","2":"type-product","3":"status-publish","4":"has-post-thumbnail","6":"product_cat-equipment","7":"product_cat-zubehoer","8":"pa_brand-blaklaeder","9":"pa_brand-type-workwear","10":"pa_filter-color-schwarz","12":"first","13":"instock","14":"sale","15":"taxable","16":"shipping-taxable","17":"purchasable","18":"product-type-variable","19":"add-to-wishlist-before_image"},"exclude_global_add_ons":[],"addons":[],"acf":[],"_links":{"self":[{"href":"https:\/\/shop.kustom.ch\/fr\/wp-json\/wp\/v2\/product\/583719"}],"collection":[{"href":"https:\/\/shop.kustom.ch\/fr\/wp-json\/wp\/v2\/product"}],"about":[{"href":"https:\/\/shop.kustom.ch\/fr\/wp-json\/wp\/v2\/types\/product"}],"wp:featuredmedia":[{"embeddable":true,"href":"https:\/\/shop.kustom.ch\/fr\/wp-json\/wp\/v2\/media\/583802"}],"wp:attachment":[{"href":"https:\/\/shop.kustom.ch\/fr\/wp-json\/wp\/v2\/media?parent=583719"}],"wp:term":[{"taxonomy":"product_brand","embeddable":true,"href":"https:\/\/shop.kustom.ch\/fr\/wp-json\/wp\/v2\/product_brand?post=583719"},{"taxonomy":"product_cat","embeddable":true,"href":"https:\/\/shop.kustom.ch\/fr\/wp-json\/wp\/v2\/product_cat?post=583719"},{"taxonomy":"product_tag","embeddable":true,"href":"https:\/\/shop.kustom.ch\/fr\/wp-json\/wp\/v2\/product_tag?post=583719"}],"curies":[{"name":"wp","href":"https:\/\/api.w.org\/{rel}","templated":true}]}}