{"id":583718,"date":"2025-03-04T09:56:01","date_gmt":"2025-03-04T08:56:01","guid":{"rendered":"https:\/\/shop.kustom.ch\/?post_type=product&#038;p=583718"},"modified":"2026-03-31T08:39:12","modified_gmt":"2026-03-31T07:39:12","slug":"flammschutz-wollmuetze","status":"publish","type":"product","link":"https:\/\/shop.kustom.ch\/fr\/produit\/flammschutz-wollmuetze\/","title":{"rendered":"Bonnet en laine ignifug\u00e9"},"content":{"rendered":"<p>Un bonnet en laine fin, flexible et ignifug\u00e9 qui peut \u00eatre port\u00e9 sous un casque. Il poss\u00e8de d'excellentes propri\u00e9t\u00e9s en termes de fourniture et de stockage de la chaleur. Elle est certifi\u00e9e selon EN ISO 14116. EN 1149-5.<\/p>\n<p>D\u00c9TAILS : \u00c9tiquettes de certification ext\u00e9rieures. CARACT\u00c9RISTIQUES PRINCIPALES : Unisexe. EN ISO 14116. TISSU : noir. Protection contre les flammes. INSTRUCTIONS DE LAVAGE : ne pas repasser. CERTIFICATION : EN 1149-5. EN ISO 14116, indice 3<\/p>\n<p>68% laine, 30% modacrylique, 2% antistatique, interlock m\u00e9rinos, ignifug\u00e9, antistatique, 225 g\/m<\/p>","protected":false},"excerpt":{"rendered":"<p>Eine d\u00fcnne, flexible und flammhemmende Wollm\u00fctze, die unter einem Helm getragen werden kann. Sie hat hervorragende Eigenschaften in Bezug auf die Lieferung und Speicherung von W\u00e4rme. Sie ist zertifiziert nach EN ISO 14116. EN 1149-5. DETAILS: Aussenliegende Zertifizierungsetiketten. HAUPTEIGENSCHAFTEN: Unisex. EN ISO 14116. STOFF: schwarz. Flammschutz. WASCHANLEITUNG: Nicht b\u00fcgeln. ZERTIFIZIERUNG: EN 1149-5. EN ISO 14116, [&hellip;]<\/p>\n","protected":false},"featured_media":583796,"template":"","meta":[],"product_brand":[],"product_cat":[9643,4209],"product_tag":[],"class_list":{"0":"post-583718","1":"product","2":"type-product","3":"status-publish","4":"has-post-thumbnail","6":"product_cat-equipment","7":"product_cat-zubehoer","8":"pa_brand-blaklaeder","9":"pa_brand-type-workwear","10":"pa_filter-color-schwarz","12":"first","13":"instock","14":"sale","15":"taxable","16":"shipping-taxable","17":"purchasable","18":"product-type-variable","19":"add-to-wishlist-before_image"},"exclude_global_add_ons":[],"addons":[],"acf":[],"_links":{"self":[{"href":"https:\/\/shop.kustom.ch\/fr\/wp-json\/wp\/v2\/product\/583718"}],"collection":[{"href":"https:\/\/shop.kustom.ch\/fr\/wp-json\/wp\/v2\/product"}],"about":[{"href":"https:\/\/shop.kustom.ch\/fr\/wp-json\/wp\/v2\/types\/product"}],"wp:featuredmedia":[{"embeddable":true,"href":"https:\/\/shop.kustom.ch\/fr\/wp-json\/wp\/v2\/media\/583796"}],"wp:attachment":[{"href":"https:\/\/shop.kustom.ch\/fr\/wp-json\/wp\/v2\/media?parent=583718"}],"wp:term":[{"taxonomy":"product_brand","embeddable":true,"href":"https:\/\/shop.kustom.ch\/fr\/wp-json\/wp\/v2\/product_brand?post=583718"},{"taxonomy":"product_cat","embeddable":true,"href":"https:\/\/shop.kustom.ch\/fr\/wp-json\/wp\/v2\/product_cat?post=583718"},{"taxonomy":"product_tag","embeddable":true,"href":"https:\/\/shop.kustom.ch\/fr\/wp-json\/wp\/v2\/product_tag?post=583718"}],"curies":[{"name":"wp","href":"https:\/\/api.w.org\/{rel}","templated":true}]}}