{"id":583717,"date":"2025-03-04T09:56:01","date_gmt":"2025-03-04T08:56:01","guid":{"rendered":"https:\/\/shop.kustom.ch\/?post_type=product&#038;p=583717"},"modified":"2025-03-04T10:01:42","modified_gmt":"2025-03-04T09:01:42","slug":"strickmuetze-4","status":"publish","type":"product","link":"https:\/\/shop.kustom.ch\/fr\/produit\/strickmuetze-4\/","title":{"rendered":"Bonnet tricot\u00e9"},"content":{"rendered":"<p>Le bonnet tricot\u00e9 est compos\u00e9 \u00e0 100% de polyester, qui tient chaud lorsque les temp\u00e9ratures baissent. La qualit\u00e9 douce de ce bonnet offre confort et chaleur. Le texte \u201aBLAKLADER\u2018 clairement visible fait de ce bonnet le bon choix pour tous les fans de Bl\u00e5kl\u00e4der. <\/p>\n<p>DETAILS : Tricot \u00e0 c\u00f4tes. CARACT\u00c9RISTIQUES PRINCIPALES : Unisexe. TISSU : gris. Vent \/ humidit\u00e9 \/ froid. INSTRUCTIONS DE LAVAGE : Ne pas essorer.<\/p>\n<p>100% Polyacrylique, tricot\u00e9 2\u00d72 canaux<\/p>","protected":false},"excerpt":{"rendered":"<p>Die Strickm\u00fctze besteht zu 100% aus Polyester, das warm h\u00e4lt wenn die Temperaturen k\u00e4lter werden. Die weiche Qualit\u00e4t dieser M\u00fctze bietet Komfort und W\u00e4rme. Der deutlich sichtbare &#8218;BLAKLADER&#8216; Text macht die M\u00fctze zur richtigen Wahl f\u00fcr jeden Bl\u00e5kl\u00e4der-Fan. DETAILS: Rippenstrick. HAUPTEIGENSCHAFTEN: Unisex. STOFF: grau. Wind \/ N\u00e4sse \/ K\u00e4lte. WASCHANLEITUNG: Nicht schleudern 100% Polyacryl, 2&#215;2 [&hellip;]<\/p>\n","protected":false},"featured_media":583795,"template":"","meta":[],"product_brand":[],"product_cat":[9643,4209],"product_tag":[],"class_list":{"0":"post-583717","1":"product","2":"type-product","3":"status-publish","4":"has-post-thumbnail","6":"product_cat-equipment","7":"product_cat-zubehoer","8":"pa_brand-blaklaeder","9":"pa_brand-type-workwear","10":"pa_filter-color-gelb","11":"pa_filter-color-grau","13":"first","14":"instock","15":"sale","16":"taxable","17":"shipping-taxable","18":"purchasable","19":"product-type-variable","20":"add-to-wishlist-before_image"},"exclude_global_add_ons":[],"addons":[],"acf":[],"_links":{"self":[{"href":"https:\/\/shop.kustom.ch\/fr\/wp-json\/wp\/v2\/product\/583717"}],"collection":[{"href":"https:\/\/shop.kustom.ch\/fr\/wp-json\/wp\/v2\/product"}],"about":[{"href":"https:\/\/shop.kustom.ch\/fr\/wp-json\/wp\/v2\/types\/product"}],"wp:featuredmedia":[{"embeddable":true,"href":"https:\/\/shop.kustom.ch\/fr\/wp-json\/wp\/v2\/media\/583795"}],"wp:attachment":[{"href":"https:\/\/shop.kustom.ch\/fr\/wp-json\/wp\/v2\/media?parent=583717"}],"wp:term":[{"taxonomy":"product_brand","embeddable":true,"href":"https:\/\/shop.kustom.ch\/fr\/wp-json\/wp\/v2\/product_brand?post=583717"},{"taxonomy":"product_cat","embeddable":true,"href":"https:\/\/shop.kustom.ch\/fr\/wp-json\/wp\/v2\/product_cat?post=583717"},{"taxonomy":"product_tag","embeddable":true,"href":"https:\/\/shop.kustom.ch\/fr\/wp-json\/wp\/v2\/product_tag?post=583717"}],"curies":[{"name":"wp","href":"https:\/\/api.w.org\/{rel}","templated":true}]}}