{"id":583694,"date":"2025-03-04T09:54:57","date_gmt":"2025-03-04T08:54:57","guid":{"rendered":"https:\/\/shop.kustom.ch\/?post_type=product&#038;p=583694"},"modified":"2026-03-31T08:39:09","modified_gmt":"2026-03-31T07:39:09","slug":"kappe-2","status":"publish","type":"product","link":"https:\/\/shop.kustom.ch\/fr\/produit\/kappe-2\/","title":{"rendered":"Capuchon"},"content":{"rendered":"<p>Casquette styl\u00e9e avec visi\u00e8re courb\u00e9e en laine et acrylique. R\u00e9glage par velcro \u00e0 l'arri\u00e8re.<\/p>\n<p>DETAILS : Logo Bl\u00e5kl\u00e4der tiss\u00e9 \u00e0 l'arri\u00e8re. Fermeture r\u00e9glable en velcro. CARACTERISTIQUES PRINCIPALES : Unisexe. DIMENSIONS : mesures 56-60 cm. INSTRUCTIONS DE LAVAGE : Ne pas nettoyer \u00e0 sec.<\/p>\n<p>95% polyester, 5% laine, serg\u00e9 2\/1, 240 g\/m<\/p>","protected":false},"excerpt":{"rendered":"<p>Stylische Kappe mit gebogenem Schirm aus Wolle und Acryl. Klettverschluss-Regulierung hinten. DETAILS: Gewebtes Bl\u00e5kl\u00e4der Logo hinten. Verstellbarer Klettverschluss. HAUPTEIGENSCHAFTEN: Unisex. MASSANGABE: Masse 56-60 cm. WASCHANLEITUNG: Nicht chemisch reinigen 95% Polyester, 5% Wolle, Twill 2\/1, 240 g\/m\u00b2<\/p>","protected":false},"featured_media":583776,"template":"","meta":[],"product_brand":[],"product_cat":[9643,4209],"product_tag":[],"class_list":{"0":"post-583694","1":"product","2":"type-product","3":"status-publish","4":"has-post-thumbnail","6":"product_cat-equipment","7":"product_cat-zubehoer","8":"pa_brand-blaklaeder","9":"pa_brand-type-workwear","10":"pa_filter-color-grau","12":"first","13":"instock","14":"sale","15":"taxable","16":"shipping-taxable","17":"purchasable","18":"product-type-variable","19":"add-to-wishlist-before_image"},"exclude_global_add_ons":[],"addons":[],"acf":[],"_links":{"self":[{"href":"https:\/\/shop.kustom.ch\/fr\/wp-json\/wp\/v2\/product\/583694"}],"collection":[{"href":"https:\/\/shop.kustom.ch\/fr\/wp-json\/wp\/v2\/product"}],"about":[{"href":"https:\/\/shop.kustom.ch\/fr\/wp-json\/wp\/v2\/types\/product"}],"wp:featuredmedia":[{"embeddable":true,"href":"https:\/\/shop.kustom.ch\/fr\/wp-json\/wp\/v2\/media\/583776"}],"wp:attachment":[{"href":"https:\/\/shop.kustom.ch\/fr\/wp-json\/wp\/v2\/media?parent=583694"}],"wp:term":[{"taxonomy":"product_brand","embeddable":true,"href":"https:\/\/shop.kustom.ch\/fr\/wp-json\/wp\/v2\/product_brand?post=583694"},{"taxonomy":"product_cat","embeddable":true,"href":"https:\/\/shop.kustom.ch\/fr\/wp-json\/wp\/v2\/product_cat?post=583694"},{"taxonomy":"product_tag","embeddable":true,"href":"https:\/\/shop.kustom.ch\/fr\/wp-json\/wp\/v2\/product_tag?post=583694"}],"curies":[{"name":"wp","href":"https:\/\/api.w.org\/{rel}","templated":true}]}}