{"id":583692,"date":"2025-03-04T09:54:56","date_gmt":"2025-03-04T08:54:56","guid":{"rendered":"https:\/\/shop.kustom.ch\/?post_type=product&#038;p=583692"},"modified":"2026-03-31T08:39:07","modified_gmt":"2026-03-31T07:39:07","slug":"baseball-kappe","status":"publish","type":"product","link":"https:\/\/shop.kustom.ch\/fr\/produit\/baseball-kappe\/","title":{"rendered":"Casquette de baseball"},"content":{"rendered":"<p>Logo Bl\u00e5kl\u00e4der \u00e0 l'arri\u00e8re du velcro.<\/p>\n<p>DETAILS : fermeture velcro r\u00e9glable. Broderie Bl\u00e5kl\u00e4der \u00e0 l'arri\u00e8re. CARACTERISTIQUES PRINCIPALES : unisexe. TISSU : bleu. Profil. INSTRUCTIONS DE LAVAGE : Ne pas blanchir.<\/p>","protected":false},"excerpt":{"rendered":"<p>Bl\u00e5kl\u00e4der-Logo auf der R\u00fcckseite des Klettverschlusses. DETAILS: Verstellbarer Klettverschluss. Bl\u00e5kl\u00e4der-Stick hinten. HAUPTEIGENSCHAFTEN: Unisex. STOFF: blau. Profil. WASCHANLEITUNG: Nicht bleichen<\/p>","protected":false},"featured_media":583774,"template":"","meta":[],"product_brand":[],"product_cat":[9643,4209],"product_tag":[],"class_list":{"0":"post-583692","1":"product","2":"type-product","3":"status-publish","4":"has-post-thumbnail","6":"product_cat-equipment","7":"product_cat-zubehoer","8":"pa_brand-blaklaeder","9":"pa_brand-type-workwear","10":"pa_filter-color-blau","12":"first","13":"instock","14":"sale","15":"taxable","16":"shipping-taxable","17":"purchasable","18":"product-type-variable","19":"add-to-wishlist-before_image"},"exclude_global_add_ons":[],"addons":[],"acf":[],"_links":{"self":[{"href":"https:\/\/shop.kustom.ch\/fr\/wp-json\/wp\/v2\/product\/583692"}],"collection":[{"href":"https:\/\/shop.kustom.ch\/fr\/wp-json\/wp\/v2\/product"}],"about":[{"href":"https:\/\/shop.kustom.ch\/fr\/wp-json\/wp\/v2\/types\/product"}],"wp:featuredmedia":[{"embeddable":true,"href":"https:\/\/shop.kustom.ch\/fr\/wp-json\/wp\/v2\/media\/583774"}],"wp:attachment":[{"href":"https:\/\/shop.kustom.ch\/fr\/wp-json\/wp\/v2\/media?parent=583692"}],"wp:term":[{"taxonomy":"product_brand","embeddable":true,"href":"https:\/\/shop.kustom.ch\/fr\/wp-json\/wp\/v2\/product_brand?post=583692"},{"taxonomy":"product_cat","embeddable":true,"href":"https:\/\/shop.kustom.ch\/fr\/wp-json\/wp\/v2\/product_cat?post=583692"},{"taxonomy":"product_tag","embeddable":true,"href":"https:\/\/shop.kustom.ch\/fr\/wp-json\/wp\/v2\/product_tag?post=583692"}],"curies":[{"name":"wp","href":"https:\/\/api.w.org\/{rel}","templated":true}]}}