{"id":583691,"date":"2025-03-04T09:54:56","date_gmt":"2025-03-04T08:54:56","guid":{"rendered":"https:\/\/shop.kustom.ch\/?post_type=product&#038;p=583691"},"modified":"2025-03-04T09:59:26","modified_gmt":"2025-03-04T08:59:26","slug":"flammschutz-sturmmuetze","status":"publish","type":"product","link":"https:\/\/shop.kustom.ch\/fr\/produit\/flammschutz-sturmmuetze\/","title":{"rendered":"Casquette temp\u00eate ignifug\u00e9e"},"content":{"rendered":"<p>Cagoule d'assaut offrant une protection durable contre la chaleur, les flammes et les arcs \u00e9lectriques gr\u00e2ce \u00e0 son mat\u00e9riau confortable et ignifuge. Prot\u00e8ge le cou et la nuque du vent et des courants d'air. Le mat\u00e9riau stretch souple offre un grand confort de travail dans un environnement difficile. Certifi\u00e9 selon les normes EN 1149-5, EN ISO 11612, IEC 61482-2. EBT 4,4 cal\/cm\u00b2.<\/p>\n<p>D\u00c9TAILS : Peut \u00eatre port\u00e9 sous le casque. FONCTIONNALIT\u00c9 : Taille unique. CARACTERISTIQUES PRINCIPALES : Unisexe. EN ISO 11612. TISSU : noir. Protection contre les flammes. CONDITION DE LAVAGE : S\u00e8che-linge - bas. CERTIFICATION : EBT 4,4 cal\/cm\u00b2, HAF : 69,1%. EN 1149-5. ISO 11612 A1, B1, C1. IEC 61482-2, classe 1<\/p>\n<p>59% modacrylique, 39% coton, 2% antistatique, tricot c\u00f4tel\u00e9, ignifug\u00e9, antistatique, 220g\/m<\/p>","protected":false},"excerpt":{"rendered":"<p>Sturmhaube, die dank ihres bequemen, flammfesten Materials einen dauerhaften Schutz gegen Hitze, Flammen und Lichtbogen bietet. Sch\u00fctzt Hals und Nacken vor Wind und Zugluft. Weiches Stretch Material bietet hohen Arbeitskomfort in harter Umgebung. Zertifiziert nach EN 1149-5, EN ISO 11612, IEC 61482-2. EBT 4,4 cal\/cm\u00b2. DETAILS: Kann unter dem Helm getragen werden. FUNKTIONALIT\u00c4T: One size. [&hellip;]<\/p>\n","protected":false},"featured_media":583773,"template":"","meta":[],"product_brand":[],"product_cat":[9643,4209],"product_tag":[],"class_list":{"0":"post-583691","1":"product","2":"type-product","3":"status-publish","4":"has-post-thumbnail","6":"product_cat-equipment","7":"product_cat-zubehoer","8":"pa_brand-blaklaeder","9":"pa_brand-type-workwear","10":"pa_filter-color-schwarz","12":"first","13":"instock","14":"sale","15":"taxable","16":"shipping-taxable","17":"purchasable","18":"product-type-variable","19":"add-to-wishlist-before_image"},"exclude_global_add_ons":[],"addons":[],"acf":[],"_links":{"self":[{"href":"https:\/\/shop.kustom.ch\/fr\/wp-json\/wp\/v2\/product\/583691"}],"collection":[{"href":"https:\/\/shop.kustom.ch\/fr\/wp-json\/wp\/v2\/product"}],"about":[{"href":"https:\/\/shop.kustom.ch\/fr\/wp-json\/wp\/v2\/types\/product"}],"wp:featuredmedia":[{"embeddable":true,"href":"https:\/\/shop.kustom.ch\/fr\/wp-json\/wp\/v2\/media\/583773"}],"wp:attachment":[{"href":"https:\/\/shop.kustom.ch\/fr\/wp-json\/wp\/v2\/media?parent=583691"}],"wp:term":[{"taxonomy":"product_brand","embeddable":true,"href":"https:\/\/shop.kustom.ch\/fr\/wp-json\/wp\/v2\/product_brand?post=583691"},{"taxonomy":"product_cat","embeddable":true,"href":"https:\/\/shop.kustom.ch\/fr\/wp-json\/wp\/v2\/product_cat?post=583691"},{"taxonomy":"product_tag","embeddable":true,"href":"https:\/\/shop.kustom.ch\/fr\/wp-json\/wp\/v2\/product_tag?post=583691"}],"curies":[{"name":"wp","href":"https:\/\/api.w.org\/{rel}","templated":true}]}}