{"id":583690,"date":"2025-03-04T09:54:56","date_gmt":"2025-03-04T08:54:56","guid":{"rendered":"https:\/\/shop.kustom.ch\/?post_type=product&#038;p=583690"},"modified":"2025-05-09T11:25:34","modified_gmt":"2025-05-09T10:25:34","slug":"neckwarmer-merino","status":"publish","type":"product","link":"https:\/\/shop.kustom.ch\/fr\/produit\/neckwarmer-merino\/","title":{"rendered":"Prot\u00e8ge-cou M\u00e9rinos"},"content":{"rendered":"<p>Neckwarmer styl\u00e9 et doux en laine m\u00e9rinos ultrafine. Le tissu respire et tient chaud gr\u00e2ce aux propri\u00e9t\u00e9s uniques de la laine. Parfait pour les froides journ\u00e9es d'hiver, car il peut \u00eatre port\u00e9 comme une \u00e9charpe ou un bandana pour prot\u00e9ger la t\u00eate et le visage.<\/p>\n<p>FONCTIONNALIT\u00c9 : peut \u00eatre port\u00e9 comme bonnet, foulard ou bandeau. CARACT\u00c9RISTIQUES PRINCIPALES : Unisexe. TISSU : gris. Vent \/ humidit\u00e9 \/ froid. INSTRUCTIONS DE LAVAGE : utiliser une lessive pour laine. Ne pas nettoyer \u00e0 sec<\/p>\n<p>100% Laine m\u00e9rinos, jersey simple, 160 g\/m<\/p>","protected":false},"excerpt":{"rendered":"<p>Stylischer und weicher Neckwarmer aus feinster Merinowolle. Der Stoff atmet und h\u00e4lt mit den einzigartigen Eigenschaften der Wolle warm. Perfekt f\u00fcr kalte Wintertage, da es als Schal oder Bandana zum Schutz f\u00fcr Kopf und Gesicht getragen werden kann. FUNKTIONALIT\u00c4T: Kann als M\u00fctze, Halstuch oder Stirnband getragen werden. HAUPTEIGENSCHAFTEN: Unisex. STOFF: grau. Wind \/ N\u00e4sse \/ [&hellip;]<\/p>\n","protected":false},"featured_media":583767,"template":"","meta":[],"product_brand":[],"product_cat":[9643,4209],"product_tag":[],"class_list":{"0":"post-583690","1":"product","2":"type-product","3":"status-publish","4":"has-post-thumbnail","6":"product_cat-equipment","7":"product_cat-zubehoer","8":"pa_brand-blaklaeder","9":"pa_brand-type-workwear","10":"pa_filter-color-gelb","11":"pa_filter-color-grau","13":"first","14":"instock","15":"sale","16":"taxable","17":"shipping-taxable","18":"purchasable","19":"product-type-variable","20":"add-to-wishlist-before_image"},"exclude_global_add_ons":[],"addons":[],"acf":[],"_links":{"self":[{"href":"https:\/\/shop.kustom.ch\/fr\/wp-json\/wp\/v2\/product\/583690"}],"collection":[{"href":"https:\/\/shop.kustom.ch\/fr\/wp-json\/wp\/v2\/product"}],"about":[{"href":"https:\/\/shop.kustom.ch\/fr\/wp-json\/wp\/v2\/types\/product"}],"wp:featuredmedia":[{"embeddable":true,"href":"https:\/\/shop.kustom.ch\/fr\/wp-json\/wp\/v2\/media\/583767"}],"wp:attachment":[{"href":"https:\/\/shop.kustom.ch\/fr\/wp-json\/wp\/v2\/media?parent=583690"}],"wp:term":[{"taxonomy":"product_brand","embeddable":true,"href":"https:\/\/shop.kustom.ch\/fr\/wp-json\/wp\/v2\/product_brand?post=583690"},{"taxonomy":"product_cat","embeddable":true,"href":"https:\/\/shop.kustom.ch\/fr\/wp-json\/wp\/v2\/product_cat?post=583690"},{"taxonomy":"product_tag","embeddable":true,"href":"https:\/\/shop.kustom.ch\/fr\/wp-json\/wp\/v2\/product_tag?post=583690"}],"curies":[{"name":"wp","href":"https:\/\/api.w.org\/{rel}","templated":true}]}}