{"id":583688,"date":"2025-03-04T09:54:56","date_gmt":"2025-03-04T08:54:56","guid":{"rendered":"https:\/\/shop.kustom.ch\/?post_type=product&#038;p=583688"},"modified":"2026-03-31T08:39:04","modified_gmt":"2026-03-31T07:39:04","slug":"merino-beanie-2","status":"publish","type":"product","link":"https:\/\/shop.kustom.ch\/fr\/produit\/merino-beanie-2\/","title":{"rendered":"Bonnet en m\u00e9rinos"},"content":{"rendered":"<p>Un bonnet styl\u00e9 en fine laine m\u00e9rinos qui respire et qui est doux et confortable au toucher. Il peut parfaitement \u00eatre port\u00e9 seul ou comme couche suppl\u00e9mentaire sous le casque.<\/p>\n<p>DETAILS : Logo Bl\u00e5kl\u00e4der tiss\u00e9 \u00e0 l'arri\u00e8re. Peut \u00eatre port\u00e9 sous le casque. CARACTERISTIQUES PRINCIPALES : Unisexe. TISSU : noir. Vent \/ humidit\u00e9 \/ froid. INSTRUCTIONS DE LAVAGE : utiliser une lessive pour laine. Ne pas blanchir.<\/p>\n<p>100% Laine m\u00e9rinos, jersey simple, 160 g\/m<\/p>","protected":false},"excerpt":{"rendered":"<p>Eine stylische M\u00fctze aus d\u00fcnner Merino Wolle, die atmet und sich weich und komfortabel anf\u00fchlt. Kann perfekt alleine oder als extra Lage unter dem Helm getragen werden. DETAILS: Gewebtes Bl\u00e5kl\u00e4der Logo hinten. Kann unter dem Helm getragen werden. HAUPTEIGENSCHAFTEN: Unisex. STOFF: schwarz. Wind \/ N\u00e4sse \/ K\u00e4lte. WASCHANLEITUNG: Wollwaschmittel nutzen. Nicht bleichen 100% Merinowolle, Single [&hellip;]<\/p>\n","protected":false},"featured_media":583765,"template":"","meta":[],"product_brand":[],"product_cat":[9643,4209],"product_tag":[],"class_list":{"0":"post-583688","1":"product","2":"type-product","3":"status-publish","4":"has-post-thumbnail","6":"product_cat-equipment","7":"product_cat-zubehoer","8":"pa_brand-blaklaeder","9":"pa_brand-type-workwear","10":"pa_filter-color-grau","11":"pa_filter-color-schwarz","13":"first","14":"instock","15":"sale","16":"taxable","17":"shipping-taxable","18":"purchasable","19":"product-type-variable","20":"add-to-wishlist-before_image"},"exclude_global_add_ons":[],"addons":[],"acf":[],"_links":{"self":[{"href":"https:\/\/shop.kustom.ch\/fr\/wp-json\/wp\/v2\/product\/583688"}],"collection":[{"href":"https:\/\/shop.kustom.ch\/fr\/wp-json\/wp\/v2\/product"}],"about":[{"href":"https:\/\/shop.kustom.ch\/fr\/wp-json\/wp\/v2\/types\/product"}],"wp:featuredmedia":[{"embeddable":true,"href":"https:\/\/shop.kustom.ch\/fr\/wp-json\/wp\/v2\/media\/583765"}],"wp:attachment":[{"href":"https:\/\/shop.kustom.ch\/fr\/wp-json\/wp\/v2\/media?parent=583688"}],"wp:term":[{"taxonomy":"product_brand","embeddable":true,"href":"https:\/\/shop.kustom.ch\/fr\/wp-json\/wp\/v2\/product_brand?post=583688"},{"taxonomy":"product_cat","embeddable":true,"href":"https:\/\/shop.kustom.ch\/fr\/wp-json\/wp\/v2\/product_cat?post=583688"},{"taxonomy":"product_tag","embeddable":true,"href":"https:\/\/shop.kustom.ch\/fr\/wp-json\/wp\/v2\/product_tag?post=583688"}],"curies":[{"name":"wp","href":"https:\/\/api.w.org\/{rel}","templated":true}]}}