{"id":583672,"date":"2025-03-04T09:54:52","date_gmt":"2025-03-04T08:54:52","guid":{"rendered":"https:\/\/shop.kustom.ch\/?post_type=product&#038;p=583672"},"modified":"2026-03-31T08:39:02","modified_gmt":"2026-03-31T07:39:02","slug":"sturmhaube","status":"publish","type":"product","link":"https:\/\/shop.kustom.ch\/fr\/produit\/sturmhaube\/","title":{"rendered":"Cagoule d'assaut"},"content":{"rendered":"<p>Bonnet de temp\u00eate en laine m\u00e9rinos pour prot\u00e9ger le cou et la nuque du vent et des courants d'air. Mati\u00e8re stretch douce.<\/p>\n<p>FONCTIONNALIT\u00c9 : Peut \u00eatre port\u00e9 sous le casque. CARACT\u00c9RISTIQUES PRINCIPALES : Unisexe. TISSU : noir. Vent \/ humidit\u00e9 \/ froid. INSTRUCTIONS DE LAVAGE : ne pas nettoyer \u00e0 sec. ACCESSOIRES : Col haut<\/p>\n<p>100% Laine m\u00e9rinos, tricot c\u00f4tel\u00e9, 200 g\/m<\/p>","protected":false},"excerpt":{"rendered":"<p>Sturmhaube aus Merinowolle zum Schutz von Hals und Nacken vor Wind und Zugluft. Weiches Stretch-Material. FUNKTIONALIT\u00c4T: Kann unter dem Helm getragen werden. HAUPTEIGENSCHAFTEN: Unisex. STOFF: schwarz. Wind \/ N\u00e4sse \/ K\u00e4lte. WASCHANLEITUNG: Nicht chemisch reinigen. ZUBEH\u00d6R: Hoher Kragen 100% Merinowolle, Rippstrick, 200 g\/m\u00b2<\/p>","protected":false},"featured_media":583744,"template":"","meta":[],"product_brand":[],"product_cat":[9643,4209],"product_tag":[],"class_list":{"0":"post-583672","1":"product","2":"type-product","3":"status-publish","4":"has-post-thumbnail","6":"product_cat-equipment","7":"product_cat-zubehoer","8":"pa_brand-blaklaeder","9":"pa_brand-type-workwear","10":"pa_filter-color-schwarz","12":"first","13":"instock","14":"sale","15":"taxable","16":"shipping-taxable","17":"purchasable","18":"product-type-variable","19":"add-to-wishlist-before_image"},"exclude_global_add_ons":[],"addons":[],"acf":[],"_links":{"self":[{"href":"https:\/\/shop.kustom.ch\/fr\/wp-json\/wp\/v2\/product\/583672"}],"collection":[{"href":"https:\/\/shop.kustom.ch\/fr\/wp-json\/wp\/v2\/product"}],"about":[{"href":"https:\/\/shop.kustom.ch\/fr\/wp-json\/wp\/v2\/types\/product"}],"wp:featuredmedia":[{"embeddable":true,"href":"https:\/\/shop.kustom.ch\/fr\/wp-json\/wp\/v2\/media\/583744"}],"wp:attachment":[{"href":"https:\/\/shop.kustom.ch\/fr\/wp-json\/wp\/v2\/media?parent=583672"}],"wp:term":[{"taxonomy":"product_brand","embeddable":true,"href":"https:\/\/shop.kustom.ch\/fr\/wp-json\/wp\/v2\/product_brand?post=583672"},{"taxonomy":"product_cat","embeddable":true,"href":"https:\/\/shop.kustom.ch\/fr\/wp-json\/wp\/v2\/product_cat?post=583672"},{"taxonomy":"product_tag","embeddable":true,"href":"https:\/\/shop.kustom.ch\/fr\/wp-json\/wp\/v2\/product_tag?post=583672"}],"curies":[{"name":"wp","href":"https:\/\/api.w.org\/{rel}","templated":true}]}}