{"id":583669,"date":"2025-03-04T09:54:52","date_gmt":"2025-03-04T08:54:52","guid":{"rendered":"https:\/\/shop.kustom.ch\/?post_type=product&#038;p=583669"},"modified":"2026-03-31T08:38:59","modified_gmt":"2026-03-31T07:38:59","slug":"windstopper-beanie","status":"publish","type":"product","link":"https:\/\/shop.kustom.ch\/fr\/produit\/windstopper-beanie\/","title":{"rendered":"Bonnet Windstopper"},"content":{"rendered":"<p>Bonnet tricot\u00e9 avec bande coupe-vent sur le front, les oreilles et la nuque. Il est doux et confortable avec un mat\u00e9riau qui \u00e9vacue l'humidit\u00e9 et qui tient chaud et sec par temps froid. S'adapte bien sous les casques.<\/p>\n<p>DETAILS : Logo Bl\u00e5kl\u00e4der tiss\u00e9 \u00e0 l'arri\u00e8re. Peut \u00eatre port\u00e9 sous le casque. FONCTIONNALIT\u00c9 : Coupe-vent avec une bonne respirabilit\u00e9. CARACTERISTIQUES PRINCIPALES : Unisexe. TISSU : noir. coupe-vent. Vent \/ humidit\u00e9 \/ froid. INSTRUCTIONS DE LAVAGE : Ne pas essorer.<\/p>\n<p>100% Polyester, polaire, 380 g\/m2<\/p>","protected":false},"excerpt":{"rendered":"<p>Strickm\u00fctze mit winddichtem Band \u00fcber der Stirn, den Ohren und dem Nacken. Es ist weich und komfortabel mit Feuchtigkeit-transportierendem Material das bei kaltem Wetter warm und trocken h\u00e4lt. Passt gut unter Helme. DETAILS: Gewebtes Bl\u00e5kl\u00e4der Logo hinten. Kann unter dem Helm getragen werden. FUNKTIONALIT\u00c4T: Winddicht mit guter Atmungsaktivit\u00e4t. HAUPTEIGENSCHAFTEN: Unisex. STOFF: schwarz. winddicht. Wind \/ [&hellip;]<\/p>\n","protected":false},"featured_media":583741,"template":"","meta":[],"product_brand":[],"product_cat":[9643,4209],"product_tag":[],"class_list":{"0":"post-583669","1":"product","2":"type-product","3":"status-publish","4":"has-post-thumbnail","6":"product_cat-equipment","7":"product_cat-zubehoer","8":"pa_brand-blaklaeder","9":"pa_brand-type-workwear","10":"pa_filter-color-schwarz","12":"first","13":"instock","14":"sale","15":"taxable","16":"shipping-taxable","17":"purchasable","18":"product-type-variable","19":"add-to-wishlist-before_image"},"exclude_global_add_ons":[],"addons":[],"acf":[],"_links":{"self":[{"href":"https:\/\/shop.kustom.ch\/fr\/wp-json\/wp\/v2\/product\/583669"}],"collection":[{"href":"https:\/\/shop.kustom.ch\/fr\/wp-json\/wp\/v2\/product"}],"about":[{"href":"https:\/\/shop.kustom.ch\/fr\/wp-json\/wp\/v2\/types\/product"}],"wp:featuredmedia":[{"embeddable":true,"href":"https:\/\/shop.kustom.ch\/fr\/wp-json\/wp\/v2\/media\/583741"}],"wp:attachment":[{"href":"https:\/\/shop.kustom.ch\/fr\/wp-json\/wp\/v2\/media?parent=583669"}],"wp:term":[{"taxonomy":"product_brand","embeddable":true,"href":"https:\/\/shop.kustom.ch\/fr\/wp-json\/wp\/v2\/product_brand?post=583669"},{"taxonomy":"product_cat","embeddable":true,"href":"https:\/\/shop.kustom.ch\/fr\/wp-json\/wp\/v2\/product_cat?post=583669"},{"taxonomy":"product_tag","embeddable":true,"href":"https:\/\/shop.kustom.ch\/fr\/wp-json\/wp\/v2\/product_tag?post=583669"}],"curies":[{"name":"wp","href":"https:\/\/api.w.org\/{rel}","templated":true}]}}